{"id":27817,"date":"2023-09-04T11:17:20","date_gmt":"2023-09-04T11:17:20","guid":{"rendered":"https:\/\/www.tornum.com\/product\/round-ducts\/"},"modified":"2025-07-30T13:24:59","modified_gmt":"2025-07-30T13:24:59","slug":"tuberias","status":"publish","type":"product","link":"https:\/\/www.tornum.com\/es\/producto\/tuberias\/","title":{"rendered":"TUBER\u00cdAS"},"content":{"rendered":"<div class=\"content o-stack-sm c-text\">\n<p>Los sistemas de tuber\u00edas modulares con bordes de brida precisos se utilizan especialmente para el transporte de granos y m\u00faltiples productos a granel. Las tuber\u00edas soldadas longitudinalmente con soldadura de l\u00e1mina le ofrecen alta precisi\u00f3n dimensional y protecci\u00f3n contra la corrosi\u00f3n. El sistema modular permite que las partes de la tuber\u00eda se puedan intercambiar, as\u00ed como que un sistema de tuber\u00edas ya existente se pueda ampliar si fuera necesario. Las partes de la tuber\u00eda con di\u00e1metros que van desde 100 hasta 400 mm est\u00e1n disponibles r\u00e1pidamente en stock. Gracias a la maquinaria de alta tecnolog\u00eda, una entrega adicional se puede realizar en un corto plazo de tiempo.<\/p>\n<p>La gama de tuber\u00edas tambi\u00e9n est\u00e1 disponible con protecci\u00f3n contra la abrasi\u00f3n en casos m\u00e1s dif\u00edciles. Estas tuber\u00edas est\u00e1n equipadas con un revestimiento de pl\u00e1stico resistente a la abrasi\u00f3n. Como resultado, la vida \u00fatil puede aumentar hasta 10 veces. Adem\u00e1s, el revestimiento se puede intercambiar en unos sencillos pasos.<\/p>\n<\/div>\n","protected":false},"excerpt":{"rendered":"<p>Nuestros sistemas modulares de tuber\u00edas redondas est\u00e1n disponibles en diferentes tama\u00f1os nominales, grosores, di\u00e1metros, galvanizados o pintados, con o sin protecci\u00f3n interna de alta densidad APS, adecuados para cualquier necesidad de aplicaci\u00f3n agr\u00edcola, ya sea en agricultura, uso industrial o comercial.<\/p>\n","protected":false},"featured_media":26944,"comment_status":"open","ping_status":"closed","template":"","meta":{"_acf_changed":false},"product_brand":[],"product_cat":[747,762,754,755,763,825],"product_tag":[826,798],"class_list":{"0":"post-27817","1":"product","2":"type-product","3":"status-publish","4":"has-post-thumbnail","6":"product_cat-all-products-es","7":"product_cat-feed-es","8":"product_cat-food-2-es","9":"product_cat-grain-es","10":"product_cat-material-handling-es","11":"product_cat-pipe-system-es","12":"product_tag-pipes-es","13":"product_tag-radial-fan-es","15":"first","16":"instock","17":"shipping-taxable","18":"product-type-simple"},"acf":[],"_links":{"self":[{"href":"https:\/\/www.tornum.com\/es\/wp-json\/wp\/v2\/product\/27817","targetHints":{"allow":["GET"]}}],"collection":[{"href":"https:\/\/www.tornum.com\/es\/wp-json\/wp\/v2\/product"}],"about":[{"href":"https:\/\/www.tornum.com\/es\/wp-json\/wp\/v2\/types\/product"}],"replies":[{"embeddable":true,"href":"https:\/\/www.tornum.com\/es\/wp-json\/wp\/v2\/comments?post=27817"}],"version-history":[{"count":2,"href":"https:\/\/www.tornum.com\/es\/wp-json\/wp\/v2\/product\/27817\/revisions"}],"predecessor-version":[{"id":27827,"href":"https:\/\/www.tornum.com\/es\/wp-json\/wp\/v2\/product\/27817\/revisions\/27827"}],"wp:featuredmedia":[{"embeddable":true,"href":"https:\/\/www.tornum.com\/es\/wp-json\/wp\/v2\/media\/26944"}],"wp:attachment":[{"href":"https:\/\/www.tornum.com\/es\/wp-json\/wp\/v2\/media?parent=27817"}],"wp:term":[{"taxonomy":"product_brand","embeddable":true,"href":"https:\/\/www.tornum.com\/es\/wp-json\/wp\/v2\/product_brand?post=27817"},{"taxonomy":"product_cat","embeddable":true,"href":"https:\/\/www.tornum.com\/es\/wp-json\/wp\/v2\/product_cat?post=27817"},{"taxonomy":"product_tag","embeddable":true,"href":"https:\/\/www.tornum.com\/es\/wp-json\/wp\/v2\/product_tag?post=27817"}],"curies":[{"name":"wp","href":"https:\/\/api.w.org\/{rel}","templated":true}]}}