{"id":27818,"date":"2023-05-14T20:19:26","date_gmt":"2023-05-14T20:19:26","guid":{"rendered":"https:\/\/www.tornum.com\/product\/screw-auger\/"},"modified":"2025-07-31T05:33:42","modified_gmt":"2025-07-31T05:33:42","slug":"tornillo-sin-fin","status":"publish","type":"product","link":"https:\/\/www.tornum.com\/es\/producto\/tornillo-sin-fin\/","title":{"rendered":"TORNILLO SIN FIN"},"content":{"rendered":"<p>El tornillo sinf\u00edn de TORNUM es adecuado para el transporte de materiales granulares y en polvo, como granos, alimentos, gr\u00e1nulos y pellets de madera. Puede ser utilizado en diferentes \u00e1ngulos de inclinaci\u00f3n para el transporte de horizontal a vertical. Cada tornillo sinf\u00edn puede ser adaptado seg\u00fan el material y la capacidad requerida.<\/p>\n<p>El principio de nuestro transportador de tornillo es un tornillo helicoidal con un eje central, que trabaja dentro de un tubo de acero. El sistema de tuber\u00edas consiste en una combinaci\u00f3n de longitudes est\u00e1ndar fijas que se ensamblan para formar un transportador completo de la longitud deseada.<\/p>\n<p>Hay dos tipos principales de unidades de accionamiento: El denominado accionamiento directo, donde el motor est\u00e1 conectado directamente al tornillo con solo un acoplamiento en medio, o la transmisi\u00f3n abierta con accionamiento por cadena o correa en V.<\/p>\n<p>La espiral consiste en una h\u00e9lice de acero con un n\u00facleo de acero tubular. La espiral est\u00e1 disponible con diferentes di\u00e1metros para cada grupo principal. El paso y el di\u00e1metro de la espiral deben seleccionarse para adaptarse al tipo de material y la capacidad requerida. El tubo exterior est\u00e1 hecho de acero galvanizado. La espiral y el tubo exterior se combinan para formar una llamada extensi\u00f3n.<\/p>\n","protected":false},"excerpt":{"rendered":"<p>El tornillo sinf\u00edn de TORNUM es adecuado para el transporte de materiales granulares y en polvo, como granos, alimentos, gr\u00e1nulos y pellets de madera. Puede ser utilizado en diferentes \u00e1ngulos de inclinaci\u00f3n para el transporte de horizontal a vertical. Cada tornillo sinf\u00edn puede ser adaptado seg\u00fan el material y la capacidad requerida.<\/p>\n","protected":false},"featured_media":26603,"comment_status":"open","ping_status":"closed","template":"","meta":{"_acf_changed":false},"product_brand":[],"product_cat":[747,762,754,755,763,801],"product_tag":[795,781],"class_list":{"0":"post-27818","1":"product","2":"type-product","3":"status-publish","4":"has-post-thumbnail","6":"product_cat-all-products-es","7":"product_cat-feed-es","8":"product_cat-food-2-es","9":"product_cat-grain-es","10":"product_cat-material-handling-es","11":"product_cat-screw-auger-es","12":"product_tag-storage-es","13":"product_tag-transport-es","14":"description-off","16":"first","17":"instock","18":"shipping-taxable","19":"product-type-simple"},"acf":[],"_links":{"self":[{"href":"https:\/\/www.tornum.com\/es\/wp-json\/wp\/v2\/product\/27818","targetHints":{"allow":["GET"]}}],"collection":[{"href":"https:\/\/www.tornum.com\/es\/wp-json\/wp\/v2\/product"}],"about":[{"href":"https:\/\/www.tornum.com\/es\/wp-json\/wp\/v2\/types\/product"}],"replies":[{"embeddable":true,"href":"https:\/\/www.tornum.com\/es\/wp-json\/wp\/v2\/comments?post=27818"}],"version-history":[{"count":2,"href":"https:\/\/www.tornum.com\/es\/wp-json\/wp\/v2\/product\/27818\/revisions"}],"predecessor-version":[{"id":27829,"href":"https:\/\/www.tornum.com\/es\/wp-json\/wp\/v2\/product\/27818\/revisions\/27829"}],"wp:featuredmedia":[{"embeddable":true,"href":"https:\/\/www.tornum.com\/es\/wp-json\/wp\/v2\/media\/26603"}],"wp:attachment":[{"href":"https:\/\/www.tornum.com\/es\/wp-json\/wp\/v2\/media?parent=27818"}],"wp:term":[{"taxonomy":"product_brand","embeddable":true,"href":"https:\/\/www.tornum.com\/es\/wp-json\/wp\/v2\/product_brand?post=27818"},{"taxonomy":"product_cat","embeddable":true,"href":"https:\/\/www.tornum.com\/es\/wp-json\/wp\/v2\/product_cat?post=27818"},{"taxonomy":"product_tag","embeddable":true,"href":"https:\/\/www.tornum.com\/es\/wp-json\/wp\/v2\/product_tag?post=27818"}],"curies":[{"name":"wp","href":"https:\/\/api.w.org\/{rel}","templated":true}]}}