{"id":27819,"date":"2023-05-14T20:04:48","date_gmt":"2023-05-14T20:04:48","guid":{"rendered":"https:\/\/www.tornum.com\/product\/spirogyre-sweep-auger\/"},"modified":"2025-07-31T05:47:10","modified_gmt":"2025-07-31T05:47:10","slug":"barredora-spirogyre","status":"publish","type":"product","link":"https:\/\/www.tornum.com\/es\/producto\/barredora-spirogyre\/","title":{"rendered":"BARREDORA SPIROGYRE"},"content":{"rendered":"<p><strong>BARREDORA SPIROGYRE DE MORILLON<\/strong><\/p>\n<p>El \u00abSpirogyre\u00bb de Tornum de Morillon es una robusta barredora que cumple con los requisitos del uso industrial. Est\u00e1n disponibles para silos con di\u00e1metros de 5 a 35 metros.<\/p>\n<p>El Spirogyre est\u00e1 disponible en dos modelos: el tipo S con un motor de engranaje sinf\u00edn en la parte superior, y el tipo SCD con un motor debajo para una operaci\u00f3n m\u00e1s segura y un f\u00e1cil acceso para el servicio.<\/p>\n<p>El movimiento hacia adelante en el silo se logra a trav\u00e9s de una transmisi\u00f3n con una rueda segmentada de goma para una operaci\u00f3n segura. Las barredoras Spirogyre vienen en cinco tama\u00f1os con una capacidad de 25 a 300 toneladas por hora.<\/p>\n","protected":false},"excerpt":{"rendered":"<p>El \u00abSpirogyre\u00bb de Tornum de Morillon es una robusta barredora que cumple con los requisitos del uso industrial. Est\u00e1n disponibles para silos con di\u00e1metros de 5 a 35 metros.<\/p>\n","protected":false},"featured_media":26923,"comment_status":"open","ping_status":"closed","template":"","meta":{"_acf_changed":false},"product_brand":[],"product_cat":[747,755,763,800,801,829],"product_tag":[795,781],"class_list":{"0":"post-27819","1":"product","2":"type-product","3":"status-publish","4":"has-post-thumbnail","6":"product_cat-all-products-es","7":"product_cat-grain-es","8":"product_cat-material-handling-es","9":"product_cat-silo-discharge-es","10":"product_cat-screw-auger-es","11":"product_cat-sweep-conveyor-es","12":"product_tag-storage-es","13":"product_tag-transport-es","14":"description-off","16":"first","17":"instock","18":"shipping-taxable","19":"product-type-simple"},"acf":[],"_links":{"self":[{"href":"https:\/\/www.tornum.com\/es\/wp-json\/wp\/v2\/product\/27819","targetHints":{"allow":["GET"]}}],"collection":[{"href":"https:\/\/www.tornum.com\/es\/wp-json\/wp\/v2\/product"}],"about":[{"href":"https:\/\/www.tornum.com\/es\/wp-json\/wp\/v2\/types\/product"}],"replies":[{"embeddable":true,"href":"https:\/\/www.tornum.com\/es\/wp-json\/wp\/v2\/comments?post=27819"}],"version-history":[{"count":2,"href":"https:\/\/www.tornum.com\/es\/wp-json\/wp\/v2\/product\/27819\/revisions"}],"predecessor-version":[{"id":27833,"href":"https:\/\/www.tornum.com\/es\/wp-json\/wp\/v2\/product\/27819\/revisions\/27833"}],"wp:featuredmedia":[{"embeddable":true,"href":"https:\/\/www.tornum.com\/es\/wp-json\/wp\/v2\/media\/26923"}],"wp:attachment":[{"href":"https:\/\/www.tornum.com\/es\/wp-json\/wp\/v2\/media?parent=27819"}],"wp:term":[{"taxonomy":"product_brand","embeddable":true,"href":"https:\/\/www.tornum.com\/es\/wp-json\/wp\/v2\/product_brand?post=27819"},{"taxonomy":"product_cat","embeddable":true,"href":"https:\/\/www.tornum.com\/es\/wp-json\/wp\/v2\/product_cat?post=27819"},{"taxonomy":"product_tag","embeddable":true,"href":"https:\/\/www.tornum.com\/es\/wp-json\/wp\/v2\/product_tag?post=27819"}],"curies":[{"name":"wp","href":"https:\/\/api.w.org\/{rel}","templated":true}]}}