{"id":27820,"date":"2023-05-04T11:19:47","date_gmt":"2023-05-04T11:19:47","guid":{"rendered":"https:\/\/www.tornum.com\/product\/self-discharging-bin-st\/"},"modified":"2025-07-14T07:29:41","modified_gmt":"2025-07-14T07:29:41","slug":"contenedor-de-autodescarga-st","status":"publish","type":"product","link":"https:\/\/www.tornum.com\/es\/producto\/contenedor-de-autodescarga-st\/","title":{"rendered":"CONTENEDOR DE AUTODESCARGA ST"},"content":{"rendered":"<div class=\"wpb-content-wrapper\"><p>[vc_row][vc_column width=\u00bb2\/3&#8243;][vc_column_text]El contenedor de autodescarga ST de Tornum est\u00e1 especialmente dise\u00f1ado para almacenar granos y est\u00e1 disponible en varios tama\u00f1os diferentes. Puede ser ensamblado a nivel del suelo en secciones que luego se levantan juntas.[\/vc_column_text][\/vc_column][vc_column width=\u00bb1\/3&#8243;][vc_column_text]<strong>CARACTER\u00cdSTICAS<\/strong><\/p>\n<ul>\n<li>Fabricado en acero galvanizado por inmersi\u00f3n en caliente<\/li>\n<li>Cada secci\u00f3n tiene una altura vertical de 505 mm<\/li>\n<li>Puede expandirse agregando secciones al contenedor principal<\/li>\n<li>Superficies interiores lisas que facilitan la limpieza y lo hacen adecuado para granos h\u00famedos<\/li>\n<li>El dise\u00f1o permite varios m\u00e9todos de ensamblaje, lo que ahorra tiempo<\/li>\n<li>Salida de 200 x 200 mm<\/li>\n<li>El contenedor es completamente atornillable y est\u00e1 equipado con patas cuadradas<\/li>\n<\/ul>\n<p><strong>OPCIONES<\/strong><\/p>\n<ul>\n<li>Escotilla de inspecci\u00f3n con rejilla de seguridad, montada en el suelo<\/li>\n<li>Acondicionamiento lateral<\/li>\n<li>Indicador de nivel<\/li>\n<li>Monitorizaci\u00f3n de temperatura<\/li>\n<li>Conexi\u00f3n de salida<\/li>\n<li>Pared divisoria<\/li>\n<\/ul>\n<p>[\/vc_column_text][\/vc_column][\/vc_row]<\/p>\n<\/div>","protected":false},"excerpt":{"rendered":"<p>El contenedor de autodescarga ST de Tornum est\u00e1 especialmente dise\u00f1ado para almacenar granos y est\u00e1 disponible en varios tama\u00f1os diferentes. Puede ser ensamblado a nivel del suelo en secciones que luego son levantadas juntas.<\/p>\n","protected":false},"featured_media":26684,"comment_status":"open","ping_status":"closed","template":"","meta":{"_acf_changed":false},"product_brand":[],"product_cat":[747,754,792,828],"product_tag":[779,795,781],"class_list":{"0":"post-27820","1":"product","2":"type-product","3":"status-publish","4":"has-post-thumbnail","6":"product_cat-all-products-es","7":"product_cat-food-2-es","8":"product_cat-storage-es","9":"product_cat-self-discharging-bin-es","10":"product_tag-bin-es","11":"product_tag-storage-es","12":"product_tag-transport-es","13":"description-off","15":"first","16":"instock","17":"shipping-taxable","18":"product-type-simple"},"acf":[],"_links":{"self":[{"href":"https:\/\/www.tornum.com\/es\/wp-json\/wp\/v2\/product\/27820","targetHints":{"allow":["GET"]}}],"collection":[{"href":"https:\/\/www.tornum.com\/es\/wp-json\/wp\/v2\/product"}],"about":[{"href":"https:\/\/www.tornum.com\/es\/wp-json\/wp\/v2\/types\/product"}],"replies":[{"embeddable":true,"href":"https:\/\/www.tornum.com\/es\/wp-json\/wp\/v2\/comments?post=27820"}],"version-history":[{"count":2,"href":"https:\/\/www.tornum.com\/es\/wp-json\/wp\/v2\/product\/27820\/revisions"}],"predecessor-version":[{"id":27831,"href":"https:\/\/www.tornum.com\/es\/wp-json\/wp\/v2\/product\/27820\/revisions\/27831"}],"wp:featuredmedia":[{"embeddable":true,"href":"https:\/\/www.tornum.com\/es\/wp-json\/wp\/v2\/media\/26684"}],"wp:attachment":[{"href":"https:\/\/www.tornum.com\/es\/wp-json\/wp\/v2\/media?parent=27820"}],"wp:term":[{"taxonomy":"product_brand","embeddable":true,"href":"https:\/\/www.tornum.com\/es\/wp-json\/wp\/v2\/product_brand?post=27820"},{"taxonomy":"product_cat","embeddable":true,"href":"https:\/\/www.tornum.com\/es\/wp-json\/wp\/v2\/product_cat?post=27820"},{"taxonomy":"product_tag","embeddable":true,"href":"https:\/\/www.tornum.com\/es\/wp-json\/wp\/v2\/product_tag?post=27820"}],"curies":[{"name":"wp","href":"https:\/\/api.w.org\/{rel}","templated":true}]}}