{"id":27821,"date":"2023-05-14T20:02:43","date_gmt":"2023-05-14T20:02:43","guid":{"rendered":"https:\/\/www.tornum.com\/product\/sweep-auger-cst\/"},"modified":"2025-07-31T05:55:05","modified_gmt":"2025-07-31T05:55:05","slug":"barredora-cst","status":"publish","type":"product","link":"https:\/\/www.tornum.com\/es\/producto\/barredora-cst\/","title":{"rendered":"BARREDORA CST"},"content":{"rendered":"<p style=\"margin-top: 0in; background: white;\"><strong><span style=\"font-family: Arial, sans-serif;\">BARREDORA CST<\/span><\/strong><\/p>\n<p>La gama de barredoras CST est\u00e1 fabricada para adaptarse a una amplia gama de di\u00e1metros de silos, y est\u00e1 dise\u00f1ada para ser instalada permanentemente en el silo y puede ser utilizada con materiales granulares de flujo libre. Se ofrecen tres capacidades de recuperaci\u00f3n; el accionamiento de motor de engranajes acoplado directamente puede montarse tanto en el silo como, con un coste adicional, en la galer\u00eda debajo del silo.<\/p>\n<p><strong>BARREDORA MODELO CST<\/strong><\/p>\n<p>Esta barredora compacta y permanente, con una tapa en el v\u00e9rtice, accionamiento de motor de engranajes directo, anillo colector y progresi\u00f3n con placas de paso, est\u00e1 disponible con capacidades de 30 a 50 toneladas por hora y es adecuado para silos desde el modelo FP06 hasta el FP18. La norma ATEX est\u00e1 disponible con un coste adicional. La tapa en el v\u00e9rtice y el marco de montaje tienen un acabado galvanizado.<\/p>\n<p><strong>BARREDORA MODELO CSTF<\/strong><\/p>\n<p>Se ofrecen tres capacidades de recuperaci\u00f3n; el accionamiento de motor de engranajes acoplado directamente puede montarse ya sea en el silo o, con un coste adicional, en la galer\u00eda debajo del silo. La barredora permanente CSTF tiene una tapa en el v\u00e9rtice pintada con conexiones de brida atornilladas, accionamiento de motor de engranajes directo, anillo colector y progresi\u00f3n con placas de paso, est\u00e1 disponible con capacidades de 30 a 50 toneladas por hora y es adecuado para silos desde los modelos FP18 hasta FP26. La norma ATEX est\u00e1 disponible con un coste adicional. El marco de montaje est\u00e1 galvanizado.<\/p>\n<p><strong>BARREDORA MODELO CSTFR \/ CSTFRH<\/strong><\/p>\n<p>La barredora modelo CSTFR \/ CSTFRH tiene el conjunto de accionamiento montado en un pesado marco central pintado, y est\u00e1n disponibles con especificaciones ATEX. Una m\u00e1quina de construcci\u00f3n m\u00e1s pesada, la barredora CSTFR tambi\u00e9n tiene una capacidad de 30 a 50 toneladas por hora, y es adecuada para los modelos de silo FP20 a FP26 con accionamientos est\u00e1ndar ATEX disponibles si es necesario. Dise\u00f1ada espec\u00edficamente para arroz paddy, la barredora CSTFRH utiliza un arreglo de accionamiento similar y una rueda con neum\u00e1ticos de goma para la progresi\u00f3n.<\/p>\n","protected":false},"excerpt":{"rendered":"<p>La gama de barredoras CST est\u00e1 fabricada para adaptarse a una amplia gama de di\u00e1metros de silos, y est\u00e1 dise\u00f1ada para ser instalada permanentemente en el silo y puede ser utilizada con materiales granulares de flujo libre. Se ofrecen tres capacidades de recuperaci\u00f3n; el accionamiento de motor de engranajes acoplado directamente puede montarse tanto en el silo como, con un coste adicional, en la galer\u00eda debajo del silo.<\/p>\n","protected":false},"featured_media":26586,"comment_status":"open","ping_status":"closed","template":"","meta":{"_acf_changed":false},"product_brand":[],"product_cat":[747,755,763,801,829],"product_tag":[795,781],"class_list":{"0":"post-27821","1":"product","2":"type-product","3":"status-publish","4":"has-post-thumbnail","6":"product_cat-all-products-es","7":"product_cat-grain-es","8":"product_cat-material-handling-es","9":"product_cat-screw-auger-es","10":"product_cat-sweep-conveyor-es","11":"product_tag-storage-es","12":"product_tag-transport-es","13":"description-off","15":"first","16":"instock","17":"shipping-taxable","18":"product-type-simple"},"acf":[],"_links":{"self":[{"href":"https:\/\/www.tornum.com\/es\/wp-json\/wp\/v2\/product\/27821","targetHints":{"allow":["GET"]}}],"collection":[{"href":"https:\/\/www.tornum.com\/es\/wp-json\/wp\/v2\/product"}],"about":[{"href":"https:\/\/www.tornum.com\/es\/wp-json\/wp\/v2\/types\/product"}],"replies":[{"embeddable":true,"href":"https:\/\/www.tornum.com\/es\/wp-json\/wp\/v2\/comments?post=27821"}],"version-history":[{"count":2,"href":"https:\/\/www.tornum.com\/es\/wp-json\/wp\/v2\/product\/27821\/revisions"}],"predecessor-version":[{"id":27835,"href":"https:\/\/www.tornum.com\/es\/wp-json\/wp\/v2\/product\/27821\/revisions\/27835"}],"wp:featuredmedia":[{"embeddable":true,"href":"https:\/\/www.tornum.com\/es\/wp-json\/wp\/v2\/media\/26586"}],"wp:attachment":[{"href":"https:\/\/www.tornum.com\/es\/wp-json\/wp\/v2\/media?parent=27821"}],"wp:term":[{"taxonomy":"product_brand","embeddable":true,"href":"https:\/\/www.tornum.com\/es\/wp-json\/wp\/v2\/product_brand?post=27821"},{"taxonomy":"product_cat","embeddable":true,"href":"https:\/\/www.tornum.com\/es\/wp-json\/wp\/v2\/product_cat?post=27821"},{"taxonomy":"product_tag","embeddable":true,"href":"https:\/\/www.tornum.com\/es\/wp-json\/wp\/v2\/product_tag?post=27821"}],"curies":[{"name":"wp","href":"https:\/\/api.w.org\/{rel}","templated":true}]}}