{"id":27822,"date":"2023-05-14T20:07:50","date_gmt":"2023-05-14T20:07:50","guid":{"rendered":"https:\/\/www.tornum.com\/product\/sweep-conveyor-ktis\/"},"modified":"2025-07-09T14:09:40","modified_gmt":"2025-07-09T14:09:40","slug":"transportador-de-barrido-ktis","status":"publish","type":"product","link":"https:\/\/www.tornum.com\/es\/producto\/transportador-de-barrido-ktis\/","title":{"rendered":"TRANSPORTADOR DE BARRIDO KTIS"},"content":{"rendered":"<h3>TRANSPORTADOR DE BARRIDO KTIS SKANDIA<\/h3>\n<p>El transportador de barrido KTIS transporta material desde un silo hacia un transportador inferior. Puede operar sin estar expuesto y est\u00e1 equipado con un cepillo, lo que significa que solo queda una peque\u00f1a cantidad de grano en el silo.<\/p>\n<p>El KTIS est\u00e1 fabricado con material galvanizado de acuerdo con las directivas de maquinaria de la UE. Est\u00e1 clasificado como un Transportador de Categor\u00eda II 0D\/OD y es adecuado para manejar materiales granulados y pulverizados no clasificados.<\/p>\n<p>El transportador de barrido KTIS est\u00e1 dise\u00f1ado para vaciar el grano de un silo a un transportador inferior de Skandia. Las capacidades nominales se basan en grano con un contenido de humedad del 15% y una densidad a granel de 750 kg\/m\u00b3. La capacidad se ver\u00e1 afectada con el mismo porcentaje que cambien las revoluciones de la caja de cambios. La conexi\u00f3n de la m\u00e1quina se realiza utilizando un cable con enchufe de conexi\u00f3n. El anillo colector est\u00e1 disponible como accesorio con coste adicional.<\/p>\n","protected":false},"excerpt":{"rendered":"<p>El transportador de barrido KTIS transporta material desde un silo hacia un transportador inferior. Puede funcionar sin estar expuesto y est\u00e1 equipado con un cepillo, lo que significa que solo una peque\u00f1a cantidad de grano queda atr\u00e1s en el silo.<\/p>\n","protected":false},"featured_media":26594,"comment_status":"open","ping_status":"closed","template":"","meta":{"_acf_changed":false},"product_brand":[],"product_cat":[747,755,763,813,800,829],"product_tag":[795,781],"class_list":{"0":"post-27822","1":"product","2":"type-product","3":"status-publish","4":"has-post-thumbnail","6":"product_cat-all-products-es","7":"product_cat-grain-es","8":"product_cat-material-handling-es","9":"product_cat-conveyors-es","10":"product_cat-silo-discharge-es","11":"product_cat-sweep-conveyor-es","12":"product_tag-storage-es","13":"product_tag-transport-es","14":"description-off","16":"first","17":"instock","18":"shipping-taxable","19":"product-type-simple"},"acf":[],"_links":{"self":[{"href":"https:\/\/www.tornum.com\/es\/wp-json\/wp\/v2\/product\/27822","targetHints":{"allow":["GET"]}}],"collection":[{"href":"https:\/\/www.tornum.com\/es\/wp-json\/wp\/v2\/product"}],"about":[{"href":"https:\/\/www.tornum.com\/es\/wp-json\/wp\/v2\/types\/product"}],"replies":[{"embeddable":true,"href":"https:\/\/www.tornum.com\/es\/wp-json\/wp\/v2\/comments?post=27822"}],"version-history":[{"count":1,"href":"https:\/\/www.tornum.com\/es\/wp-json\/wp\/v2\/product\/27822\/revisions"}],"predecessor-version":[{"id":27837,"href":"https:\/\/www.tornum.com\/es\/wp-json\/wp\/v2\/product\/27822\/revisions\/27837"}],"wp:featuredmedia":[{"embeddable":true,"href":"https:\/\/www.tornum.com\/es\/wp-json\/wp\/v2\/media\/26594"}],"wp:attachment":[{"href":"https:\/\/www.tornum.com\/es\/wp-json\/wp\/v2\/media?parent=27822"}],"wp:term":[{"taxonomy":"product_brand","embeddable":true,"href":"https:\/\/www.tornum.com\/es\/wp-json\/wp\/v2\/product_brand?post=27822"},{"taxonomy":"product_cat","embeddable":true,"href":"https:\/\/www.tornum.com\/es\/wp-json\/wp\/v2\/product_cat?post=27822"},{"taxonomy":"product_tag","embeddable":true,"href":"https:\/\/www.tornum.com\/es\/wp-json\/wp\/v2\/product_tag?post=27822"}],"curies":[{"name":"wp","href":"https:\/\/api.w.org\/{rel}","templated":true}]}}