{"id":27847,"date":"2023-05-14T20:09:44","date_gmt":"2023-05-14T20:09:44","guid":{"rendered":"https:\/\/www.tornum.com\/product\/sweep-out\/"},"modified":"2024-05-15T11:16:40","modified_gmt":"2024-05-15T11:16:40","slug":"sweep-out","status":"publish","type":"product","link":"https:\/\/www.tornum.com\/es\/producto\/sweep-out\/","title":{"rendered":"SWEEP OUT"},"content":{"rendered":"<h3>SWEEP OUT<\/h3>\n<p>Sweep Out es una barredora port\u00e1til para la descarga final de silos de almacenamiento de granos. Fabricada en Suecia, Sweep Out cuenta con una construcci\u00f3n robusta que es perfecta para su prop\u00f3sito previsto. El dise\u00f1o es f\u00e1cil de usar, con un asa de transporte que facilita su movimiento entre silos. Capacidad m\u00e1xima de 25 toneladas por hora.<\/p>\n<p><strong>ESTRUCTURA Y FUNCI\u00d3N<\/strong><\/p>\n<ul>\n<li>Impulsado por un motor de engranaje sinf\u00edn montado directamente (elimina el mantenimiento y el riesgo de incendio)<\/li>\n<li>Disponible para silos con un di\u00e1metro de 4 metros a 15 metros, y<\/li>\n<\/ul>\n<p>las dimensiones pueden ajustarse para adaptarse a todos los modelos de silos redondos.<\/p>\n<p>&nbsp;<\/p>\n","protected":false},"excerpt":{"rendered":"<p>\u00abSweep Out\u00bb es una barredora port\u00e1til para la descarga final de silos de almacenamiento de granos. Sweep Out est\u00e1 fabricado en Suecia y cuenta con una construcci\u00f3n robusta que es ideal para su prop\u00f3sito previsto. El dise\u00f1o es f\u00e1cil de usar, con un asa de transporte que facilita el movimiento entre silos. Capacidad m\u00e1xima de 25 toneladas por hora.<\/p>\n","protected":false},"featured_media":26598,"comment_status":"open","ping_status":"closed","template":"","meta":{"_acf_changed":false},"product_brand":[],"product_cat":[747,755,763,800,801,829],"product_tag":[795,781],"class_list":{"0":"post-27847","1":"product","2":"type-product","3":"status-publish","4":"has-post-thumbnail","6":"product_cat-all-products-es","7":"product_cat-grain-es","8":"product_cat-material-handling-es","9":"product_cat-silo-discharge-es","10":"product_cat-screw-auger-es","11":"product_cat-sweep-conveyor-es","12":"product_tag-storage-es","13":"product_tag-transport-es","14":"description-off","16":"first","17":"instock","18":"shipping-taxable","19":"product-type-simple"},"acf":[],"_links":{"self":[{"href":"https:\/\/www.tornum.com\/es\/wp-json\/wp\/v2\/product\/27847","targetHints":{"allow":["GET"]}}],"collection":[{"href":"https:\/\/www.tornum.com\/es\/wp-json\/wp\/v2\/product"}],"about":[{"href":"https:\/\/www.tornum.com\/es\/wp-json\/wp\/v2\/types\/product"}],"replies":[{"embeddable":true,"href":"https:\/\/www.tornum.com\/es\/wp-json\/wp\/v2\/comments?post=27847"}],"version-history":[{"count":2,"href":"https:\/\/www.tornum.com\/es\/wp-json\/wp\/v2\/product\/27847\/revisions"}],"predecessor-version":[{"id":27857,"href":"https:\/\/www.tornum.com\/es\/wp-json\/wp\/v2\/product\/27847\/revisions\/27857"}],"wp:featuredmedia":[{"embeddable":true,"href":"https:\/\/www.tornum.com\/es\/wp-json\/wp\/v2\/media\/26598"}],"wp:attachment":[{"href":"https:\/\/www.tornum.com\/es\/wp-json\/wp\/v2\/media?parent=27847"}],"wp:term":[{"taxonomy":"product_brand","embeddable":true,"href":"https:\/\/www.tornum.com\/es\/wp-json\/wp\/v2\/product_brand?post=27847"},{"taxonomy":"product_cat","embeddable":true,"href":"https:\/\/www.tornum.com\/es\/wp-json\/wp\/v2\/product_cat?post=27847"},{"taxonomy":"product_tag","embeddable":true,"href":"https:\/\/www.tornum.com\/es\/wp-json\/wp\/v2\/product_tag?post=27847"}],"curies":[{"name":"wp","href":"https:\/\/api.w.org\/{rel}","templated":true}]}}