{"id":27848,"date":"2023-05-14T20:14:44","date_gmt":"2023-05-14T20:14:44","guid":{"rendered":"https:\/\/www.tornum.com\/product\/sweep-out-permanent\/"},"modified":"2024-05-15T11:16:26","modified_gmt":"2024-05-15T11:16:26","slug":"sweep-out-permanente","status":"publish","type":"product","link":"https:\/\/www.tornum.com\/es\/producto\/sweep-out-permanente\/","title":{"rendered":"SWEEP OUT PERMANENTE"},"content":{"rendered":"<div class=\"wpb-content-wrapper\"><p>[vc_row][vc_column width=\u00bb2\/3&#8243;][vc_column_text]<\/p>\n<p style=\"margin-top: 0in; background: white;\"><strong><span style=\"font-size: 12pt; line-height: 107%; font-family: Arial, sans-serif;\">SWEEP OUT PERMANENTE<\/span><\/strong><\/p>\n<p>Esta es la barredora de Tornum para la instalaci\u00f3n permanente en un silo. El producto consiste en una unidad de accionamiento, extensiones en longitudes estandarizadas y un cierre con operaci\u00f3n de cadena y una rueda de accionamiento. La barredora est\u00e1 disponible en varias longitudes est\u00e1ndar diferentes, pero tambi\u00e9n se puede obtener en longitudes personalizadas de hasta 9.7 metros.<\/p>\n<p>Capacidad m\u00e1xima: 60 toneladas por hora.[\/vc_column_text][\/vc_column][vc_column width=\u00bb1\/3&#8243;][vc_column_text]<strong>Caracter\u00edsticas<\/strong><\/p>\n<ul>\n<li>Motor de engranaje sinf\u00edn<\/li>\n<li>Lateral de chapa de metal con recubrimiento en polvo<\/li>\n<li>El lateral es ajustable en longitud por \u00b1100 mm<\/li>\n<\/ul>\n<p>[\/vc_column_text][\/vc_column][\/vc_row]<\/p>\n<\/div>","protected":false},"excerpt":{"rendered":"<p>Esta es la barredora de Tornum para la instalaci\u00f3n permanente en un silo y fabricada como un sistema modular flexible que puede adaptarse seg\u00fan el tama\u00f1o del silo.<\/p>\n","protected":false},"featured_media":26600,"comment_status":"open","ping_status":"closed","template":"","meta":{"_acf_changed":false},"product_brand":[],"product_cat":[747,755,763,800,801,829],"product_tag":[795,781],"class_list":{"0":"post-27848","1":"product","2":"type-product","3":"status-publish","4":"has-post-thumbnail","6":"product_cat-all-products-es","7":"product_cat-grain-es","8":"product_cat-material-handling-es","9":"product_cat-silo-discharge-es","10":"product_cat-screw-auger-es","11":"product_cat-sweep-conveyor-es","12":"product_tag-storage-es","13":"product_tag-transport-es","14":"description-off","16":"first","17":"instock","18":"shipping-taxable","19":"product-type-simple"},"acf":[],"_links":{"self":[{"href":"https:\/\/www.tornum.com\/es\/wp-json\/wp\/v2\/product\/27848","targetHints":{"allow":["GET"]}}],"collection":[{"href":"https:\/\/www.tornum.com\/es\/wp-json\/wp\/v2\/product"}],"about":[{"href":"https:\/\/www.tornum.com\/es\/wp-json\/wp\/v2\/types\/product"}],"replies":[{"embeddable":true,"href":"https:\/\/www.tornum.com\/es\/wp-json\/wp\/v2\/comments?post=27848"}],"version-history":[{"count":2,"href":"https:\/\/www.tornum.com\/es\/wp-json\/wp\/v2\/product\/27848\/revisions"}],"predecessor-version":[{"id":27859,"href":"https:\/\/www.tornum.com\/es\/wp-json\/wp\/v2\/product\/27848\/revisions\/27859"}],"wp:featuredmedia":[{"embeddable":true,"href":"https:\/\/www.tornum.com\/es\/wp-json\/wp\/v2\/media\/26600"}],"wp:attachment":[{"href":"https:\/\/www.tornum.com\/es\/wp-json\/wp\/v2\/media?parent=27848"}],"wp:term":[{"taxonomy":"product_brand","embeddable":true,"href":"https:\/\/www.tornum.com\/es\/wp-json\/wp\/v2\/product_brand?post=27848"},{"taxonomy":"product_cat","embeddable":true,"href":"https:\/\/www.tornum.com\/es\/wp-json\/wp\/v2\/product_cat?post=27848"},{"taxonomy":"product_tag","embeddable":true,"href":"https:\/\/www.tornum.com\/es\/wp-json\/wp\/v2\/product_tag?post=27848"}],"curies":[{"name":"wp","href":"https:\/\/api.w.org\/{rel}","templated":true}]}}