{"id":27849,"date":"2023-05-17T13:17:49","date_gmt":"2023-05-17T13:17:49","guid":{"rendered":"https:\/\/www.tornum.com\/product\/tecflam-gas-burner\/"},"modified":"2025-07-31T06:04:30","modified_gmt":"2025-07-31T06:04:30","slug":"tecflam-quemador-de-gas","status":"publish","type":"product","link":"https:\/\/www.tornum.com\/es\/producto\/tecflam-quemador-de-gas\/","title":{"rendered":"TECFLAM \u2013 QUEMADOR DE GAS"},"content":{"rendered":"<p>Con este tipo de combusti\u00f3n, el aire del proceso para el secado, generado por los ventiladores de los secaderos, el aire de combusti\u00f3n generado por los ventiladores de los quemadores y los humos de la combusti\u00f3n, se mezclan para formar el aire necesario para secar el producto, reduciendo el consumo de energ\u00eda. La capacidad t\u00e9rmica var\u00eda desde 814 kW hasta 16280 kW.<\/p>\n","protected":false},"excerpt":{"rendered":"<p>TORNUM puede suministrar quemadores de gas para GLP o gas natural para fuego directo en secaderos de granos verticales. La gama incluye varios tipos diferentes de quemadores de canal o quemadores lineales, dependiendo del tipo de sistema que se va a instalar.<\/p>\n<p>Un secadero de granos con calentamiento directo mediante un quemador de gas consume menos energ\u00eda en comparaci\u00f3n con el calentamiento indirecto, como un horno de aceite.<\/p>\n","protected":false},"featured_media":26713,"comment_status":"open","ping_status":"closed","template":"","meta":{"_acf_changed":false},"product_brand":[],"product_cat":[747,748,756],"product_tag":[757,758],"class_list":{"0":"post-27849","1":"product","2":"type-product","3":"status-publish","4":"has-post-thumbnail","6":"product_cat-all-products-es","7":"product_cat-conditioning-es","8":"product_cat-heat-sources-es","9":"product_tag-burner-es","10":"product_tag-dryer-es","11":"description-off","13":"first","14":"instock","15":"shipping-taxable","16":"product-type-simple"},"acf":[],"_links":{"self":[{"href":"https:\/\/www.tornum.com\/es\/wp-json\/wp\/v2\/product\/27849","targetHints":{"allow":["GET"]}}],"collection":[{"href":"https:\/\/www.tornum.com\/es\/wp-json\/wp\/v2\/product"}],"about":[{"href":"https:\/\/www.tornum.com\/es\/wp-json\/wp\/v2\/types\/product"}],"replies":[{"embeddable":true,"href":"https:\/\/www.tornum.com\/es\/wp-json\/wp\/v2\/comments?post=27849"}],"version-history":[{"count":2,"href":"https:\/\/www.tornum.com\/es\/wp-json\/wp\/v2\/product\/27849\/revisions"}],"predecessor-version":[{"id":27861,"href":"https:\/\/www.tornum.com\/es\/wp-json\/wp\/v2\/product\/27849\/revisions\/27861"}],"wp:featuredmedia":[{"embeddable":true,"href":"https:\/\/www.tornum.com\/es\/wp-json\/wp\/v2\/media\/26713"}],"wp:attachment":[{"href":"https:\/\/www.tornum.com\/es\/wp-json\/wp\/v2\/media?parent=27849"}],"wp:term":[{"taxonomy":"product_brand","embeddable":true,"href":"https:\/\/www.tornum.com\/es\/wp-json\/wp\/v2\/product_brand?post=27849"},{"taxonomy":"product_cat","embeddable":true,"href":"https:\/\/www.tornum.com\/es\/wp-json\/wp\/v2\/product_cat?post=27849"},{"taxonomy":"product_tag","embeddable":true,"href":"https:\/\/www.tornum.com\/es\/wp-json\/wp\/v2\/product_tag?post=27849"}],"curies":[{"name":"wp","href":"https:\/\/api.w.org\/{rel}","templated":true}]}}