{"id":27850,"date":"2023-05-14T21:03:59","date_gmt":"2023-05-14T21:03:59","guid":{"rendered":"https:\/\/www.tornum.com\/product\/temperature-monitoring\/"},"modified":"2025-07-31T06:11:19","modified_gmt":"2025-07-31T06:11:19","slug":"monitorizacion-de-temperatura","status":"publish","type":"product","link":"https:\/\/www.tornum.com\/es\/producto\/monitorizacion-de-temperatura\/","title":{"rendered":"MONITORIZACI\u00d3N DE TEMPERATURA"},"content":{"rendered":"<div class=\"wpb-content-wrapper\"><p>[vc_row][vc_column width=\u00bb2\/3&#8243;][vc_column_text]El sistema de monitorizaci\u00f3n de temperatura de Tornum para silos de almacenamiento te permite realizar un seguimiento m\u00e1s cercano de la calidad del grano durante su almacenamiento. Los cables de medici\u00f3n consisten en tubos de pl\u00e1stico reforzado fuertes con varios sensores. Tornum ofrece dos tipos de sistemas de medici\u00f3n y monitorizaci\u00f3n de temperatura: un instrumento port\u00e1til alimentado por bater\u00eda que puede moverse entre los cables, o un sistema basado en PC con monitoreo continuo de temperatura, niveles de alarma e historial del desarrollo de la temperatura en el almac\u00e9n de granos.<\/p>\n<p>Tambi\u00e9n proporcionamos sondas de medici\u00f3n para usar con el instrumento port\u00e1til.<\/p>\n<p>La transferencia de datos inal\u00e1mbrica y el acceso a Internet son posibles.[\/vc_column_text][\/vc_column][vc_column width=\u00bb1\/3&#8243;][vc_column_text]<strong>VENTAJAS<\/strong><\/p>\n<ul>\n<li>Toda la informaci\u00f3n hist\u00f3rica se muestra mediante gr\u00e1ficos y tablas<\/li>\n<li>Alarmas para tendencias de temperatura y temperatura actual<\/li>\n<li>Control de aireaci\u00f3n<\/li>\n<li>Control de nivel<\/li>\n<li>Transferencia de datos inal\u00e1mbrica disponible<\/li>\n<li>Fiable y f\u00e1cil de usar<\/li>\n<li>F\u00e1cil de instalar<\/li>\n<li>Se puede proporcionar en cualquier idioma de interfaz bajo pedido<\/li>\n<li>Cables de sensor aprobados para zona ATEX 20\/21\/22<\/li>\n<\/ul>\n<p>[\/vc_column_text][\/vc_column][\/vc_row]<\/p>\n<\/div>","protected":false},"excerpt":{"rendered":"<p>El sistema de monitorizaci\u00f3n de temperatura de Tornum para silos de almacenamiento te permite realizar un seguimiento m\u00e1s cercano de la calidad del grano durante su almacenamiento.<\/p>\n","protected":false},"featured_media":26928,"comment_status":"open","ping_status":"closed","template":"","meta":{"_acf_changed":false},"product_brand":[],"product_cat":[747,762,754,755,761,830],"product_tag":[770,771,772],"class_list":{"0":"post-27850","1":"product","2":"type-product","3":"status-publish","4":"has-post-thumbnail","6":"product_cat-all-products-es","7":"product_cat-feed-es","8":"product_cat-food-2-es","9":"product_cat-grain-es","10":"product_cat-grain-management-es","11":"product_cat-temperature-monitoring-es","12":"product_tag-monitoring-es","13":"product_tag-pc-es","14":"product_tag-plc-es","15":"description-off","17":"first","18":"instock","19":"shipping-taxable","20":"product-type-simple"},"acf":[],"_links":{"self":[{"href":"https:\/\/www.tornum.com\/es\/wp-json\/wp\/v2\/product\/27850","targetHints":{"allow":["GET"]}}],"collection":[{"href":"https:\/\/www.tornum.com\/es\/wp-json\/wp\/v2\/product"}],"about":[{"href":"https:\/\/www.tornum.com\/es\/wp-json\/wp\/v2\/types\/product"}],"replies":[{"embeddable":true,"href":"https:\/\/www.tornum.com\/es\/wp-json\/wp\/v2\/comments?post=27850"}],"version-history":[{"count":2,"href":"https:\/\/www.tornum.com\/es\/wp-json\/wp\/v2\/product\/27850\/revisions"}],"predecessor-version":[{"id":27863,"href":"https:\/\/www.tornum.com\/es\/wp-json\/wp\/v2\/product\/27850\/revisions\/27863"}],"wp:featuredmedia":[{"embeddable":true,"href":"https:\/\/www.tornum.com\/es\/wp-json\/wp\/v2\/media\/26928"}],"wp:attachment":[{"href":"https:\/\/www.tornum.com\/es\/wp-json\/wp\/v2\/media?parent=27850"}],"wp:term":[{"taxonomy":"product_brand","embeddable":true,"href":"https:\/\/www.tornum.com\/es\/wp-json\/wp\/v2\/product_brand?post=27850"},{"taxonomy":"product_cat","embeddable":true,"href":"https:\/\/www.tornum.com\/es\/wp-json\/wp\/v2\/product_cat?post=27850"},{"taxonomy":"product_tag","embeddable":true,"href":"https:\/\/www.tornum.com\/es\/wp-json\/wp\/v2\/product_tag?post=27850"}],"curies":[{"name":"wp","href":"https:\/\/api.w.org\/{rel}","templated":true}]}}