{"id":27851,"date":"2023-01-29T22:13:08","date_gmt":"2023-01-29T22:13:08","guid":{"rendered":"https:\/\/www.tornum.com\/product\/tf-dryer\/"},"modified":"2025-07-31T06:17:21","modified_gmt":"2025-07-31T06:17:21","slug":"secador-tf","status":"publish","type":"product","link":"https:\/\/www.tornum.com\/es\/producto\/secador-tf\/","title":{"rendered":"SECADOR TF"},"content":{"rendered":"<div class=\"wpb-content-wrapper\"><p>[vc_row][vc_column][vc_column_text]<strong>Cambie r\u00e1pidamente entre el secado por lotes y el secado continuo.<\/strong><\/p>\n<p>Tornum TF es el secadero flexible donde puedes ajustar mejor el tipo de grano y la cantidad, manteniendo la calidad.<\/p>\n<p>Con TF, tienes dos secaderos en uno. Elige entre secado continuo o secado por lotes seg\u00fan las condiciones.<\/p>\n<p>Un secadero Tornum TF tambi\u00e9n funciona a baja presi\u00f3n. Todo el aire de secado es succionado a trav\u00e9s del secadero mediante un ventilador dimensionado de acuerdo con el tama\u00f1o del secadero y la fuente de calor.<\/p>\n<p>Un secadero de baja presi\u00f3n genera significativamente menos polvo en el \u00e1rea alrededor del secadero que un secadero de alta presi\u00f3n, lo que tambi\u00e9n elimina el riesgo de condensaci\u00f3n en la zona de grano, tuber\u00edas y elevadores.<\/p>\n<p>Cuando se inicia el secado continuo, siempre hay una \u00abpausa inicial\u00bb antes de que el secadero comience a funcionar de manera independiente. La ventaja del secado continuo aumenta con el volumen de grano.<\/p>\n<p><strong>En el modo de secado continuo<\/strong>, puedes controlar el secadero utilizando el sistema IDC de Tornum, que mide el contenido de humedad del grano entrante y saliente. Para vol\u00famenes m\u00e1s peque\u00f1os o para granos que se deben secar a baja temperatura durante un largo per\u00edodo de tiempo, elige el modo de secado por lotes.<\/p>\n<p><strong>En el modo de secado por lotes<\/strong>, el control se basa en el peso, el tiempo o la temperatura, seg\u00fan lo que funcione mejor para ti.<\/p>\n<p>\u2013 TF se puede cambiar f\u00e1cilmente entre el secado continuo y el secado por lotes mediante compuertas controladas por motor que son controladas a trav\u00e9s del sistema de control de Tornum, por ejemplo. Esto permite que el secadero est\u00e9 listo en un instante despu\u00e9s de completar el secado continuo.<br \/>\n\u2013 El secadero se vac\u00eda hasta el \u00faltimo grano porque no hay superficies interiores que puedan retener ning\u00fan material. Esto facilita la limpieza y descontaminaci\u00f3n al cambiar entre diferentes tipos de granos.<br \/>\n\u2013 TF puede estar equipado con un tipo de ventilador opcional seg\u00fan sus preferencias; ventiladores axiales o ventiladores separadores de polvo del tipo CAC o EDS cuando existan requisitos particulares para el \u00e1rea circundante. Todas las alternativas pueden estar equipadas con amortiguadores de sonido.<br \/>\n\u2013 TF se puede controlar en modo continuo utilizando el sistema IDC de Tornum o en modo de secado por lotes mediante el control de tiempo, peso o temperatura seleccionado. *Para al menos 12 secciones.<\/p>\n<p>\u2013 TF se puede operar con una fuente de calor opcional totalmente seg\u00fan sus deseos y situaci\u00f3n, dise\u00f1ada por Tornum seg\u00fan las recomendaciones de LBK. Los quemadores de aceite indirecto, quemadores de gas para gas natural o propano, calor directo de pellets o escamas, bater\u00edas de agua caliente, bater\u00edas de vapor o bater\u00edas el\u00e9ctricas son las fuentes de calor m\u00e1s comunes.[\/vc_column_text][\/vc_column][\/vc_row]<\/p>\n<\/div>","protected":false},"excerpt":{"rendered":"<p>Tornum TF es el secadero flexible donde puedes encontrar la mejor combinaci\u00f3n entre el tipo de grano y la cantidad, manteniendo la calidad.<\/p>\n<p>Con TF, tienes dos secaderos en uno. Elige entre secado continuo o secado por lotes dependiendo de las condiciones.<\/p>\n","protected":false},"featured_media":26375,"comment_status":"open","ping_status":"closed","template":"","meta":{"_acf_changed":false},"product_brand":[],"product_cat":[747,755,748,775],"product_tag":[758,795,781],"class_list":{"0":"post-27851","1":"product","2":"type-product","3":"status-publish","4":"has-post-thumbnail","6":"product_cat-all-products-es","7":"product_cat-grain-es","8":"product_cat-conditioning-es","9":"product_cat-grain-dryers-es","10":"product_tag-dryer-es","11":"product_tag-storage-es","12":"product_tag-transport-es","13":"pa_products-type-all-products-es","14":"pa_products-type-food-es","15":"description-off","17":"first","18":"instock","19":"shipping-taxable","20":"product-type-simple"},"acf":[],"_links":{"self":[{"href":"https:\/\/www.tornum.com\/es\/wp-json\/wp\/v2\/product\/27851","targetHints":{"allow":["GET"]}}],"collection":[{"href":"https:\/\/www.tornum.com\/es\/wp-json\/wp\/v2\/product"}],"about":[{"href":"https:\/\/www.tornum.com\/es\/wp-json\/wp\/v2\/types\/product"}],"replies":[{"embeddable":true,"href":"https:\/\/www.tornum.com\/es\/wp-json\/wp\/v2\/comments?post=27851"}],"version-history":[{"count":2,"href":"https:\/\/www.tornum.com\/es\/wp-json\/wp\/v2\/product\/27851\/revisions"}],"predecessor-version":[{"id":27865,"href":"https:\/\/www.tornum.com\/es\/wp-json\/wp\/v2\/product\/27851\/revisions\/27865"}],"wp:featuredmedia":[{"embeddable":true,"href":"https:\/\/www.tornum.com\/es\/wp-json\/wp\/v2\/media\/26375"}],"wp:attachment":[{"href":"https:\/\/www.tornum.com\/es\/wp-json\/wp\/v2\/media?parent=27851"}],"wp:term":[{"taxonomy":"product_brand","embeddable":true,"href":"https:\/\/www.tornum.com\/es\/wp-json\/wp\/v2\/product_brand?post=27851"},{"taxonomy":"product_cat","embeddable":true,"href":"https:\/\/www.tornum.com\/es\/wp-json\/wp\/v2\/product_cat?post=27851"},{"taxonomy":"product_tag","embeddable":true,"href":"https:\/\/www.tornum.com\/es\/wp-json\/wp\/v2\/product_tag?post=27851"}],"curies":[{"name":"wp","href":"https:\/\/api.w.org\/{rel}","templated":true}]}}