{"id":27852,"date":"2023-04-03T11:47:47","date_gmt":"2023-04-03T11:47:47","guid":{"rendered":"https:\/\/www.tornum.com\/product\/tornum-conditioning-laterals\/"},"modified":"2025-08-01T08:19:13","modified_gmt":"2025-08-01T08:19:13","slug":"acondicionadores-laterales-de-tornum","status":"publish","type":"product","link":"https:\/\/www.tornum.com\/es\/producto\/acondicionadores-laterales-de-tornum\/","title":{"rendered":"ACONDICIONADORES LATERALES DE TORNUM"},"content":{"rendered":"<div class=\"wpb-content-wrapper\"><p>[vc_row gap=\u00bb35&#8243;][vc_column width=\u00bb2\/3&#8243;][vc_column_text]Los acondicionadores laterales de Tornum proporcionan acondicionamiento de granos en silos con tolva. El aire se conecta utilizando un conducto de \u00d8 200 mm. Los laterales de acondicionamiento tambi\u00e9n pueden ser instalados en la mayor\u00eda de los tipos de tolvas y silos.[\/vc_column_text][\/vc_column][vc_column width=\u00bb1\/3&#8243;][\/vc_column][\/vc_row]<\/p>\n<\/div>","protected":false},"excerpt":{"rendered":"<p>Los acondicionadores laterales de Tornum proporcionan acondicionamiento de granos en silos con tolva. El aire se conecta mediante un conducto de \u00d8 200 mm. Los acondicionadores laterales tambi\u00e9n pueden ser instalados en la mayor\u00eda de los tipos de tolvas y silos.<\/p>\n","protected":false},"featured_media":26787,"comment_status":"open","ping_status":"closed","template":"","meta":{"_acf_changed":false},"product_brand":[],"product_cat":[747,754,755,748,832],"product_tag":[766,833,798],"class_list":{"0":"post-27852","1":"product","2":"type-product","3":"status-publish","4":"has-post-thumbnail","6":"product_cat-all-products-es","7":"product_cat-food-2-es","8":"product_cat-grain-es","9":"product_cat-conditioning-es","10":"product_cat-conditioning-laterals-es","11":"product_tag-conditioning-es","12":"product_tag-hopper-silo-es","13":"product_tag-radial-fan-es","14":"pa_products-type-grain-es","15":"description-off","17":"first","18":"instock","19":"shipping-taxable","20":"product-type-simple"},"acf":[],"_links":{"self":[{"href":"https:\/\/www.tornum.com\/es\/wp-json\/wp\/v2\/product\/27852","targetHints":{"allow":["GET"]}}],"collection":[{"href":"https:\/\/www.tornum.com\/es\/wp-json\/wp\/v2\/product"}],"about":[{"href":"https:\/\/www.tornum.com\/es\/wp-json\/wp\/v2\/types\/product"}],"replies":[{"embeddable":true,"href":"https:\/\/www.tornum.com\/es\/wp-json\/wp\/v2\/comments?post=27852"}],"version-history":[{"count":3,"href":"https:\/\/www.tornum.com\/es\/wp-json\/wp\/v2\/product\/27852\/revisions"}],"predecessor-version":[{"id":51180,"href":"https:\/\/www.tornum.com\/es\/wp-json\/wp\/v2\/product\/27852\/revisions\/51180"}],"wp:featuredmedia":[{"embeddable":true,"href":"https:\/\/www.tornum.com\/es\/wp-json\/wp\/v2\/media\/26787"}],"wp:attachment":[{"href":"https:\/\/www.tornum.com\/es\/wp-json\/wp\/v2\/media?parent=27852"}],"wp:term":[{"taxonomy":"product_brand","embeddable":true,"href":"https:\/\/www.tornum.com\/es\/wp-json\/wp\/v2\/product_brand?post=27852"},{"taxonomy":"product_cat","embeddable":true,"href":"https:\/\/www.tornum.com\/es\/wp-json\/wp\/v2\/product_cat?post=27852"},{"taxonomy":"product_tag","embeddable":true,"href":"https:\/\/www.tornum.com\/es\/wp-json\/wp\/v2\/product_tag?post=27852"}],"curies":[{"name":"wp","href":"https:\/\/api.w.org\/{rel}","templated":true}]}}