{"id":27853,"date":"2023-05-14T21:20:59","date_gmt":"2023-05-14T21:20:59","guid":{"rendered":"https:\/\/www.tornum.com\/product\/tornum-tx\/"},"modified":"2025-07-31T06:31:46","modified_gmt":"2025-07-31T06:31:46","slug":"tornum-tx","status":"publish","type":"product","link":"https:\/\/www.tornum.com\/es\/producto\/tornum-tx\/","title":{"rendered":"TORNUM TX"},"content":{"rendered":"<div class=\"content o-stack-sm c-text\">\n<p><strong>Sistema de tuber\u00edas para las tareas dif\u00edciles.<\/strong><\/p>\n<p>&#8211; Sistema duradero que se ensambla con bridas roscadas.<\/p>\n<p>&#8211; Tratamiento superficial dise\u00f1ado en acero galvanizado o esmaltado.<\/p>\n<p>&#8211; Un sistema flexible con codos rectos y torcidos en diferentes \u00e1ngulos.<\/p>\n<p>&#8211; Disponible en tama\u00f1os #200, #250, #300.<\/p>\n<p>&#8211; El grosor es de 3 mm.<\/p>\n<p>&#8211; En el caso de un desgaste extremadamente alto, el sistema de tuber\u00edas est\u00e1 disponible con 8 mm de pl\u00e1stico interior..<\/p>\n<p><strong>Distribuidor bidireccional<\/strong><\/p>\n<p>\u2013 Todos los paneles de chapa se pueden reemplazar para evitar reemplazar todo el distribuidor en caso de que se desgasten piezas individuales.<\/p>\n<p>\u2013 Los distribuidores son flexibles y est\u00e1n disponibles con dise\u00f1o izquierdo o derecho, y los sensores de posici\u00f3n tienen una funci\u00f3n inductiva y pueden instalarse en ambos lados.<\/p>\n<p>\u2013 Orificios de inspecci\u00f3n para comprobar el desgaste y controlar la posici\u00f3n (para minimizar el riesgo de contaminaci\u00f3n).<\/p>\n<p>\u2013 P\u00e1ginas T=3 mm.<\/p>\n<p>\u2013 Panel de persiana de acero Hardox T=8 mm, revestido en pl\u00e1stico de 8 mm.<\/p>\n<p><strong>Compuerta<\/strong><\/p>\n<p>\u2013 Persianas duraderas para una amplia gama de usos.<\/p>\n<p>\u2013 Dise\u00f1ado con una fuerte rosca de contrafuerte de acero.<\/p>\n<p>\u2013 La persiana dispone de una articulaci\u00f3n con rodamiento de bolas para poder abrirse y cerrarse bajo alta presi\u00f3n del material.<\/p>\n<p>\u2013 Disponible con rueda gu\u00eda o motor el\u00e9ctrico.<\/p>\n<p>\u2013 Persianas para uso debajo del centro del silo en el fondo del silo, por ejemplo.<\/p>\n<p>\u2013 Disponible en tama\u00f1os #200, #250, #300.<\/p>\n<p>\u2013 En la parte superior de la persiana hay placas gu\u00eda que garantizan un cierre herm\u00e9tico de la persiana.<\/p>\n<p>\u2013 Juntas regulables para evitar que el producto penetre en las partes mec\u00e1nicas de la persiana.<\/p>\n<\/div>\n","protected":false},"excerpt":{"rendered":"<p>Tuber\u00edas cuadradas para instalaciones robustas. Dise\u00f1adas para una larga vida \u00fatil y alta durabilidad.<\/p>\n","protected":false},"featured_media":26910,"comment_status":"open","ping_status":"closed","template":"","meta":{"_acf_changed":false},"product_brand":[],"product_cat":[747,762,754,755,763,825],"product_tag":[826],"class_list":{"0":"post-27853","1":"product","2":"type-product","3":"status-publish","4":"has-post-thumbnail","6":"product_cat-all-products-es","7":"product_cat-feed-es","8":"product_cat-food-2-es","9":"product_cat-grain-es","10":"product_cat-material-handling-es","11":"product_cat-pipe-system-es","12":"product_tag-pipes-es","13":"description-off","15":"first","16":"instock","17":"shipping-taxable","18":"product-type-simple"},"acf":[],"_links":{"self":[{"href":"https:\/\/www.tornum.com\/es\/wp-json\/wp\/v2\/product\/27853","targetHints":{"allow":["GET"]}}],"collection":[{"href":"https:\/\/www.tornum.com\/es\/wp-json\/wp\/v2\/product"}],"about":[{"href":"https:\/\/www.tornum.com\/es\/wp-json\/wp\/v2\/types\/product"}],"replies":[{"embeddable":true,"href":"https:\/\/www.tornum.com\/es\/wp-json\/wp\/v2\/comments?post=27853"}],"version-history":[{"count":2,"href":"https:\/\/www.tornum.com\/es\/wp-json\/wp\/v2\/product\/27853\/revisions"}],"predecessor-version":[{"id":27869,"href":"https:\/\/www.tornum.com\/es\/wp-json\/wp\/v2\/product\/27853\/revisions\/27869"}],"wp:featuredmedia":[{"embeddable":true,"href":"https:\/\/www.tornum.com\/es\/wp-json\/wp\/v2\/media\/26910"}],"wp:attachment":[{"href":"https:\/\/www.tornum.com\/es\/wp-json\/wp\/v2\/media?parent=27853"}],"wp:term":[{"taxonomy":"product_brand","embeddable":true,"href":"https:\/\/www.tornum.com\/es\/wp-json\/wp\/v2\/product_brand?post=27853"},{"taxonomy":"product_cat","embeddable":true,"href":"https:\/\/www.tornum.com\/es\/wp-json\/wp\/v2\/product_cat?post=27853"},{"taxonomy":"product_tag","embeddable":true,"href":"https:\/\/www.tornum.com\/es\/wp-json\/wp\/v2\/product_tag?post=27853"}],"curies":[{"name":"wp","href":"https:\/\/api.w.org\/{rel}","templated":true}]}}