{"id":27854,"date":"2023-05-14T20:17:35","date_gmt":"2023-05-14T20:17:35","guid":{"rendered":"https:\/\/www.tornum.com\/product\/u-trough-screw-auger-rsu\/"},"modified":"2025-07-31T06:39:26","modified_gmt":"2025-07-31T06:39:26","slug":"tornillo-transportador-rsu-en-forma-de-u","status":"publish","type":"product","link":"https:\/\/www.tornum.com\/es\/producto\/tornillo-transportador-rsu-en-forma-de-u\/","title":{"rendered":"TORNILLO TRANSPORTADOR RSU EN FORMA DE U"},"content":{"rendered":"<p><strong>TORNILLO TRANSPORTADOR RSU EN FORMA DE U<\/strong><\/p>\n<p>El tornillo transportador en forma de U de TORNUM est\u00e1 dise\u00f1ado para el transporte horizontal de granos, semillas, harina y otros materiales granulares.<\/p>\n<p>El RSU est\u00e1 dise\u00f1ado seg\u00fan el principio del kit de construcci\u00f3n. Esto facilita la planificaci\u00f3n, almacenamiento, entrega e instalaci\u00f3n.<\/p>\n<p>El RSU se utiliza para la manipulaci\u00f3n de granos donde hay una demanda de alta capacidad. El RSU de Svea es adaptable a todo tipo de sistemas de transporte y puede utilizarse para transportar no solo granos, sino tambi\u00e9n todo tipo de materiales en forma granulada, en polvo o en forma de pellets.<\/p>\n<p>El RSU es de tipo voladizo, ya que la espiral est\u00e1 soldada a un tubo central resistente. Adem\u00e1s, el RSU de Svea cuenta con rodamientos intermedios especialmente dise\u00f1ados con la menor resistencia posible al flujo de material.<\/p>\n<p>El RSU cuenta con una unidad de accionamiento compacta con engranaje de tornillo sin fin. Es libre de mantenimiento y f\u00e1cil de instalar. Tambi\u00e9n est\u00e1 disponible una protecci\u00f3n contra la lluvia para la unidad de accionamiento, los rodamientos y las juntas.<\/p>\n","protected":false},"excerpt":{"rendered":"<p>El tornillo transportador en forma de U de Tornum est\u00e1 dise\u00f1ado para el transporte horizontal de granos, semillas, harina y otros materiales granulares.<\/p>\n","protected":false},"featured_media":27086,"comment_status":"open","ping_status":"closed","template":"","meta":{"_acf_changed":false},"product_brand":[],"product_cat":[747,762,754,755,763,801],"product_tag":[795,781],"class_list":{"0":"post-27854","1":"product","2":"type-product","3":"status-publish","4":"has-post-thumbnail","6":"product_cat-all-products-es","7":"product_cat-feed-es","8":"product_cat-food-2-es","9":"product_cat-grain-es","10":"product_cat-material-handling-es","11":"product_cat-screw-auger-es","12":"product_tag-storage-es","13":"product_tag-transport-es","14":"description-off","16":"first","17":"instock","18":"shipping-taxable","19":"product-type-simple"},"acf":[],"_links":{"self":[{"href":"https:\/\/www.tornum.com\/es\/wp-json\/wp\/v2\/product\/27854","targetHints":{"allow":["GET"]}}],"collection":[{"href":"https:\/\/www.tornum.com\/es\/wp-json\/wp\/v2\/product"}],"about":[{"href":"https:\/\/www.tornum.com\/es\/wp-json\/wp\/v2\/types\/product"}],"replies":[{"embeddable":true,"href":"https:\/\/www.tornum.com\/es\/wp-json\/wp\/v2\/comments?post=27854"}],"version-history":[{"count":2,"href":"https:\/\/www.tornum.com\/es\/wp-json\/wp\/v2\/product\/27854\/revisions"}],"predecessor-version":[{"id":27871,"href":"https:\/\/www.tornum.com\/es\/wp-json\/wp\/v2\/product\/27854\/revisions\/27871"}],"wp:featuredmedia":[{"embeddable":true,"href":"https:\/\/www.tornum.com\/es\/wp-json\/wp\/v2\/media\/27086"}],"wp:attachment":[{"href":"https:\/\/www.tornum.com\/es\/wp-json\/wp\/v2\/media?parent=27854"}],"wp:term":[{"taxonomy":"product_brand","embeddable":true,"href":"https:\/\/www.tornum.com\/es\/wp-json\/wp\/v2\/product_brand?post=27854"},{"taxonomy":"product_cat","embeddable":true,"href":"https:\/\/www.tornum.com\/es\/wp-json\/wp\/v2\/product_cat?post=27854"},{"taxonomy":"product_tag","embeddable":true,"href":"https:\/\/www.tornum.com\/es\/wp-json\/wp\/v2\/product_tag?post=27854"}],"curies":[{"name":"wp","href":"https:\/\/api.w.org\/{rel}","templated":true}]}}