{"id":50120,"date":"2025-07-17T08:25:36","date_gmt":"2025-07-17T08:25:36","guid":{"rendered":"https:\/\/www.tornum.com\/?post_type=product&#038;p=50120"},"modified":"2025-08-01T08:03:48","modified_gmt":"2025-08-01T08:03:48","slug":"ventiladores-centrifugos-media-presion-2","status":"publish","type":"product","link":"https:\/\/www.tornum.com\/es\/producto\/ventiladores-centrifugos-media-presion-2\/","title":{"rendered":"VENTILADORES CENTR\u00cdFUGOS &#8211; MEDIA PRESI\u00d3N"},"content":{"rendered":"<div class=\"wpb-content-wrapper\"><p>[vc_row][vc_column width=\u00bb2\/3&#8243;][vc_column_text css=\u00bb\u00bb]Los ventiladores centr\u00edfugos Tornum, tienen un dise\u00f1o limpio y robusto. Su capacidad de presi\u00f3n media los hace ideales para el tratamiento de grano h\u00famedo. Tambi\u00e9n son adecuados para sistemas de aspiraci\u00f3n con filtros, para un ambiente interior libre de polvo. Las m\u00faltiples opciones de montaje facilitan su instalaci\u00f3n. El ventilador presenta una robusta construcci\u00f3n completamente soldada de chapa de acero. El rotor del ventilador lleva de serie palas orientadas hacia atr\u00e1s para conseguir un alto rendimiento. Alternativamente, pueden pedirse con palas planas hacia atr\u00e1s para hacer frente al aire polvoriento. Opciones de transici\u00f3n de entrada y salida para conductos helicoidales spiro.[\/vc_column_text][\/vc_column][vc_column width=\u00bb1\/3&#8243;][vc_column_text css=\u00bb\u00bb]<strong>CARACTER\u00cdSTICAS<\/strong><br \/>\n\u2022 Caudal: 400 \u2013 135.000 m\u00b3\/h<br \/>\n\u2022 \u00c1rea de presi\u00f3n: 100 \u2013 7.500 Pa<br \/>\n\u2022 Temperatura m\u00e1xima del gas en funcionamiento est\u00e1ndar: 40\u00b0C<br \/>\n\u2022 Temperatura m\u00e1xima del gas con placa de refrigeraci\u00f3n: 300\u00b0C<br \/>\n\u2022 Tipo de rotor: Radial, curvada hacia atr\u00e1s[\/vc_column_text][\/vc_column][\/vc_row]<\/p>\n<\/div>","protected":false},"excerpt":{"rendered":"<p>Los ventiladores centr\u00edfugos de media presi\u00f3n de Tornum, est\u00e1n dise\u00f1ados para tratar, enfriar y secar grano. Los ventiladores son muy eficientes con bajas emisiones de ruido. <\/p>\n","protected":false},"featured_media":47342,"comment_status":"open","ping_status":"closed","template":"","meta":{"_acf_changed":false},"product_brand":[],"product_cat":[747,755,748,799],"product_tag":[752],"class_list":{"0":"post-50120","1":"product","2":"type-product","3":"status-publish","4":"has-post-thumbnail","6":"product_cat-all-products-es","7":"product_cat-grain-es","8":"product_cat-conditioning-es","9":"product_cat-centrifugal-fan-es","10":"product_tag-fan-es","11":"description-off","13":"first","14":"instock","15":"shipping-taxable","16":"product-type-simple"},"acf":[],"_links":{"self":[{"href":"https:\/\/www.tornum.com\/es\/wp-json\/wp\/v2\/product\/50120","targetHints":{"allow":["GET"]}}],"collection":[{"href":"https:\/\/www.tornum.com\/es\/wp-json\/wp\/v2\/product"}],"about":[{"href":"https:\/\/www.tornum.com\/es\/wp-json\/wp\/v2\/types\/product"}],"replies":[{"embeddable":true,"href":"https:\/\/www.tornum.com\/es\/wp-json\/wp\/v2\/comments?post=50120"}],"version-history":[{"count":10,"href":"https:\/\/www.tornum.com\/es\/wp-json\/wp\/v2\/product\/50120\/revisions"}],"predecessor-version":[{"id":51152,"href":"https:\/\/www.tornum.com\/es\/wp-json\/wp\/v2\/product\/50120\/revisions\/51152"}],"wp:featuredmedia":[{"embeddable":true,"href":"https:\/\/www.tornum.com\/es\/wp-json\/wp\/v2\/media\/47342"}],"wp:attachment":[{"href":"https:\/\/www.tornum.com\/es\/wp-json\/wp\/v2\/media?parent=50120"}],"wp:term":[{"taxonomy":"product_brand","embeddable":true,"href":"https:\/\/www.tornum.com\/es\/wp-json\/wp\/v2\/product_brand?post=50120"},{"taxonomy":"product_cat","embeddable":true,"href":"https:\/\/www.tornum.com\/es\/wp-json\/wp\/v2\/product_cat?post=50120"},{"taxonomy":"product_tag","embeddable":true,"href":"https:\/\/www.tornum.com\/es\/wp-json\/wp\/v2\/product_tag?post=50120"}],"curies":[{"name":"wp","href":"https:\/\/api.w.org\/{rel}","templated":true}]}}