{"id":53632,"date":"2026-02-19T12:48:58","date_gmt":"2026-02-19T12:48:58","guid":{"rendered":"https:\/\/www.tornum.com\/?post_type=product&#038;p=53632"},"modified":"2026-03-25T09:18:34","modified_gmt":"2026-03-25T09:18:34","slug":"atlas","status":"publish","type":"product","link":"https:\/\/www.tornum.com\/es\/producto\/atlas\/","title":{"rendered":"ATLAS"},"content":{"rendered":"<div class=\"wpb-content-wrapper\"><p>[vc_row][vc_column width=\u00bb1\/2&#8243;][vc_column_text css=\u00bb\u00bb]<\/p>\n<p data-start=\"138\" data-end=\"466\"><strong data-start=\"138\" data-end=\"157\">Dise\u00f1ado para la eficiencia y la seguridad<\/strong><\/p>\n<p data-start=\"138\" data-end=\"466\">Atlas Transport coordina cada componente de su sistema, ahorrando tiempo y evitando errores. Los operadores solo necesitan seleccionar los puntos de inicio y fin, y Atlas hace el resto. Esto permite una operaci\u00f3n fluida con menos supervisi\u00f3n, retroalimentaci\u00f3n en tiempo real y gesti\u00f3n de alarmas, as\u00ed como ciclos de transferencia m\u00e1s r\u00e1pidos, seguros y limpios.<\/p>\n<p data-start=\"468\" data-end=\"865\">Como parte del ecosistema Atlas, el sistema de transporte se integra con todos los dem\u00e1s m\u00f3dulos, incluidos los controladores de secadores y el control inteligente de almacenamiento, proporcionando una \u00fanica interfaz para toda la instalaci\u00f3n. Esto permite el control unificado de todas las operaciones de la planta, acceso remoto con datos de rendimiento en tiempo real e informaci\u00f3n predictiva con trazabilidad completa, dando a los operadores control total sobre cada proceso.<\/p>\n<p>[\/vc_column_text][\/vc_column][vc_column width=\u00bb1\/2&#8243;][vc_column_text css=\u00bb\u00bb]<\/p>\n<p data-start=\"164\" data-end=\"347\"><strong data-start=\"164\" data-end=\"183\">Haz que cada grano cuente<\/strong><\/p>\n<p data-start=\"164\" data-end=\"347\">Atlas Transport toma el control total de la manipulaci\u00f3n de grano desde la recepci\u00f3n hasta el almacenamiento y la expedici\u00f3n, garantizando un flujo fluido, autom\u00e1tico e inteligente en toda la instalaci\u00f3n.<\/p>\n<p data-start=\"349\" data-end=\"739\">El sistema est\u00e1 dise\u00f1ado para optimizar cada paso del proceso. Con Scheduling y Auto Pit, las transferencias pueden planificarse y ejecutarse autom\u00e1ticamente, mientras que Multi Destination Queue Scheduling permite gestionar m\u00faltiples rutas en secuencia. Mediante Intelligent Routing, las cintas transportadoras y elevadores se seleccionan autom\u00e1ticamente para cada recorrido, garantizando un transporte eficiente en todo momento.<\/p>\n<p data-start=\"741\" data-end=\"1025\">Los operadores obtienen visibilidad completa con Route Map Visualization, que proporciona una visi\u00f3n clara de cada movimiento de grano. Para mantener la fiabilidad, Blockage Detection and Resolution ayuda a prevenir tiempos de inactividad, mientras que Preventive Maintenance ofrece alertas inteligentes antes de que ocurran fallos.<\/p>\n<p data-start=\"1027\" data-end=\"1165\">Las notificaciones de finalizaci\u00f3n de procesos mantienen informados a los operadores cuando cada transferencia ha finalizado, permitiendo un mejor control y coordinaci\u00f3n.<\/p>\n<p data-start=\"1167\" data-end=\"1292\">En conjunto, estas funciones crean un sistema de manipulaci\u00f3n de grano m\u00e1s inteligente, seguro y eficiente que realmente hace que cada grano cuente.<\/p>\n<p>[\/vc_column_text][\/vc_column][\/vc_row]<\/p>\n<\/div>","protected":false},"excerpt":{"rendered":"<h2 data-start=\"75\" data-end=\"132\">Atlas Transport \u2013 Control m\u00e1s inteligente para instalaciones de grano<\/h2>\n<p data-start=\"134\" data-end=\"638\">Atlas Transport es un sistema avanzado dise\u00f1ado para optimizar la manipulaci\u00f3n de grano desde la recepci\u00f3n hasta el almacenamiento y la expedici\u00f3n, garantizando un flujo fluido, autom\u00e1tico e inteligente en toda la instalaci\u00f3n, al tiempo que mejora la eficiencia y la seguridad. Como parte del ecosistema Atlas, Atlas Transport se integra perfectamente con otros m\u00f3dulos, incluidos los controladores de secadores y los sistemas de almacenamiento inteligente, proporcionando una plataforma unificada donde los operadores pueden supervisar y controlar toda la instalaci\u00f3n a trav\u00e9s de una sola interfaz.<\/p>\n<p>&nbsp;<\/p>\n<p>&nbsp;<\/p>\n","protected":false},"featured_media":53487,"comment_status":"open","ping_status":"closed","template":"","meta":{"_acf_changed":false},"product_brand":[],"product_cat":[747,755,761,827],"product_tag":[770,795],"class_list":{"0":"post-53632","1":"product","2":"type-product","3":"status-publish","4":"has-post-thumbnail","6":"product_cat-all-products-es","7":"product_cat-grain-es","8":"product_cat-grain-management-es","9":"product_cat-nmc-es","10":"product_tag-monitoring-es","11":"product_tag-storage-es","12":"description-off","14":"first","15":"instock","16":"shipping-taxable","17":"product-type-simple"},"acf":[],"_links":{"self":[{"href":"https:\/\/www.tornum.com\/es\/wp-json\/wp\/v2\/product\/53632","targetHints":{"allow":["GET"]}}],"collection":[{"href":"https:\/\/www.tornum.com\/es\/wp-json\/wp\/v2\/product"}],"about":[{"href":"https:\/\/www.tornum.com\/es\/wp-json\/wp\/v2\/types\/product"}],"replies":[{"embeddable":true,"href":"https:\/\/www.tornum.com\/es\/wp-json\/wp\/v2\/comments?post=53632"}],"version-history":[{"count":7,"href":"https:\/\/www.tornum.com\/es\/wp-json\/wp\/v2\/product\/53632\/revisions"}],"predecessor-version":[{"id":53704,"href":"https:\/\/www.tornum.com\/es\/wp-json\/wp\/v2\/product\/53632\/revisions\/53704"}],"wp:featuredmedia":[{"embeddable":true,"href":"https:\/\/www.tornum.com\/es\/wp-json\/wp\/v2\/media\/53487"}],"wp:attachment":[{"href":"https:\/\/www.tornum.com\/es\/wp-json\/wp\/v2\/media?parent=53632"}],"wp:term":[{"taxonomy":"product_brand","embeddable":true,"href":"https:\/\/www.tornum.com\/es\/wp-json\/wp\/v2\/product_brand?post=53632"},{"taxonomy":"product_cat","embeddable":true,"href":"https:\/\/www.tornum.com\/es\/wp-json\/wp\/v2\/product_cat?post=53632"},{"taxonomy":"product_tag","embeddable":true,"href":"https:\/\/www.tornum.com\/es\/wp-json\/wp\/v2\/product_tag?post=53632"}],"curies":[{"name":"wp","href":"https:\/\/api.w.org\/{rel}","templated":true}]}}