{"id":34439,"date":"2023-05-02T20:20:35","date_gmt":"2023-05-02T20:20:35","guid":{"rendered":"https:\/\/www.tornum.com\/reference-feed\/"},"modified":"2024-07-15T14:45:31","modified_gmt":"2024-07-15T14:45:31","slug":"rehut","status":"publish","type":"page","link":"https:\/\/www.tornum.com\/fi\/rehut\/","title":{"rendered":"REHUT"},"content":{"rendered":"\t\t<div data-elementor-type=\"wp-page\" data-elementor-id=\"34439\" class=\"elementor elementor-34439 elementor-9944\" data-elementor-settings=\"{&quot;ha_cmc_init_switcher&quot;:&quot;no&quot;}\" data-elementor-post-type=\"page\">\n\t\t\t\t\t\t<section class=\"elementor-section elementor-top-section elementor-element elementor-element-6288721 elementor-section-boxed elementor-section-height-default elementor-section-height-default\" data-id=\"6288721\" data-element_type=\"section\" data-settings=\"{&quot;_ha_eqh_enable&quot;:false}\">\n\t\t\t\t\t\t<div class=\"elementor-container elementor-column-gap-default\">\n\t\t\t\t\t<div class=\"elementor-column elementor-col-100 elementor-top-column elementor-element elementor-element-145ab86\" data-id=\"145ab86\" data-element_type=\"column\">\n\t\t\t<div class=\"elementor-widget-wrap elementor-element-populated\">\n\t\t\t\t\t\t<div class=\"elementor-element elementor-element-b992879 elementor-widget elementor-widget-spacer\" data-id=\"b992879\" data-element_type=\"widget\" data-widget_type=\"spacer.default\">\n\t\t\t\t<div class=\"elementor-widget-container\">\n\t\t\t\t\t\t\t<div class=\"elementor-spacer\">\n\t\t\t<div class=\"elementor-spacer-inner\"><\/div>\n\t\t<\/div>\n\t\t\t\t\t\t<\/div>\n\t\t\t\t<\/div>\n\t\t\t\t<div class=\"elementor-element elementor-element-5f43abe elementor-widget elementor-widget-heading\" data-id=\"5f43abe\" data-element_type=\"widget\" data-widget_type=\"heading.default\">\n\t\t\t\t<div class=\"elementor-widget-container\">\n\t\t\t\t\t<h2 class=\"elementor-heading-title elementor-size-default\">Rehureferenssit<\/h2>\t\t\t\t<\/div>\n\t\t\t\t<\/div>\n\t\t\t\t<div class=\"elementor-element elementor-element-4878c3a elementor-widget elementor-widget-spacer\" data-id=\"4878c3a\" data-element_type=\"widget\" data-widget_type=\"spacer.default\">\n\t\t\t\t<div class=\"elementor-widget-container\">\n\t\t\t\t\t\t\t<div class=\"elementor-spacer\">\n\t\t\t<div class=\"elementor-spacer-inner\"><\/div>\n\t\t<\/div>\n\t\t\t\t\t\t<\/div>\n\t\t\t\t<\/div>\n\t\t\t\t<div class=\"elementor-element elementor-element-6ac81f1 elementor-widget elementor-widget-text-editor\" data-id=\"6ac81f1\" data-element_type=\"widget\" data-widget_type=\"text-editor.default\">\n\t\t\t\t<div class=\"elementor-widget-container\">\n\t\t\t\t\t\t\t\t\t<p>Tutustu Tornumin kehittyneeseen, laajaan rehunk\u00e4sittelylaitosten referenssiverkostoon maailmanlaajuisesti. N\u00e4it\u00e4 tiloja k\u00e4ytet\u00e4\u00e4n maailmanalaajuisesti ja ne tarjoavat virtaviivaisia \u200b\u200bratkaisuja tehokkaaseen rehun k\u00e4sittelyyn, varastointiin ja siirtoon. Mukautuvat ratkaisut soveltuvat erilaisille tuotantom\u00e4\u00e4rille ja tarjoavat nopeita ja hyvi\u00e4 taloudellisia tuloksia.<\/p>\t\t\t\t\t\t\t\t<\/div>\n\t\t\t\t<\/div>\n\t\t\t\t<div class=\"elementor-element elementor-element-f812a79 elementor-widget elementor-widget-spacer\" data-id=\"f812a79\" data-element_type=\"widget\" data-widget_type=\"spacer.default\">\n\t\t\t\t<div class=\"elementor-widget-container\">\n\t\t\t\t\t\t\t<div class=\"elementor-spacer\">\n\t\t\t<div class=\"elementor-spacer-inner\"><\/div>\n\t\t<\/div>\n\t\t\t\t\t\t<\/div>\n\t\t\t\t<\/div>\n\t\t\t\t\t<\/div>\n\t\t<\/div>\n\t\t\t\t\t<\/div>\n\t\t<\/section>\n\t\t\t\t<section class=\"elementor-section elementor-top-section elementor-element elementor-element-db12f3f elementor-section-boxed elementor-section-height-default elementor-section-height-default\" data-id=\"db12f3f\" data-element_type=\"section\" data-settings=\"{&quot;background_background&quot;:&quot;classic&quot;,&quot;_ha_eqh_enable&quot;:false}\">\n\t\t\t\t\t\t<div class=\"elementor-container elementor-column-gap-default\">\n\t\t\t\t\t<div class=\"elementor-column elementor-col-100 elementor-top-column elementor-element elementor-element-8bdb751\" data-id=\"8bdb751\" data-element_type=\"column\">\n\t\t\t<div class=\"elementor-widget-wrap elementor-element-populated\">\n\t\t\t\t\t\t\t<\/div>\n\t\t<\/div>\n\t\t\t\t\t<\/div>\n\t\t<\/section>\n\t\t\t\t<section class=\"elementor-section elementor-top-section elementor-element elementor-element-5fcb1fa elementor-section-boxed elementor-section-height-default elementor-section-height-default\" data-id=\"5fcb1fa\" data-element_type=\"section\" data-settings=\"{&quot;_ha_eqh_enable&quot;:false}\">\n\t\t\t\t\t\t<div class=\"elementor-container elementor-column-gap-default\">\n\t\t\t\t\t<div class=\"elementor-column elementor-col-100 elementor-top-column elementor-element elementor-element-41aa65b\" data-id=\"41aa65b\" data-element_type=\"column\">\n\t\t\t<div class=\"elementor-widget-wrap elementor-element-populated\">\n\t\t\t\t\t\t<div class=\"elementor-element elementor-element-84669b3 elementor-widget elementor-widget-spacer\" data-id=\"84669b3\" data-element_type=\"widget\" data-widget_type=\"spacer.default\">\n\t\t\t\t<div class=\"elementor-widget-container\">\n\t\t\t\t\t\t\t<div class=\"elementor-spacer\">\n\t\t\t<div class=\"elementor-spacer-inner\"><\/div>\n\t\t<\/div>\n\t\t\t\t\t\t<\/div>\n\t\t\t\t<\/div>\n\t\t\t\t\t<\/div>\n\t\t<\/div>\n\t\t\t\t\t<\/div>\n\t\t<\/section>\n\t\t\t\t<\/div>\n\t\t","protected":false},"excerpt":{"rendered":"<p>Rehureferenssit Tutustu Tornumin kehittyneeseen, laajaan rehunk\u00e4sittelylaitosten referenssiverkostoon maailmanlaajuisesti. N\u00e4it\u00e4 tiloja k\u00e4ytet\u00e4\u00e4n maailmanalaajuisesti ja ne tarjoavat virtaviivaisia \u200b\u200bratkaisuja tehokkaaseen rehun k\u00e4sittelyyn, varastointiin ja siirtoon. Mukautuvat ratkaisut soveltuvat erilaisille tuotantom\u00e4\u00e4rille ja tarjoavat nopeita ja hyvi\u00e4 taloudellisia tuloksia.<\/p>\n","protected":false},"author":1,"featured_media":0,"parent":0,"menu_order":0,"comment_status":"closed","ping_status":"closed","template":"","meta":{"_acf_changed":false,"footnotes":""},"class_list":["post-34439","page","type-page","status-publish","hentry"],"acf":[],"_links":{"self":[{"href":"https:\/\/www.tornum.com\/fi\/wp-json\/wp\/v2\/pages\/34439","targetHints":{"allow":["GET"]}}],"collection":[{"href":"https:\/\/www.tornum.com\/fi\/wp-json\/wp\/v2\/pages"}],"about":[{"href":"https:\/\/www.tornum.com\/fi\/wp-json\/wp\/v2\/types\/page"}],"author":[{"embeddable":true,"href":"https:\/\/www.tornum.com\/fi\/wp-json\/wp\/v2\/users\/1"}],"replies":[{"embeddable":true,"href":"https:\/\/www.tornum.com\/fi\/wp-json\/wp\/v2\/comments?post=34439"}],"version-history":[{"count":7,"href":"https:\/\/www.tornum.com\/fi\/wp-json\/wp\/v2\/pages\/34439\/revisions"}],"predecessor-version":[{"id":38682,"href":"https:\/\/www.tornum.com\/fi\/wp-json\/wp\/v2\/pages\/34439\/revisions\/38682"}],"wp:attachment":[{"href":"https:\/\/www.tornum.com\/fi\/wp-json\/wp\/v2\/media?parent=34439"}],"curies":[{"name":"wp","href":"https:\/\/api.w.org\/{rel}","templated":true}]}}