{"id":48387,"date":"2025-05-15T09:08:13","date_gmt":"2025-05-15T09:08:13","guid":{"rendered":"https:\/\/www.tornum.com\/?page_id=48387"},"modified":"2025-05-24T15:36:51","modified_gmt":"2025-05-24T15:36:51","slug":"lpt","status":"publish","type":"page","link":"https:\/\/www.tornum.com\/fi\/lpt\/","title":{"rendered":"LPT"},"content":{"rendered":"\t\t<div data-elementor-type=\"wp-page\" data-elementor-id=\"48387\" class=\"elementor elementor-48387 elementor-48372\" data-elementor-settings=\"{&quot;ha_cmc_init_switcher&quot;:&quot;no&quot;}\" data-elementor-post-type=\"page\">\n\t\t\t\t\t\t<section class=\"elementor-section elementor-top-section elementor-element elementor-element-b0df5a1 elementor-section-boxed elementor-section-height-default elementor-section-height-default\" data-id=\"b0df5a1\" data-element_type=\"section\" data-settings=\"{&quot;_ha_eqh_enable&quot;:false}\">\n\t\t\t\t\t\t<div class=\"elementor-container elementor-column-gap-default\">\n\t\t\t\t\t<div class=\"elementor-column elementor-col-100 elementor-top-column elementor-element elementor-element-e435765\" data-id=\"e435765\" data-element_type=\"column\">\n\t\t\t<div class=\"elementor-widget-wrap\">\n\t\t\t\t\t\t\t<\/div>\n\t\t<\/div>\n\t\t\t\t\t<\/div>\n\t\t<\/section>\n\t\t\t\t<section class=\"elementor-section elementor-top-section elementor-element elementor-element-91e0499 elementor-section-stretched elementor-section-full_width abt-header elementor-section-height-default elementor-section-height-default\" data-id=\"91e0499\" data-element_type=\"section\" data-settings=\"{&quot;stretch_section&quot;:&quot;section-stretched&quot;,&quot;_ha_eqh_enable&quot;:false}\">\n\t\t\t\t\t\t<div class=\"elementor-container elementor-column-gap-default\">\n\t\t\t\t\t<div class=\"elementor-column elementor-col-50 elementor-top-column elementor-element elementor-element-690b4fd dj-left-con\" data-id=\"690b4fd\" data-element_type=\"column\">\n\t\t\t<div class=\"elementor-widget-wrap elementor-element-populated\">\n\t\t\t\t\t\t<div class=\"elementor-element elementor-element-9a1b5cc elementor-hidden-desktop elementor-hidden-tablet elementor-widget elementor-widget-spacer\" data-id=\"9a1b5cc\" data-element_type=\"widget\" data-widget_type=\"spacer.default\">\n\t\t\t\t<div class=\"elementor-widget-container\">\n\t\t\t\t\t\t\t<div class=\"elementor-spacer\">\n\t\t\t<div class=\"elementor-spacer-inner\"><\/div>\n\t\t<\/div>\n\t\t\t\t\t\t<\/div>\n\t\t\t\t<\/div>\n\t\t\t\t<div class=\"elementor-element elementor-element-0e1de5f elementor-widget elementor-widget-heading\" data-id=\"0e1de5f\" data-element_type=\"widget\" data-widget_type=\"heading.default\">\n\t\t\t\t<div class=\"elementor-widget-container\">\n\t\t\t\t\t<h1 class=\"elementor-heading-title elementor-size-default\"><font color=\"#224585\">LPT<\/font><\/h1>\t\t\t\t<\/div>\n\t\t\t\t<\/div>\n\t\t\t\t<div class=\"elementor-element elementor-element-61d3e9e elementor-hidden-tablet elementor-hidden-mobile elementor-widget elementor-widget-heading\" data-id=\"61d3e9e\" data-element_type=\"widget\" data-widget_type=\"heading.default\">\n\t\t\t\t<div class=\"elementor-widget-container\">\n\t\t\t\t\t<h6 class=\"elementor-heading-title elementor-size-default\"><font color=\"#224585\">Palvelua maailman t\u00e4rkeimm\u00e4lle alalle<\/font>\n\n<\/h6>\t\t\t\t<\/div>\n\t\t\t\t<\/div>\n\t\t\t\t<div class=\"elementor-element elementor-element-10d5e8f elementor-widget elementor-widget-text-editor\" data-id=\"10d5e8f\" data-element_type=\"widget\" data-widget_type=\"text-editor.default\">\n\t\t\t\t<div class=\"elementor-widget-container\">\n\t\t\t\t\t\t\t\t\t<p>Lidk\u00f6pings Pl\u00e5tteknik AB on ollut huhtikuusta 2015 l\u00e4htien Tornum AB\\:n kokonaan omistama tyt\u00e4ryhti\u00f6 Kv\u00e4numissa, ja se on erinomainen lis\u00e4 Tornumin laajaan viljan kuivaus- ja varastointilaitteiden valikoimaan. Lidk\u00f6pings Pl\u00e5tteknikin hankinta on osa Tornumin panostusta Ruotsin viljateollisuuteen. <\/p>\n<p>LPT tarjoaa huolto-, muutos-, laajennus- ja uudisrakentamispalveluja viljank\u00e4sittelylaitoksille rehu- ja viljateollisuudessa, ja on vuosien kokemuksella kehittynyt johtavaksi yhteisty\u00f6kumppaniksi Ruotsin rehu- ja viljateollisuudessa. Kokeneet asentajamme tiet\u00e4v\u00e4t, mit\u00e4 nykyaikaisen viljank\u00e4sittelylaitoksen huolto ja muutosty\u00f6t edellytt\u00e4v\u00e4t, ja heill\u00e4 on henkil\u00f6kohtaista kokemusta alan vaatimuksista. <\/p>\n<p>Puhtaiden huolto- ja asennust\u00f6iden lis\u00e4ksi LPT voi tarjota erikoissuunniteltuja elevaattoreita, kuljettimia ja oheislaitteita, jotka mitoitetaan teknikkojemme toimesta ja valmistetaan omassa verstaassa.<\/p>\n\t\t\t\t\t\t\t\t<\/div>\n\t\t\t\t<\/div>\n\t\t\t\t\t<\/div>\n\t\t<\/div>\n\t\t\t\t<div class=\"elementor-column elementor-col-50 elementor-top-column elementor-element elementor-element-831b69e\" data-id=\"831b69e\" data-element_type=\"column\" data-settings=\"{&quot;background_background&quot;:&quot;classic&quot;}\">\n\t\t\t<div class=\"elementor-widget-wrap elementor-element-populated\">\n\t\t\t\t\t\t<div class=\"elementor-element elementor-element-b9045cb elementor-widget elementor-widget-image\" data-id=\"b9045cb\" data-element_type=\"widget\" data-widget_type=\"image.default\">\n\t\t\t\t<div class=\"elementor-widget-container\">\n\t\t\t\t\t\t\t\t\t\t\t\t\t\t\t<img fetchpriority=\"high\" decoding=\"async\" width=\"1024\" height=\"568\" src=\"https:\/\/www.tornum.com\/wp-content\/uploads\/2025\/03\/tmep_picture_1-3-1024x568.png\" class=\"attachment-large size-large wp-image-46955\" alt=\"\" srcset=\"https:\/\/www.tornum.com\/wp-content\/uploads\/2025\/03\/tmep_picture_1-3-1024x568.png 1024w, https:\/\/www.tornum.com\/wp-content\/uploads\/2025\/03\/tmep_picture_1-3-300x166.png 300w, https:\/\/www.tornum.com\/wp-content\/uploads\/2025\/03\/tmep_picture_1-3-768x426.png 768w, https:\/\/www.tornum.com\/wp-content\/uploads\/2025\/03\/tmep_picture_1-3-24x13.png 24w, https:\/\/www.tornum.com\/wp-content\/uploads\/2025\/03\/tmep_picture_1-3-36x20.png 36w, https:\/\/www.tornum.com\/wp-content\/uploads\/2025\/03\/tmep_picture_1-3-48x27.png 48w, https:\/\/www.tornum.com\/wp-content\/uploads\/2025\/03\/tmep_picture_1-3.png 1305w\" sizes=\"(max-width: 1024px) 100vw, 1024px\" \/>\t\t\t\t\t\t\t\t\t\t\t\t\t\t\t<\/div>\n\t\t\t\t<\/div>\n\t\t\t\t\t<\/div>\n\t\t<\/div>\n\t\t\t\t\t<\/div>\n\t\t<\/section>\n\t\t\t\t<section class=\"elementor-section elementor-top-section elementor-element elementor-element-2e675a4 elementor-section-stretched elementor-section-full_width abt-header elementor-section-height-default elementor-section-height-default\" data-id=\"2e675a4\" data-element_type=\"section\" data-settings=\"{&quot;stretch_section&quot;:&quot;section-stretched&quot;,&quot;_ha_eqh_enable&quot;:false}\">\n\t\t\t\t\t\t<div class=\"elementor-container elementor-column-gap-default\">\n\t\t\t\t\t<div class=\"elementor-column elementor-col-50 elementor-top-column elementor-element elementor-element-fc5fdbb\" data-id=\"fc5fdbb\" data-element_type=\"column\" data-settings=\"{&quot;background_background&quot;:&quot;classic&quot;}\">\n\t\t\t<div class=\"elementor-widget-wrap elementor-element-populated\">\n\t\t\t\t\t\t<div class=\"elementor-element elementor-element-a2ccc42 elementor-widget elementor-widget-image\" data-id=\"a2ccc42\" data-element_type=\"widget\" data-widget_type=\"image.default\">\n\t\t\t\t<div class=\"elementor-widget-container\">\n\t\t\t\t\t\t\t\t\t\t\t\t\t\t\t<img decoding=\"async\" width=\"720\" height=\"405\" src=\"https:\/\/www.tornum.com\/wp-content\/uploads\/2025\/03\/tornum-lpt-tjanster-1.jpg\" class=\"attachment-large size-large wp-image-47036\" alt=\"\" srcset=\"https:\/\/www.tornum.com\/wp-content\/uploads\/2025\/03\/tornum-lpt-tjanster-1.jpg 720w, https:\/\/www.tornum.com\/wp-content\/uploads\/2025\/03\/tornum-lpt-tjanster-1-300x169.jpg 300w, https:\/\/www.tornum.com\/wp-content\/uploads\/2025\/03\/tornum-lpt-tjanster-1-24x14.jpg 24w, https:\/\/www.tornum.com\/wp-content\/uploads\/2025\/03\/tornum-lpt-tjanster-1-36x20.jpg 36w, https:\/\/www.tornum.com\/wp-content\/uploads\/2025\/03\/tornum-lpt-tjanster-1-48x27.jpg 48w, https:\/\/www.tornum.com\/wp-content\/uploads\/2025\/03\/tornum-lpt-tjanster-1-600x338.jpg 600w\" sizes=\"(max-width: 720px) 100vw, 720px\" \/>\t\t\t\t\t\t\t\t\t\t\t\t\t\t\t<\/div>\n\t\t\t\t<\/div>\n\t\t\t\t\t<\/div>\n\t\t<\/div>\n\t\t\t\t<div class=\"elementor-column elementor-col-50 elementor-top-column elementor-element elementor-element-fe1e124 dj-left-con\" data-id=\"fe1e124\" data-element_type=\"column\">\n\t\t\t<div class=\"elementor-widget-wrap elementor-element-populated\">\n\t\t\t\t\t\t<div class=\"elementor-element elementor-element-1539af4 elementor-widget elementor-widget-heading\" data-id=\"1539af4\" data-element_type=\"widget\" data-widget_type=\"heading.default\">\n\t\t\t\t<div class=\"elementor-widget-container\">\n\t\t\t\t\t<h6 class=\"elementor-heading-title elementor-size-default\"><h1 style=\"font-style: normal;font-family: Poppins, sans-serif;text-transform: none;letter-spacing: normal\"><h1 style=\"font-style: normal;font-family: Poppins, sans-serif;text-transform: none;letter-spacing: normal\"><a>Palvelut<\/a><\/h1><\/h1><\/h6>\t\t\t\t<\/div>\n\t\t\t\t<\/div>\n\t\t\t\t<div class=\"elementor-element elementor-element-8e97840 elementor-widget elementor-widget-text-editor\" data-id=\"8e97840\" data-element_type=\"widget\" data-widget_type=\"text-editor.default\">\n\t\t\t\t<div class=\"elementor-widget-container\">\n\t\t\t\t\t\t\t\t\t<p class=\"p2\"><b>Lidk\u00f6pings Pl\u00e5tteknik tarjoaa kaikki huolto-, kunnossapito- ja asennuspalvelut vilja- ja rehuteollisuudelle. Osaamisemme ja kokemuksemme ovat tehneet meist\u00e4 arvostetun yhteisty\u00f6kumppanin Ruotsin johtaville toimijoille. <\/b><\/p>\n<p class=\"p2\">Klikkaa otsikoita saadaksesi lis\u00e4tietoa eri palveluista.<\/p>\n<p class=\"p2\"><span class=\"s1\"><a href=\"https:\/\/www2.tornum.com\/sv\/lpts-tjanster-projektinstallation\/\"><b>Projektiasennus<\/b><\/a><\/span><br \/>Uudisrakentaminen vaatii huolellista suunnittelua ja luotettavan kumppanin, joka voi auttaa koko prosessin ajan. LPT on perustamisestaan l\u00e4htien toteuttanut uusien ter\u00e4srakenteiden rakentamista sek\u00e4 uusien konelaitteistojen asennuksia viljateollisuudelle eri puolilla Ruotsia. <\/p>\n<p class=\"p2\"><span class=\"s1\"><a href=\"https:\/\/www2.tornum.com\/sv\/lpts-tjanster-underhall\/\"><b>Ennaltaehk\u00e4isev\u00e4 kunnossapito<\/b><\/a><\/span><br \/>Tarjottavat palvelut voivat olla kaikkea yksitt\u00e4isist\u00e4 huoltot\u00f6ist\u00e4 pitk\u00e4aikaisiin huolto- ja p\u00e4ivystyssopimuksiin. Kaikki ty\u00f6t suorittaa kokenut henkil\u00f6kuntamme, jolla on vankka tekninen osaaminen sek\u00e4 tieto siit\u00e4, millaisia vaatimuksia nykyaikainen ruotsalainen viljateollisuus asettaa. <\/p>\n<p class=\"p2\"><span class=\"s1\"><a href=\"https:\/\/www2.tornum.com\/sv\/lpts-tjanster-ombyggnation\/\"><b>Muutosrakentaminen<\/b><\/a><\/span><br \/>LPT tarjoaa kaikenlaisia muutost\u00f6it\u00e4 s\u00e4ili\u00f6iss\u00e4, kuljettimissa, elevaattoreissa, poistoh\u00f6yrys\u00e4ili\u00f6iss\u00e4 ym. energiatehokkuuden parantamiseksi ja laitoksen suorituskyvyn lis\u00e4\u00e4miseksi.<\/p>\n<p class=\"p2\"><span class=\"s1\"><a href=\"https:\/\/www2.tornum.com\/sv\/lpts-tjanster-silorengoring\/\"><b>S\u00e4ili\u00f6n puhdistus<\/b><\/a><\/span><br \/>LPT suorittaa s\u00e4ili\u00f6n puhdistuksen ammattimaisesti ja turvallisesti sopivina vuodenaikoina h\u00e4iriten toimintaa mahdollisimman v\u00e4h\u00e4n.<\/p>\n\t\t\t\t\t\t\t\t<\/div>\n\t\t\t\t<\/div>\n\t\t\t\t\t<\/div>\n\t\t<\/div>\n\t\t\t\t\t<\/div>\n\t\t<\/section>\n\t\t\t\t<section class=\"elementor-section elementor-top-section elementor-element elementor-element-53d26cb elementor-section-stretched elementor-section-full_width abt-header elementor-section-height-default elementor-section-height-default\" data-id=\"53d26cb\" data-element_type=\"section\" data-settings=\"{&quot;stretch_section&quot;:&quot;section-stretched&quot;,&quot;_ha_eqh_enable&quot;:false}\">\n\t\t\t\t\t\t<div class=\"elementor-container elementor-column-gap-default\">\n\t\t\t\t\t<div class=\"elementor-column elementor-col-50 elementor-top-column elementor-element elementor-element-28253eb dj-left-con\" data-id=\"28253eb\" data-element_type=\"column\">\n\t\t\t<div class=\"elementor-widget-wrap elementor-element-populated\">\n\t\t\t\t\t\t<div class=\"elementor-element elementor-element-654fe23 elementor-hidden-desktop elementor-hidden-tablet elementor-widget elementor-widget-spacer\" data-id=\"654fe23\" data-element_type=\"widget\" data-widget_type=\"spacer.default\">\n\t\t\t\t<div class=\"elementor-widget-container\">\n\t\t\t\t\t\t\t<div class=\"elementor-spacer\">\n\t\t\t<div class=\"elementor-spacer-inner\"><\/div>\n\t\t<\/div>\n\t\t\t\t\t\t<\/div>\n\t\t\t\t<\/div>\n\t\t\t\t<div class=\"elementor-element elementor-element-11cf90b elementor-widget elementor-widget-heading\" data-id=\"11cf90b\" data-element_type=\"widget\" data-widget_type=\"heading.default\">\n\t\t\t\t<div class=\"elementor-widget-container\">\n\t\t\t\t\t<h1 class=\"elementor-heading-title elementor-size-default\"><a>Valikoima<\/a><\/h1>\t\t\t\t<\/div>\n\t\t\t\t<\/div>\n\t\t\t\t<div class=\"elementor-element elementor-element-b8f9ad9 elementor-hidden-tablet elementor-hidden-mobile elementor-widget elementor-widget-heading\" data-id=\"b8f9ad9\" data-element_type=\"widget\" data-widget_type=\"heading.default\">\n\t\t\t\t<div class=\"elementor-widget-container\">\n\t\t\t\t\t<h6 class=\"elementor-heading-title elementor-size-default\"><p class=\"p2\" style=\"font-size: 16px\"><span style=\"font-weight: 700\">LPT tarjoaa kaikkea yksitt\u00e4isist\u00e4 varaosista r\u00e4\u00e4t\u00e4l\u00f6ityihin elevaattoreihin, kuljettimiin ja t\u00e4ydellisiin poistoj\u00e4rjestelmiin. Kaikki valikoimamme tuotteet voidaan asentaa kokeneiden ja osaavien asentajiemme toimesta. <\/span><\/p><ul class=\"ul1\" style=\"margin-bottom: 10px;font-size: 16px\"><li class=\"li2\"><span class=\"s1\"><a href=\"https:\/\/www2.tornum.com\/sv\/lpts-produkter\/\"><span class=\"s2\"><b>Viljaputket ja jakajat<\/b><\/span><\/a><\/span><\/li><li class=\"li2\"><span class=\"s1\"><a href=\"https:\/\/www2.tornum.com\/sv\/lpts-produkter-2\/\"><span class=\"s2\"><b>Elevaattorit<\/b><\/span><\/a><\/span><\/li><li class=\"li2\"><span class=\"s1\"><a href=\"https:\/\/www2.tornum.com\/sv\/lpts-produkter-3\/\"><span class=\"s2\"><b>Kuljettimet<\/b><\/span><\/a><\/span><\/li><li class=\"li2\"><span class=\"s1\"><a href=\"https:\/\/www2.tornum.com\/sv\/lpts-produkter-4\/\"><span class=\"s2\"><b>Poistoj\u00e4rjestelm\u00e4<\/b><\/span><\/a><\/span><\/li><\/ul><\/h6>\t\t\t\t<\/div>\n\t\t\t\t<\/div>\n\t\t\t\t\t<\/div>\n\t\t<\/div>\n\t\t\t\t<div class=\"elementor-column elementor-col-50 elementor-top-column elementor-element elementor-element-52d458b\" data-id=\"52d458b\" data-element_type=\"column\" data-settings=\"{&quot;background_background&quot;:&quot;classic&quot;}\">\n\t\t\t<div class=\"elementor-widget-wrap elementor-element-populated\">\n\t\t\t\t\t\t<div class=\"elementor-element elementor-element-86e45e2 elementor-widget elementor-widget-image\" data-id=\"86e45e2\" data-element_type=\"widget\" data-widget_type=\"image.default\">\n\t\t\t\t<div class=\"elementor-widget-container\">\n\t\t\t\t\t\t\t\t\t\t\t\t\t\t\t<img decoding=\"async\" width=\"747\" height=\"420\" src=\"https:\/\/www.tornum.com\/wp-content\/uploads\/2025\/03\/lpt-jacob-spannmalsror-thumbnails.png\" class=\"attachment-large size-large wp-image-47047\" alt=\"\" srcset=\"https:\/\/www.tornum.com\/wp-content\/uploads\/2025\/03\/lpt-jacob-spannmalsror-thumbnails.png 747w, https:\/\/www.tornum.com\/wp-content\/uploads\/2025\/03\/lpt-jacob-spannmalsror-thumbnails-300x169.png 300w, https:\/\/www.tornum.com\/wp-content\/uploads\/2025\/03\/lpt-jacob-spannmalsror-thumbnails-24x13.png 24w, https:\/\/www.tornum.com\/wp-content\/uploads\/2025\/03\/lpt-jacob-spannmalsror-thumbnails-36x20.png 36w, https:\/\/www.tornum.com\/wp-content\/uploads\/2025\/03\/lpt-jacob-spannmalsror-thumbnails-48x27.png 48w, https:\/\/www.tornum.com\/wp-content\/uploads\/2025\/03\/lpt-jacob-spannmalsror-thumbnails-600x337.png 600w\" sizes=\"(max-width: 747px) 100vw, 747px\" \/>\t\t\t\t\t\t\t\t\t\t\t\t\t\t\t<\/div>\n\t\t\t\t<\/div>\n\t\t\t\t\t<\/div>\n\t\t<\/div>\n\t\t\t\t\t<\/div>\n\t\t<\/section>\n\t\t\t\t<section class=\"elementor-section elementor-top-section elementor-element elementor-element-e2b295d elementor-section-stretched elementor-section-full_width abt-header elementor-section-height-default elementor-section-height-default\" data-id=\"e2b295d\" data-element_type=\"section\" data-settings=\"{&quot;stretch_section&quot;:&quot;section-stretched&quot;,&quot;_ha_eqh_enable&quot;:false}\">\n\t\t\t\t\t\t<div class=\"elementor-container elementor-column-gap-default\">\n\t\t\t\t\t<div class=\"elementor-column elementor-col-50 elementor-top-column elementor-element elementor-element-5ba5b52\" data-id=\"5ba5b52\" data-element_type=\"column\" data-settings=\"{&quot;background_background&quot;:&quot;classic&quot;}\">\n\t\t\t<div class=\"elementor-widget-wrap elementor-element-populated\">\n\t\t\t\t\t\t<div class=\"elementor-element elementor-element-2b96108 elementor-widget elementor-widget-image\" data-id=\"2b96108\" data-element_type=\"widget\" data-widget_type=\"image.default\">\n\t\t\t\t<div class=\"elementor-widget-container\">\n\t\t\t\t\t\t\t\t\t\t\t\t\t\t\t<img loading=\"lazy\" decoding=\"async\" width=\"1024\" height=\"640\" src=\"https:\/\/www.tornum.com\/wp-content\/uploads\/2024\/08\/nidera-1024x640-1.jpg\" class=\"attachment-large size-large wp-image-42317\" alt=\"\" srcset=\"https:\/\/www.tornum.com\/wp-content\/uploads\/2024\/08\/nidera-1024x640-1.jpg 1024w, https:\/\/www.tornum.com\/wp-content\/uploads\/2024\/08\/nidera-1024x640-1-300x188.jpg 300w, https:\/\/www.tornum.com\/wp-content\/uploads\/2024\/08\/nidera-1024x640-1-768x480.jpg 768w, https:\/\/www.tornum.com\/wp-content\/uploads\/2024\/08\/nidera-1024x640-1-24x15.jpg 24w, https:\/\/www.tornum.com\/wp-content\/uploads\/2024\/08\/nidera-1024x640-1-36x23.jpg 36w, https:\/\/www.tornum.com\/wp-content\/uploads\/2024\/08\/nidera-1024x640-1-48x30.jpg 48w, https:\/\/www.tornum.com\/wp-content\/uploads\/2024\/08\/nidera-1024x640-1-600x375.jpg 600w\" sizes=\"(max-width: 1024px) 100vw, 1024px\" \/>\t\t\t\t\t\t\t\t\t\t\t\t\t\t\t<\/div>\n\t\t\t\t<\/div>\n\t\t\t\t\t<\/div>\n\t\t<\/div>\n\t\t\t\t<div class=\"elementor-column elementor-col-50 elementor-top-column elementor-element elementor-element-0d31128 dj-left-con\" data-id=\"0d31128\" data-element_type=\"column\">\n\t\t\t<div class=\"elementor-widget-wrap elementor-element-populated\">\n\t\t\t\t\t\t<div class=\"elementor-element elementor-element-e6ecc69 elementor-widget elementor-widget-heading\" data-id=\"e6ecc69\" data-element_type=\"widget\" data-widget_type=\"heading.default\">\n\t\t\t\t<div class=\"elementor-widget-container\">\n\t\t\t\t\t<h1 class=\"elementor-heading-title elementor-size-default\"><a>Referenssit<\/a><\/h1>\t\t\t\t<\/div>\n\t\t\t\t<\/div>\n\t\t\t\t<div class=\"elementor-element elementor-element-306a99b elementor-widget elementor-widget-text-editor\" data-id=\"306a99b\" data-element_type=\"widget\" data-widget_type=\"text-editor.default\">\n\t\t\t\t<div class=\"elementor-widget-container\">\n\t\t\t\t\t\t\t\t\t<p class=\"p1\" style=\"margin-bottom: 10px;\"><span class=\"s1\"><a href=\"https:\/\/www2.tornum.com\/reference\/lantmannen-energi-kvanum\/\"><span style=\"font-weight: bold;\">Lantm\u00e4nnen Energi Kv\u00e4num<\/span><\/a><\/span><br \/>\u2013 P\u00f6lynimuri purkuastioihin<\/p>\n<p class=\"p1\" style=\"margin-bottom: 10px;\"><span class=\"s1\"><a href=\"https:\/\/www2.tornum.com\/reference\/lantmannen-lidkoping\/\"><span style=\"font-weight: bold;\">Lantm\u00e4nnen Lidk\u00f6ping<\/span><\/a><\/span><br \/>\u2013Vaakaterminaalirakennuksen uudisrakentaminen<br \/>\u2013 Savupiipun asennus pellettij\u00e4\u00e4hdyttimeen<br \/>\u2013 Uudet \u00e4\u00e4nenvaimentimet kuivaustuulettimelle<br \/>\u2013 <a href=\"https:\/\/www2.tornum.com\/sv\/reference\/vakumsystem-for-foderblandningar\/\"><span class=\"s1\">Uusi imuj\u00e4rjestelm\u00e4<\/span><\/a><\/p>\n<p class=\"p1\" style=\"margin-bottom: 10px;\"><span class=\"s1\"><a href=\"https:\/\/www2.tornum.com\/reference\/lantmannen-vasteras\/\"><span style=\"font-weight: bold;\">Lantm\u00e4nnen V\u00e4ster\u00e5s<\/span><\/a><\/span><br \/>\u2013 Uudet suodattimet pellettij\u00e4\u00e4hdyttimeen<\/p>\n<p class=\"p1\" style=\"margin-bottom: 10px;\"><span class=\"s1\"><a href=\"https:\/\/www2.tornum.com\/reference\/lantmannen-ahus\/\"><span style=\"font-weight: bold;\">Lantm\u00e4nnen \u00c5hus<\/span><\/a><\/span><br \/>\u2013Ylipaine-suodatin pellettij\u00e4\u00e4hdyttimeen<\/p>\n<p class=\"p1\"><span class=\"s1\"><a href=\"https:\/\/www2.tornum.com\/reference\/reppe-kvarn-lidkoping\/\"><span style=\"font-weight: bold;\">Reppe Kvarn Lidk\u00f6ping<\/span><\/a><\/span><br \/>\u2013 Uusien rullatuolien asennus<\/p>\n\t\t\t\t\t\t\t\t<\/div>\n\t\t\t\t<\/div>\n\t\t\t\t\t<\/div>\n\t\t<\/div>\n\t\t\t\t\t<\/div>\n\t\t<\/section>\n\t\t\t\t<section class=\"elementor-section elementor-top-section elementor-element elementor-element-37b6ec7 elementor-section-stretched elementor-section-full_width abt-header elementor-section-height-default elementor-section-height-default\" data-id=\"37b6ec7\" data-element_type=\"section\" data-settings=\"{&quot;stretch_section&quot;:&quot;section-stretched&quot;,&quot;_ha_eqh_enable&quot;:false}\">\n\t\t\t\t\t\t<div class=\"elementor-container elementor-column-gap-default\">\n\t\t\t\t\t<div class=\"elementor-column elementor-col-50 elementor-top-column elementor-element elementor-element-2f88dff dj-left-con\" data-id=\"2f88dff\" data-element_type=\"column\">\n\t\t\t<div class=\"elementor-widget-wrap elementor-element-populated\">\n\t\t\t\t\t\t<div class=\"elementor-element elementor-element-b5b72d5 elementor-hidden-desktop elementor-hidden-tablet elementor-widget elementor-widget-spacer\" data-id=\"b5b72d5\" data-element_type=\"widget\" data-widget_type=\"spacer.default\">\n\t\t\t\t<div class=\"elementor-widget-container\">\n\t\t\t\t\t\t\t<div class=\"elementor-spacer\">\n\t\t\t<div class=\"elementor-spacer-inner\"><\/div>\n\t\t<\/div>\n\t\t\t\t\t\t<\/div>\n\t\t\t\t<\/div>\n\t\t\t\t<div class=\"elementor-element elementor-element-d1f49e9 elementor-widget elementor-widget-heading\" data-id=\"d1f49e9\" data-element_type=\"widget\" data-widget_type=\"heading.default\">\n\t\t\t\t<div class=\"elementor-widget-container\">\n\t\t\t\t\t<h1 class=\"elementor-heading-title elementor-size-default\"><a>Yhteystiedot<\/a><\/h1>\t\t\t\t<\/div>\n\t\t\t\t<\/div>\n\t\t\t\t<div class=\"elementor-element elementor-element-bcdb519 elementor-widget elementor-widget-text-editor\" data-id=\"bcdb519\" data-element_type=\"widget\" data-widget_type=\"text-editor.default\">\n\t\t\t\t<div class=\"elementor-widget-container\">\n\t\t\t\t\t\t\t\t\t<h5 class=\"p1\">Inge Johansson<\/h5>\n<h5 class=\"p1\">0708-40 16 61<\/h5>\n<h5 class=\"p1\">inge.johansson@lpt.se<\/h5>\n<h5 class=\"p1\">Lidk\u00f6pings Pl\u00e5tteknik AB<\/h5>\n<h5 class=\"p1\">Fabriksgatan 2<\/h5>\n<h5 class=\"p1\">SE-531 30 Lidk\u00f6ping<\/h5>\n<h5 class=\"p1\">E-post: info@lpt.se<\/h5>\t\t\t\t\t\t\t\t<\/div>\n\t\t\t\t<\/div>\n\t\t\t\t\t<\/div>\n\t\t<\/div>\n\t\t\t\t<div class=\"elementor-column elementor-col-50 elementor-top-column elementor-element elementor-element-4b72bea\" data-id=\"4b72bea\" data-element_type=\"column\" data-settings=\"{&quot;background_background&quot;:&quot;classic&quot;}\">\n\t\t\t<div class=\"elementor-widget-wrap elementor-element-populated\">\n\t\t\t\t\t\t<div class=\"elementor-element elementor-element-547fa94 elementor-widget elementor-widget-image\" data-id=\"547fa94\" data-element_type=\"widget\" data-widget_type=\"image.default\">\n\t\t\t\t<div class=\"elementor-widget-container\">\n\t\t\t\t\t\t\t\t\t\t\t\t\t\t\t<img loading=\"lazy\" decoding=\"async\" width=\"637\" height=\"358\" src=\"https:\/\/www.tornum.com\/wp-content\/uploads\/2025\/03\/tornum-lpt-lidkopings-hamn-anlaggning-1.jpg\" class=\"attachment-large size-large wp-image-47097\" alt=\"\" srcset=\"https:\/\/www.tornum.com\/wp-content\/uploads\/2025\/03\/tornum-lpt-lidkopings-hamn-anlaggning-1.jpg 637w, https:\/\/www.tornum.com\/wp-content\/uploads\/2025\/03\/tornum-lpt-lidkopings-hamn-anlaggning-1-300x169.jpg 300w, https:\/\/www.tornum.com\/wp-content\/uploads\/2025\/03\/tornum-lpt-lidkopings-hamn-anlaggning-1-24x13.jpg 24w, https:\/\/www.tornum.com\/wp-content\/uploads\/2025\/03\/tornum-lpt-lidkopings-hamn-anlaggning-1-36x20.jpg 36w, https:\/\/www.tornum.com\/wp-content\/uploads\/2025\/03\/tornum-lpt-lidkopings-hamn-anlaggning-1-48x27.jpg 48w, https:\/\/www.tornum.com\/wp-content\/uploads\/2025\/03\/tornum-lpt-lidkopings-hamn-anlaggning-1-600x337.jpg 600w\" sizes=\"(max-width: 637px) 100vw, 637px\" \/>\t\t\t\t\t\t\t\t\t\t\t\t\t\t\t<\/div>\n\t\t\t\t<\/div>\n\t\t\t\t\t<\/div>\n\t\t<\/div>\n\t\t\t\t\t<\/div>\n\t\t<\/section>\n\t\t\t\t<\/div>\n\t\t","protected":false},"excerpt":{"rendered":"<p>LPT Palvelua maailman t\u00e4rkeimm\u00e4lle alalle Lidk\u00f6pings Pl\u00e5tteknik AB on ollut huhtikuusta 2015 l\u00e4htien Tornum AB:n kokonaan omistama tyt\u00e4ryhti\u00f6 Kv\u00e4numissa, ja se on erinomainen lis\u00e4 Tornumin laajaan viljan kuivaus- ja varastointilaitteiden valikoimaan. Lidk\u00f6pings Pl\u00e5tteknikin hankinta on osa Tornumin panostusta Ruotsin viljateollisuuteen. LPT tarjoaa huolto-, muutos-, laajennus- ja uudisrakentamispalveluja viljank\u00e4sittelylaitoksille rehu- ja viljateollisuudessa, ja on vuosien kokemuksella&hellip;<\/p>\n","protected":false},"author":9,"featured_media":0,"parent":0,"menu_order":0,"comment_status":"closed","ping_status":"closed","template":"elementor_header_footer","meta":{"_acf_changed":false,"footnotes":""},"class_list":["post-48387","page","type-page","status-publish","hentry"],"acf":[],"_links":{"self":[{"href":"https:\/\/www.tornum.com\/fi\/wp-json\/wp\/v2\/pages\/48387","targetHints":{"allow":["GET"]}}],"collection":[{"href":"https:\/\/www.tornum.com\/fi\/wp-json\/wp\/v2\/pages"}],"about":[{"href":"https:\/\/www.tornum.com\/fi\/wp-json\/wp\/v2\/types\/page"}],"author":[{"embeddable":true,"href":"https:\/\/www.tornum.com\/fi\/wp-json\/wp\/v2\/users\/9"}],"replies":[{"embeddable":true,"href":"https:\/\/www.tornum.com\/fi\/wp-json\/wp\/v2\/comments?post=48387"}],"version-history":[{"count":5,"href":"https:\/\/www.tornum.com\/fi\/wp-json\/wp\/v2\/pages\/48387\/revisions"}],"predecessor-version":[{"id":48604,"href":"https:\/\/www.tornum.com\/fi\/wp-json\/wp\/v2\/pages\/48387\/revisions\/48604"}],"wp:attachment":[{"href":"https:\/\/www.tornum.com\/fi\/wp-json\/wp\/v2\/media?parent=48387"}],"curies":[{"name":"wp","href":"https:\/\/api.w.org\/{rel}","templated":true}]}}