{"id":48456,"date":"2023-09-06T21:55:23","date_gmt":"2023-09-06T21:55:23","guid":{"rendered":"https:\/\/www.tornum.com\/cookies-policy\/"},"modified":"2025-05-22T08:29:03","modified_gmt":"2025-05-22T08:29:03","slug":"cookies-policy","status":"publish","type":"page","link":"https:\/\/www.tornum.com\/fi\/cookies-policy\/","title":{"rendered":"Cookies Policy"},"content":{"rendered":"\t\t<div data-elementor-type=\"wp-page\" data-elementor-id=\"48456\" class=\"elementor elementor-48456 elementor-16822\" data-elementor-settings=\"{&quot;ha_cmc_init_switcher&quot;:&quot;no&quot;}\" data-elementor-post-type=\"page\">\n\t\t\t\t\t\t<section class=\"elementor-section elementor-top-section elementor-element elementor-element-abaac7d elementor-section-boxed elementor-section-height-default elementor-section-height-default\" data-id=\"abaac7d\" data-element_type=\"section\" data-settings=\"{&quot;_ha_eqh_enable&quot;:false}\">\n\t\t\t\t\t\t<div class=\"elementor-container elementor-column-gap-default\">\n\t\t\t\t\t<div class=\"elementor-column elementor-col-100 elementor-top-column elementor-element elementor-element-3b05e14\" data-id=\"3b05e14\" data-element_type=\"column\">\n\t\t\t<div class=\"elementor-widget-wrap elementor-element-populated\">\n\t\t\t\t\t\t<div class=\"elementor-element elementor-element-63258a3 elementor-widget elementor-widget-spacer\" data-id=\"63258a3\" data-element_type=\"widget\" data-widget_type=\"spacer.default\">\n\t\t\t\t<div class=\"elementor-widget-container\">\n\t\t\t\t\t\t\t<div class=\"elementor-spacer\">\n\t\t\t<div class=\"elementor-spacer-inner\"><\/div>\n\t\t<\/div>\n\t\t\t\t\t\t<\/div>\n\t\t\t\t<\/div>\n\t\t\t\t\t<\/div>\n\t\t<\/div>\n\t\t\t\t\t<\/div>\n\t\t<\/section>\n\t\t\t\t<section class=\"elementor-section elementor-top-section elementor-element elementor-element-1f696030 elementor-section-boxed elementor-section-height-default elementor-section-height-default\" data-id=\"1f696030\" data-element_type=\"section\" data-settings=\"{&quot;_ha_eqh_enable&quot;:false}\">\n\t\t\t\t\t\t<div class=\"elementor-container elementor-column-gap-default\">\n\t\t\t\t\t<div class=\"elementor-column elementor-col-100 elementor-top-column elementor-element elementor-element-4a74929\" data-id=\"4a74929\" data-element_type=\"column\">\n\t\t\t<div class=\"elementor-widget-wrap elementor-element-populated\">\n\t\t\t\t\t\t<div class=\"elementor-element elementor-element-1f31462b elementor-widget elementor-widget-text-editor\" data-id=\"1f31462b\" data-element_type=\"widget\" data-widget_type=\"text-editor.default\">\n\t\t\t\t<div class=\"elementor-widget-container\">\n\t\t\t\t\t\t\t\t\t<h3><strong>Cookies Policy<\/strong><\/h3>\n<p>T\u00e4m\u00e4 sivusto k\u00e4ytt\u00e4\u00e4 ev\u00e4steit\u00e4 \u2013 pieni\u00e4 tekstitiedostoja, jotka tallennetaan laitteellesi parantaakseen k\u00e4ytt\u00f6kokemustasi. Yleisesti ottaen ev\u00e4steit\u00e4 k\u00e4ytet\u00e4\u00e4n k\u00e4ytt\u00e4j\u00e4asetusten muistamiseen, ostoskoritietojen tallentamiseen sek\u00e4 anonyymin seurantatiedon tarjoamiseen kolmansien osapuolien sovelluksille, kuten Google Analyticsille. P\u00e4\u00e4s\u00e4\u00e4nt\u00f6isesti ev\u00e4steet parantavat selauskokemustasi. Halutessasi voit kuitenkin poistaa ev\u00e4steet k\u00e4yt\u00f6st\u00e4 t\u00e4ll\u00e4 ja muilla sivustoilla. Tehokkain tapa tehd\u00e4 t\u00e4m\u00e4 on poistaa ev\u00e4steet k\u00e4yt\u00f6st\u00e4 selaimestasi. Suosittelemme tutustumaan selaimesi ohjeosioon tais<br \/><a href=\"http:\/\/www.aboutcookies.org\/\" target=\"_blank\" rel=\"noopener noreferrer\">the About Cookies website<\/a> -sivustoon, joka tarjoaa ohjeita kaikille nykyaikaisille selaimille.     <\/p>\n\t\t\t\t\t\t\t\t<\/div>\n\t\t\t\t<\/div>\n\t\t\t\t<div class=\"elementor-element elementor-element-5e8e5a9 elementor-widget elementor-widget-spacer\" data-id=\"5e8e5a9\" data-element_type=\"widget\" data-widget_type=\"spacer.default\">\n\t\t\t\t<div class=\"elementor-widget-container\">\n\t\t\t\t\t\t\t<div class=\"elementor-spacer\">\n\t\t\t<div class=\"elementor-spacer-inner\"><\/div>\n\t\t<\/div>\n\t\t\t\t\t\t<\/div>\n\t\t\t\t<\/div>\n\t\t\t\t\t<\/div>\n\t\t<\/div>\n\t\t\t\t\t<\/div>\n\t\t<\/section>\n\t\t\t\t<\/div>\n\t\t","protected":false},"excerpt":{"rendered":"<p>Cookies Policy T\u00e4m\u00e4 sivusto k\u00e4ytt\u00e4\u00e4 ev\u00e4steit\u00e4 \u2013 pieni\u00e4 tekstitiedostoja, jotka tallennetaan laitteellesi parantaakseen k\u00e4ytt\u00f6kokemustasi. Yleisesti ottaen ev\u00e4steit\u00e4 k\u00e4ytet\u00e4\u00e4n k\u00e4ytt\u00e4j\u00e4asetusten muistamiseen, ostoskoritietojen tallentamiseen sek\u00e4 anonyymin seurantatiedon tarjoamiseen kolmansien osapuolien sovelluksille, kuten Google Analyticsille. P\u00e4\u00e4s\u00e4\u00e4nt\u00f6isesti ev\u00e4steet parantavat selauskokemustasi. Halutessasi voit kuitenkin poistaa ev\u00e4steet k\u00e4yt\u00f6st\u00e4 t\u00e4ll\u00e4 ja muilla sivustoilla. Tehokkain tapa tehd\u00e4 t\u00e4m\u00e4 on poistaa ev\u00e4steet k\u00e4yt\u00f6st\u00e4 selaimestasi.&hellip;<\/p>\n","protected":false},"author":1,"featured_media":0,"parent":0,"menu_order":0,"comment_status":"closed","ping_status":"closed","template":"elementor_header_footer","meta":{"_acf_changed":false,"footnotes":""},"class_list":["post-48456","page","type-page","status-publish","hentry"],"acf":[],"_links":{"self":[{"href":"https:\/\/www.tornum.com\/fi\/wp-json\/wp\/v2\/pages\/48456","targetHints":{"allow":["GET"]}}],"collection":[{"href":"https:\/\/www.tornum.com\/fi\/wp-json\/wp\/v2\/pages"}],"about":[{"href":"https:\/\/www.tornum.com\/fi\/wp-json\/wp\/v2\/types\/page"}],"author":[{"embeddable":true,"href":"https:\/\/www.tornum.com\/fi\/wp-json\/wp\/v2\/users\/1"}],"replies":[{"embeddable":true,"href":"https:\/\/www.tornum.com\/fi\/wp-json\/wp\/v2\/comments?post=48456"}],"version-history":[{"count":1,"href":"https:\/\/www.tornum.com\/fi\/wp-json\/wp\/v2\/pages\/48456\/revisions"}],"predecessor-version":[{"id":48457,"href":"https:\/\/www.tornum.com\/fi\/wp-json\/wp\/v2\/pages\/48456\/revisions\/48457"}],"wp:attachment":[{"href":"https:\/\/www.tornum.com\/fi\/wp-json\/wp\/v2\/media?parent=48456"}],"curies":[{"name":"wp","href":"https:\/\/api.w.org\/{rel}","templated":true}]}}