{"id":25788,"date":"2023-05-14T20:46:38","date_gmt":"2023-05-14T20:46:38","guid":{"rendered":"https:\/\/www.tornum.com\/product\/aeration-cover\/"},"modified":"2025-07-30T06:44:38","modified_gmt":"2025-07-30T06:44:38","slug":"tuuletuskannet","status":"publish","type":"product","link":"https:\/\/www.tornum.com\/fi\/tuote\/tuuletuskannet\/","title":{"rendered":"AERATION COVER"},"content":{"rendered":"<p>Tornumin ilmastointikannen avulla sinulla on mahdollisuus optimoida siilosi ilmastointi.<\/p>\n<p>Peitteit\u00e4 on saatavana 0,5 ja 1 metrin pituisina, mik\u00e4 mahdollistaa asettelun r\u00e4\u00e4t\u00e4l\u00f6innin erityistarpeiden mukaan.<\/p>\n<p>Antaa tasaisen pinnan s\u00e4ilytystilan sis\u00e4lle ja on helppo puhdistaa.<\/p>\n<p>&nbsp;<\/p>\n<p>Saatavana sek\u00e4 siiloihin ett\u00e4 tasovarastoihin.<\/p>\n<p>&nbsp;<\/p>\n<p>On huomattava, ett\u00e4 kornettipohjan muotoilu on mukautettava t\u00e4m\u00e4ntyyppisen ilmans\u00e4\u00e4t\u00f6laitteen k\u00e4ytt\u00f6\u00e4 varten.<\/p>\n","protected":false},"excerpt":{"rendered":"<p>Tornum-ilmastussuojat on valmistettu rei&#8217;itetyst\u00e4 metallilevyst\u00e4, joka on upotettu siilon betonilattiaan. Suojuksia on saatavana kaikkiin siilon halkaisijoihin.<\/p>\n","protected":false},"featured_media":25260,"comment_status":"open","ping_status":"closed","template":"","meta":{"_acf_changed":false},"product_brand":[],"product_cat":[636,637,638],"product_tag":[639,640,641,642],"class_list":{"0":"post-25788","1":"product","2":"type-product","3":"status-publish","4":"has-post-thumbnail","6":"product_cat-all-products-fi","7":"product_cat-conditioning-fi","8":"product_cat-aeration-cover-fi","9":"product_tag-axial-fi","10":"product_tag-conditioning-laterals-fi","11":"product_tag-fan-fi","12":"product_tag-silo-fi","13":"description-off","15":"first","16":"instock","17":"shipping-taxable","18":"product-type-simple"},"acf":[],"_links":{"self":[{"href":"https:\/\/www.tornum.com\/fi\/wp-json\/wp\/v2\/product\/25788","targetHints":{"allow":["GET"]}}],"collection":[{"href":"https:\/\/www.tornum.com\/fi\/wp-json\/wp\/v2\/product"}],"about":[{"href":"https:\/\/www.tornum.com\/fi\/wp-json\/wp\/v2\/types\/product"}],"replies":[{"embeddable":true,"href":"https:\/\/www.tornum.com\/fi\/wp-json\/wp\/v2\/comments?post=25788"}],"version-history":[{"count":3,"href":"https:\/\/www.tornum.com\/fi\/wp-json\/wp\/v2\/product\/25788\/revisions"}],"predecessor-version":[{"id":28190,"href":"https:\/\/www.tornum.com\/fi\/wp-json\/wp\/v2\/product\/25788\/revisions\/28190"}],"wp:featuredmedia":[{"embeddable":true,"href":"https:\/\/www.tornum.com\/fi\/wp-json\/wp\/v2\/media\/25260"}],"wp:attachment":[{"href":"https:\/\/www.tornum.com\/fi\/wp-json\/wp\/v2\/media?parent=25788"}],"wp:term":[{"taxonomy":"product_brand","embeddable":true,"href":"https:\/\/www.tornum.com\/fi\/wp-json\/wp\/v2\/product_brand?post=25788"},{"taxonomy":"product_cat","embeddable":true,"href":"https:\/\/www.tornum.com\/fi\/wp-json\/wp\/v2\/product_cat?post=25788"},{"taxonomy":"product_tag","embeddable":true,"href":"https:\/\/www.tornum.com\/fi\/wp-json\/wp\/v2\/product_tag?post=25788"}],"curies":[{"name":"wp","href":"https:\/\/api.w.org\/{rel}","templated":true}]}}