{"id":25792,"date":"2023-05-17T13:04:39","date_gmt":"2023-05-17T13:04:39","guid":{"rendered":"https:\/\/www.tornum.com\/product\/alfaflame-bioheating-systems-2\/"},"modified":"2025-07-30T06:26:32","modified_gmt":"2025-07-30T06:26:32","slug":"alfaflame-biolammitysjarjestelmat","status":"publish","type":"product","link":"https:\/\/www.tornum.com\/fi\/tuote\/alfaflame-biolammitysjarjestelmat\/","title":{"rendered":"ALFAFLAME \u2013 BIOL\u00c4MMITYSJ\u00c4RJESTELM\u00c4T"},"content":{"rendered":"\t\t<div data-elementor-type=\"product-post\" data-elementor-id=\"25792\" class=\"elementor elementor-25792 elementor-11838\" data-elementor-settings=\"{&quot;ha_cmc_init_switcher&quot;:&quot;no&quot;}\" data-elementor-post-type=\"product\">\n\t\t\t\t\t\t<section class=\"elementor-section elementor-top-section elementor-element elementor-element-532b129 elementor-section-boxed elementor-section-height-default elementor-section-height-default\" data-id=\"532b129\" data-element_type=\"section\" data-settings=\"{&quot;_ha_eqh_enable&quot;:false}\">\n\t\t\t\t\t\t<div class=\"elementor-container elementor-column-gap-default\">\n\t\t\t\t\t<div class=\"elementor-column elementor-col-100 elementor-top-column elementor-element elementor-element-67db0c1b\" data-id=\"67db0c1b\" data-element_type=\"column\">\n\t\t\t<div class=\"elementor-widget-wrap elementor-element-populated\">\n\t\t\t\t\t\t<div class=\"elementor-element elementor-element-16129989 elementor-widget elementor-widget-text-editor\" data-id=\"16129989\" data-element_type=\"widget\" data-widget_type=\"text-editor.default\">\n\t\t\t\t<div class=\"elementor-widget-container\">\n\t\t\t\t\t\t\t\t\t<p>AlfaFlame 800 kW biomassauuni, saatavana sek\u00e4 800 kW:n yksitt\u00e4is- tai (2\u00d7800 kW) kaksoisuuniversiona. Se on suunniteltu monipuoliseen k\u00e4ytt\u00f6\u00f6n, johon kuuluu kuivurit, teollisuuskiinteist\u00f6t, kasvihuoneet ja muut, runsaasti l\u00e4mp\u00f6\u00e4 ja kuivaa ilmaa vaativat laitokset. Uuni on suunniteltu toimimaan ylipaineella. Lis\u00e4ksi lis\u00e4varusteena saatava kaksoisvaraajaj\u00e4rjestelm\u00e4 mahdollistaa varaajien k\u00e4yt\u00f6n joko yksitt\u00e4in tai yhdistettyn\u00e4.<\/p>\t\t\t\t\t\t\t\t<\/div>\n\t\t\t\t<\/div>\n\t\t\t\t\t<\/div>\n\t\t<\/div>\n\t\t\t\t\t<\/div>\n\t\t<\/section>\n\t\t\t\t<\/div>\n\t\t","protected":false},"excerpt":{"rendered":"<p>AlfaFlame 800 kW Biouuni on monipuolinen ja soveltuu esim. viljan kuivaukseen, teolliseen k\u00e4ytt\u00f6\u00f6n ja kasvihuoneiden l\u00e4mmitt\u00e4miseen. Se toimii ylipaineella ja tarjoaa mahdollisuuden k\u00e4ytt\u00e4\u00e4 kahden varaajan j\u00e4rjestelm\u00e4\u00e4 yksitt\u00e4iseen tai yhdistettyyn k\u00e4ytt\u00f6\u00f6n.<\/p>\n","protected":false},"featured_media":25070,"comment_status":"open","ping_status":"closed","template":"","meta":{"_acf_changed":false},"product_brand":[],"product_cat":[636,643,644,637,645],"product_tag":[646,647,648,649],"class_list":{"0":"post-25792","1":"product","2":"type-product","3":"status-publish","4":"has-post-thumbnail","6":"product_cat-all-products-fi","7":"product_cat-food-2-fi","8":"product_cat-grain-fi","9":"product_cat-conditioning-fi","10":"product_cat-heat-sources-fi","11":"product_tag-burner-fi","12":"product_tag-dryer-fi","13":"product_tag-dryer-tkr-fi","14":"product_tag-tecflam-fi","16":"first","17":"instock","18":"shipping-taxable","19":"product-type-simple"},"acf":[],"_links":{"self":[{"href":"https:\/\/www.tornum.com\/fi\/wp-json\/wp\/v2\/product\/25792","targetHints":{"allow":["GET"]}}],"collection":[{"href":"https:\/\/www.tornum.com\/fi\/wp-json\/wp\/v2\/product"}],"about":[{"href":"https:\/\/www.tornum.com\/fi\/wp-json\/wp\/v2\/types\/product"}],"replies":[{"embeddable":true,"href":"https:\/\/www.tornum.com\/fi\/wp-json\/wp\/v2\/comments?post=25792"}],"version-history":[{"count":7,"href":"https:\/\/www.tornum.com\/fi\/wp-json\/wp\/v2\/product\/25792\/revisions"}],"predecessor-version":[{"id":29749,"href":"https:\/\/www.tornum.com\/fi\/wp-json\/wp\/v2\/product\/25792\/revisions\/29749"}],"wp:featuredmedia":[{"embeddable":true,"href":"https:\/\/www.tornum.com\/fi\/wp-json\/wp\/v2\/media\/25070"}],"wp:attachment":[{"href":"https:\/\/www.tornum.com\/fi\/wp-json\/wp\/v2\/media?parent=25792"}],"wp:term":[{"taxonomy":"product_brand","embeddable":true,"href":"https:\/\/www.tornum.com\/fi\/wp-json\/wp\/v2\/product_brand?post=25792"},{"taxonomy":"product_cat","embeddable":true,"href":"https:\/\/www.tornum.com\/fi\/wp-json\/wp\/v2\/product_cat?post=25792"},{"taxonomy":"product_tag","embeddable":true,"href":"https:\/\/www.tornum.com\/fi\/wp-json\/wp\/v2\/product_tag?post=25792"}],"curies":[{"name":"wp","href":"https:\/\/api.w.org\/{rel}","templated":true}]}}