{"id":25797,"date":"2023-05-14T21:52:41","date_gmt":"2023-05-14T21:52:41","guid":{"rendered":"https:\/\/www.tornum.com\/product\/aspirator-2\/"},"modified":"2025-07-30T07:01:18","modified_gmt":"2025-07-30T07:01:18","slug":"esipuhdistimet","status":"publish","type":"product","link":"https:\/\/www.tornum.com\/fi\/tuote\/esipuhdistimet\/","title":{"rendered":"ESIPUHDISTIMET"},"content":{"rendered":"<div class=\"wpb-content-wrapper\"><p>[vc_row][vc_column width=&#8221;2\/3&#8243;][vc_column_text]Tornum esipuhdistimet on tarkoitettu p\u00f6lyn erotteluun viljasta ja muista rakeistetuista materiaaleista. Pienest\u00e4 koostaan huolimatta niiden teho on suuri.[\/vc_column_text][\/vc_column][vc_column width=&#8221;1\/3&#8243;][vc_column_text]<strong>OMINAISUUKSIA<\/strong><br \/>\n\u2022 Valmistettu pulverimaalatusta ter\u00e4slevyst\u00e4<br \/>\n\u2022 Kolme eri mallia<br \/>\n\u2022 Varustettu suorilla s\u00e4teissiivill\u00e4<br \/>\n\u2022 25 tonnin esipuhdistaja voi siirt\u00e4\u00e4 p\u00f6lyt ja roskat 24 metrin p\u00e4\u00e4h\u00e4n; 60 tonnin esipuhdistin vastaavasti 21 metrin p\u00e4\u00e4h\u00e4n<br \/>\n\u2022 S\u00e4\u00e4dett\u00e4v\u00e4 imuteho varmistaa parhaan mahdollisen puhdistustehon[\/vc_column_text][\/vc_column][\/vc_row]<\/p>\n<\/div>","protected":false},"excerpt":{"rendered":"<div class=\"flex flex-grow flex-col gap-3 max-w-full\">\n<div class=\"min-h-[20px] flex flex-col items-start gap-3 overflow-x-auto whitespace-pre-wrap break-words\">\n<div class=\"markdown prose w-full break-words dark:prose-invert light\">\n<p>Tornum esipuhdistimet ovat kompaktista koostaan huolimatta tehokkaita ja laadukkaita viljan ja rakeistetun materiaalin p\u00f6lyn ja roskien poistoon. Saatavana on kolme mallia, jotka on valmistettu pulverimaalatusta ter\u00e4slevyst\u00e4 ja niiss\u00e4 on suorat s\u00e4teissiivet.<\/p>\n<\/div>\n<\/div>\n<\/div>\n","protected":false},"featured_media":25013,"comment_status":"open","ping_status":"closed","template":"","meta":{"_acf_changed":false},"product_brand":[],"product_cat":[636,644,650,651],"product_tag":[639,652,640,653],"class_list":{"0":"post-25797","1":"product","2":"type-product","3":"status-publish","4":"has-post-thumbnail","6":"product_cat-all-products-fi","7":"product_cat-grain-fi","8":"product_cat-material-handling-fi","9":"product_cat-dust-separation-fi","10":"product_tag-axial-fi","11":"product_tag-conditioning-fi","12":"product_tag-conditioning-laterals-fi","13":"product_tag-separation-fi","14":"description-off","16":"first","17":"instock","18":"shipping-taxable","19":"product-type-simple"},"acf":[],"_links":{"self":[{"href":"https:\/\/www.tornum.com\/fi\/wp-json\/wp\/v2\/product\/25797","targetHints":{"allow":["GET"]}}],"collection":[{"href":"https:\/\/www.tornum.com\/fi\/wp-json\/wp\/v2\/product"}],"about":[{"href":"https:\/\/www.tornum.com\/fi\/wp-json\/wp\/v2\/types\/product"}],"replies":[{"embeddable":true,"href":"https:\/\/www.tornum.com\/fi\/wp-json\/wp\/v2\/comments?post=25797"}],"version-history":[{"count":2,"href":"https:\/\/www.tornum.com\/fi\/wp-json\/wp\/v2\/product\/25797\/revisions"}],"predecessor-version":[{"id":25806,"href":"https:\/\/www.tornum.com\/fi\/wp-json\/wp\/v2\/product\/25797\/revisions\/25806"}],"wp:featuredmedia":[{"embeddable":true,"href":"https:\/\/www.tornum.com\/fi\/wp-json\/wp\/v2\/media\/25013"}],"wp:attachment":[{"href":"https:\/\/www.tornum.com\/fi\/wp-json\/wp\/v2\/media?parent=25797"}],"wp:term":[{"taxonomy":"product_brand","embeddable":true,"href":"https:\/\/www.tornum.com\/fi\/wp-json\/wp\/v2\/product_brand?post=25797"},{"taxonomy":"product_cat","embeddable":true,"href":"https:\/\/www.tornum.com\/fi\/wp-json\/wp\/v2\/product_cat?post=25797"},{"taxonomy":"product_tag","embeddable":true,"href":"https:\/\/www.tornum.com\/fi\/wp-json\/wp\/v2\/product_tag?post=25797"}],"curies":[{"name":"wp","href":"https:\/\/api.w.org\/{rel}","templated":true}]}}