{"id":25798,"date":"2023-05-14T21:39:02","date_gmt":"2023-05-14T21:39:02","guid":{"rendered":"https:\/\/www.tornum.com\/product\/aspiration-filtersystem\/"},"modified":"2025-07-30T06:54:01","modified_gmt":"2025-07-30T06:54:01","slug":"esipuhdistus-suodatusjarjestelmat","status":"publish","type":"product","link":"https:\/\/www.tornum.com\/fi\/tuote\/esipuhdistus-suodatusjarjestelmat\/","title":{"rendered":"ESIPUHDISTUS\/ SUODATUSJ\u00c4RJESTELM\u00c4T"},"content":{"rendered":"<div class=\"wpb-content-wrapper\"><p>[vc_row][vc_column width=&#8221;2\/3&#8243;][vc_column_text]Tornumin esipuhdistusj\u00e4rjestelm\u00e4t on suunniteltu vastaanottopisteiden ja kuljetusv\u00e4lineiden vastaanottoon. Alipaineen muodostaminen j\u00e4rjestelm\u00e4\u00e4n est\u00e4\u00e4 p\u00f6lyisen ilman levi\u00e4misen ymp\u00e4rist\u00f6\u00f6n.<\/p>\n<p>Tornum suunnittelee r\u00e4\u00e4t\u00e4l\u00f6ityj\u00e4 ratkaisuja asiakkaiden tarpeiden mukaan. Laitteemme minimoivat p\u00f6lyn levi\u00e4misen ja optimoivat ty\u00f6ymp\u00e4rist\u00f6n.<\/p>\n<p>Suodattimen kapasiteetti riippuu useista tekij\u00f6ist\u00e4.[\/vc_column_text][\/vc_column][vc_column width=&#8221;1\/3&#8243;][vc_column_text]<strong>T\u00e4rkeimm\u00e4t tekij\u00e4t ovat:<\/strong><br \/>\n\u2022 Materiaalityyppi<br \/>\n\u2022 Materiaalin paino<br \/>\n\u2022 Sovellus<br \/>\n\u2022 Ymp\u00e4rist\u00f6 (l\u00e4mp\u00f6tila ja ilman kosteus)<br \/>\n\u2022 Suodatinmateriaali<br \/>\n\u2022 Suodattimen ominaisuudet[\/vc_column_text][\/vc_column][\/vc_row]<\/p>\n<\/div>","protected":false},"excerpt":{"rendered":"<div class=\"flex flex-grow flex-col gap-3 max-w-full\">\n<div class=\"min-h-[20px] flex flex-col items-start gap-3 overflow-x-auto whitespace-pre-wrap break-words\">\n<div class=\"markdown prose w-full break-words dark:prose-invert light\">\n<p>Tornum tarjoaa r\u00e4\u00e4t\u00e4l\u00f6ityj\u00e4 esipuhdistusj\u00e4rjestelmi\u00e4 vastaanottopisteisiin ja siirtoj\u00e4rjestelmiin. J\u00e4rjestelm\u00e4t varmistavat p\u00f6lyn poistamisen ja levi\u00e4misen est\u00e4misen ymp\u00e4rist\u00f6\u00f6n, muodostamalla alipaine j\u00e4rjestelm\u00e4\u00e4n. N\u00e4m\u00e4 r\u00e4\u00e4t\u00e4l\u00f6idyt ratkaisut on suunniteltu vastaamaan asiakkaiden erityisvaatimuksia, mik\u00e4 tehokkaasti v\u00e4hent\u00e4\u00e4 p\u00f6lyn levi\u00e4mist\u00e4 ja parantaa ty\u00f6ymp\u00e4rist\u00f6\u00e4.<\/p>\n<\/div>\n<\/div>\n<\/div>\n","protected":false},"featured_media":24994,"comment_status":"open","ping_status":"closed","template":"","meta":{"_acf_changed":false},"product_brand":[],"product_cat":[636,654,643,644,650,651],"product_tag":[652,655,641,653],"class_list":{"0":"post-25798","1":"product","2":"type-product","3":"status-publish","4":"has-post-thumbnail","6":"product_cat-all-products-fi","7":"product_cat-feed-fi","8":"product_cat-food-2-fi","9":"product_cat-grain-fi","10":"product_cat-material-handling-fi","11":"product_cat-dust-separation-fi","12":"product_tag-conditioning-fi","13":"product_tag-dust-fi","14":"product_tag-fan-fi","15":"product_tag-separation-fi","16":"description-off","18":"first","19":"instock","20":"shipping-taxable","21":"product-type-simple"},"acf":[],"_links":{"self":[{"href":"https:\/\/www.tornum.com\/fi\/wp-json\/wp\/v2\/product\/25798","targetHints":{"allow":["GET"]}}],"collection":[{"href":"https:\/\/www.tornum.com\/fi\/wp-json\/wp\/v2\/product"}],"about":[{"href":"https:\/\/www.tornum.com\/fi\/wp-json\/wp\/v2\/types\/product"}],"replies":[{"embeddable":true,"href":"https:\/\/www.tornum.com\/fi\/wp-json\/wp\/v2\/comments?post=25798"}],"version-history":[{"count":2,"href":"https:\/\/www.tornum.com\/fi\/wp-json\/wp\/v2\/product\/25798\/revisions"}],"predecessor-version":[{"id":25799,"href":"https:\/\/www.tornum.com\/fi\/wp-json\/wp\/v2\/product\/25798\/revisions\/25799"}],"wp:featuredmedia":[{"embeddable":true,"href":"https:\/\/www.tornum.com\/fi\/wp-json\/wp\/v2\/media\/24994"}],"wp:attachment":[{"href":"https:\/\/www.tornum.com\/fi\/wp-json\/wp\/v2\/media?parent=25798"}],"wp:term":[{"taxonomy":"product_brand","embeddable":true,"href":"https:\/\/www.tornum.com\/fi\/wp-json\/wp\/v2\/product_brand?post=25798"},{"taxonomy":"product_cat","embeddable":true,"href":"https:\/\/www.tornum.com\/fi\/wp-json\/wp\/v2\/product_cat?post=25798"},{"taxonomy":"product_tag","embeddable":true,"href":"https:\/\/www.tornum.com\/fi\/wp-json\/wp\/v2\/product_tag?post=25798"}],"curies":[{"name":"wp","href":"https:\/\/api.w.org\/{rel}","templated":true}]}}