{"id":25815,"date":"2023-04-03T11:57:24","date_gmt":"2023-04-03T11:57:24","guid":{"rendered":"https:\/\/www.tornum.com\/product\/axial-fan\/"},"modified":"2025-07-14T09:12:57","modified_gmt":"2025-07-14T09:12:57","slug":"aksiaalipuhallin","status":"publish","type":"product","link":"https:\/\/www.tornum.com\/fi\/tuote\/aksiaalipuhallin\/","title":{"rendered":"AKSIAALIPUHALLIN"},"content":{"rendered":"<div class=\"wpb-content-wrapper\"><p>[vc_row gap=&#8221;35&#8243;][vc_column width=&#8221;2\/3&#8243;][vc_column_text]Tornum aksiaalipuhaltimet toimivat ensisijaisesti imupuhaltimina jatkuvatoimisissa kuivureissa mutta niit\u00e4 voidaan k\u00e4ytt\u00e4\u00e4 tuuletuspuhaltimina LT tuuletussiiloissa. Puhallinrungot on valmistettu kuumasinkityst\u00e4 ter\u00e4slevyst\u00e4 500, 630 ja 1130 mm:n halkaisijalla. Liit\u00e4nt\u00e4teholtaan ne ovat 2,2 &#8211; 22 kW. Kuivuriin asennettaessa suosittelemme \u00e4\u00e4nenvaimentimen lis\u00e4\u00e4mist\u00e4 meluhaittojen v\u00e4hent\u00e4miseksi.[\/vc_column_text][\/vc_column][vc_column width=&#8221;1\/3&#8243;][vc_column_text]<strong>OMINAISUUKSIA<\/strong><br \/>\n\u2022 Puhallinrungot on valmistettu kuumasinkityst\u00e4 ter\u00e4slevyst\u00e4 korroosion est\u00e4miseksi<br \/>\n\u2022 Puhaltimen vaimentimet on saatavissa lis\u00e4varusteena. Kaksoisvaimenninj\u00e4rjestelm\u00e4 varmistaa tavallista paremman suorituskyvyn.<br \/>\n\u2022 Potkuri on sek\u00e4 staattisesti ett\u00e4 dynaamisesti tasapainotettu<br \/>\n\u2022 \u00d8 500 mm ja \u00d8 630 mm:n puhaltimien potkurit ovat 1-osaisia ja alumiinista valettuja, \u00d8 1130 mm:n potkurissa on alumiinikeski\u00f6\u00f6n kiinnitetyt muovisiivet.[\/vc_column_text][\/vc_column][\/vc_row]<\/p>\n<\/div>","protected":false},"excerpt":{"rendered":"<p>Tornum aksiaalipuhaltimet toimivat imupuhaltimina jatkuvatoimisissa kuivureissa ja ne voivat my\u00f6s toimia tuuletuspuhaltimina LT tuuletussiiloissa. Puhaltimet ovat saatavissa 500, 630 ja 1130 mm:n halkaisijalla ja niiden liit\u00e4nt\u00e4teho on 2,2 &#8211; 22 kW.<\/p>\n","protected":false},"featured_media":24758,"comment_status":"open","ping_status":"closed","template":"","meta":{"_acf_changed":false},"product_brand":[],"product_cat":[636,644,637,662],"product_tag":[639,652,647,641],"class_list":{"0":"post-25815","1":"product","2":"type-product","3":"status-publish","4":"has-post-thumbnail","6":"product_cat-all-products-fi","7":"product_cat-grain-fi","8":"product_cat-conditioning-fi","9":"product_cat-axial-fan-fi","10":"product_tag-axial-fi","11":"product_tag-conditioning-fi","12":"product_tag-dryer-fi","13":"product_tag-fan-fi","14":"pa_products-type-grain-fi","15":"description-off","17":"first","18":"instock","19":"shipping-taxable","20":"product-type-simple"},"acf":[],"_links":{"self":[{"href":"https:\/\/www.tornum.com\/fi\/wp-json\/wp\/v2\/product\/25815","targetHints":{"allow":["GET"]}}],"collection":[{"href":"https:\/\/www.tornum.com\/fi\/wp-json\/wp\/v2\/product"}],"about":[{"href":"https:\/\/www.tornum.com\/fi\/wp-json\/wp\/v2\/types\/product"}],"replies":[{"embeddable":true,"href":"https:\/\/www.tornum.com\/fi\/wp-json\/wp\/v2\/comments?post=25815"}],"version-history":[{"count":2,"href":"https:\/\/www.tornum.com\/fi\/wp-json\/wp\/v2\/product\/25815\/revisions"}],"predecessor-version":[{"id":25820,"href":"https:\/\/www.tornum.com\/fi\/wp-json\/wp\/v2\/product\/25815\/revisions\/25820"}],"wp:featuredmedia":[{"embeddable":true,"href":"https:\/\/www.tornum.com\/fi\/wp-json\/wp\/v2\/media\/24758"}],"wp:attachment":[{"href":"https:\/\/www.tornum.com\/fi\/wp-json\/wp\/v2\/media?parent=25815"}],"wp:term":[{"taxonomy":"product_brand","embeddable":true,"href":"https:\/\/www.tornum.com\/fi\/wp-json\/wp\/v2\/product_brand?post=25815"},{"taxonomy":"product_cat","embeddable":true,"href":"https:\/\/www.tornum.com\/fi\/wp-json\/wp\/v2\/product_cat?post=25815"},{"taxonomy":"product_tag","embeddable":true,"href":"https:\/\/www.tornum.com\/fi\/wp-json\/wp\/v2\/product_tag?post=25815"}],"curies":[{"name":"wp","href":"https:\/\/api.w.org\/{rel}","templated":true}]}}