{"id":25824,"date":"2023-05-04T09:40:05","date_gmt":"2023-05-04T09:40:05","guid":{"rendered":"https:\/\/www.tornum.com\/product\/batch-dryer-ts\/"},"modified":"2025-07-11T09:13:47","modified_gmt":"2025-07-11T09:13:47","slug":"erakuivuri-ts","status":"publish","type":"product","link":"https:\/\/www.tornum.com\/fi\/tuote\/erakuivuri-ts\/","title":{"rendered":"ER\u00c4KUIVURI TS"},"content":{"rendered":"<div class=\"wpb-content-wrapper\"><p>[vc_row][vc_column width=&#8221;2\/3&#8243;][vc_column_text]TORNUM TS er\u00e4kuivurit voidaan mukauttaa erilaisten kapasiteettivaatimusten mukaan ja se on varustettu s\u00e4\u00e4dett\u00e4vill\u00e4 sulkuluukuilla pienempien erien kuivattamista varten.<\/p>\n<p>Kuivauskennojen ja pohjakartion v\u00e4liss\u00e4 on tyhjennyskenno, joka mahdollistaa er\u00e4n uudelleen kierr\u00e4tyksen ilman koko kuivurin tyhjennyst\u00e4. T\u00e4m\u00e4 varmistaa tasaisen kuivauksen, hyv\u00e4n viljan laadun ja hyv\u00e4n l\u00e4mp\u00f6talouden.<\/p>\n<p>Kaikki viljankuivurit on valmistettu kuumasinkityst\u00e4 ter\u00e4slevyst\u00e4.[\/vc_column_text][\/vc_column][vc_column width=&#8221;1\/3&#8243;][vc_column_text]<strong>VARUSTUS<\/strong><br \/>\n\u2022 T\u00e4ytt\u00f6h\u00e4lytin<br \/>\n\u2022 Poistoilmakanava<br \/>\n\u2022 Tyhjennyskenno<br \/>\n\u2022 Varastolohkot<\/p>\n<p><strong>LIS\u00c4VARUSTEET<\/strong><br \/>\n\u2022 Palovaroitusj\u00e4rjestelm\u00e4<br \/>\n\u2022 Portaat ja tasot<br \/>\n\u2022 Lis\u00e4varastolohkot<br \/>\n\u2022 Valvonta \u2013 kosteus tai l\u00e4mp\u00f6tila<br \/>\n\u2022 Jaksotyhjennys[\/vc_column_text][\/vc_column][\/vc_row]<\/p>\n<\/div>","protected":false},"excerpt":{"rendered":"<p>Tornum\u2019in TS er\u00e4kuivuri on r\u00e4\u00e4t\u00e4l\u00f6it\u00e4viss\u00e4 vaadittavan kuivaustehon mukaan ja siin\u00e4 on s\u00e4\u00e4dett\u00e4v\u00e4t kanavasulut pienempien erien kuivattamiseksi.<\/p>\n","protected":false},"featured_media":25115,"comment_status":"open","ping_status":"closed","template":"","meta":{"_acf_changed":false},"product_brand":[],"product_cat":[636,644,664],"product_tag":[647,665,648,666],"class_list":{"0":"post-25824","1":"product","2":"type-product","3":"status-publish","4":"has-post-thumbnail","6":"product_cat-all-products-fi","7":"product_cat-grain-fi","8":"product_cat-grain-dryers-fi","9":"product_tag-dryer-fi","10":"product_tag-dryer-tk-fi","11":"product_tag-dryer-tkr-fi","12":"product_tag-hr-fi","13":"description-off","15":"first","16":"instock","17":"shipping-taxable","18":"product-type-simple"},"acf":[],"_links":{"self":[{"href":"https:\/\/www.tornum.com\/fi\/wp-json\/wp\/v2\/product\/25824","targetHints":{"allow":["GET"]}}],"collection":[{"href":"https:\/\/www.tornum.com\/fi\/wp-json\/wp\/v2\/product"}],"about":[{"href":"https:\/\/www.tornum.com\/fi\/wp-json\/wp\/v2\/types\/product"}],"replies":[{"embeddable":true,"href":"https:\/\/www.tornum.com\/fi\/wp-json\/wp\/v2\/comments?post=25824"}],"version-history":[{"count":2,"href":"https:\/\/www.tornum.com\/fi\/wp-json\/wp\/v2\/product\/25824\/revisions"}],"predecessor-version":[{"id":25826,"href":"https:\/\/www.tornum.com\/fi\/wp-json\/wp\/v2\/product\/25824\/revisions\/25826"}],"wp:featuredmedia":[{"embeddable":true,"href":"https:\/\/www.tornum.com\/fi\/wp-json\/wp\/v2\/media\/25115"}],"wp:attachment":[{"href":"https:\/\/www.tornum.com\/fi\/wp-json\/wp\/v2\/media?parent=25824"}],"wp:term":[{"taxonomy":"product_brand","embeddable":true,"href":"https:\/\/www.tornum.com\/fi\/wp-json\/wp\/v2\/product_brand?post=25824"},{"taxonomy":"product_cat","embeddable":true,"href":"https:\/\/www.tornum.com\/fi\/wp-json\/wp\/v2\/product_cat?post=25824"},{"taxonomy":"product_tag","embeddable":true,"href":"https:\/\/www.tornum.com\/fi\/wp-json\/wp\/v2\/product_tag?post=25824"}],"curies":[{"name":"wp","href":"https:\/\/api.w.org\/{rel}","templated":true}]}}