{"id":25827,"date":"2023-05-14T20:21:14","date_gmt":"2023-05-14T20:21:14","guid":{"rendered":"https:\/\/www.tornum.com\/product\/belt-conveyor-bti\/"},"modified":"2025-07-14T08:54:52","modified_gmt":"2025-07-14T08:54:52","slug":"hihnakuljettimet-bti","status":"publish","type":"product","link":"https:\/\/www.tornum.com\/fi\/tuote\/hihnakuljettimet-bti\/","title":{"rendered":"HIHNAKULJETTIMET BTI"},"content":{"rendered":"<p><strong>PAREMPAA VILJAN SIIRTOA<\/strong><br \/>\nSek\u00e4 hihnan leveys ett\u00e4 veto- ja taittotelan leveydet ovat ISO-standardin mukaisia ja ne on k\u00e4yt\u00e4nn\u00f6n perusteella s\u00e4\u00e4detty tehoon n\u00e4hden. Viljalla on runsaasti tilaa ja hihna p\u00e4\u00e4see liikkumaan sivusuunnassa. Hihnan nopeus on tietenkin s\u00e4\u00e4detty k\u00e4yt\u00e4nn\u00f6n kokemuksen mukaan ja sen lis\u00e4ksi 20 metri\u00e4 tai pidemmiss\u00e4 kuljettimissa on ohjausrullasarjat, jotka varmistavat hihnan kulun paluupuolella. Sen lis\u00e4ksi keskit\u00e4ytt\u00f6kohta on tiivistetty PUR-nauhalla. Toisin sanoen, tasaista viljan siirtoa ilman tappioita.<\/p>\n<p><strong>HELPOMPI S\u00c4\u00c4T\u00d6<\/strong><br \/>\nKuljettimen p\u00e4\u00e4tykappaleessa on runsaasti s\u00e4\u00e4t\u00f6varaa, joka v\u00e4hent\u00e4\u00e4 hihnan pinnoitustarvetta venymisen seurauksena. Sen lis\u00e4ksi taittotelan leveys tekee kuljettimen v\u00e4hemm\u00e4n herk\u00e4ksi itse pinnoituksen laadulle. Kannatintelasarjat keskitt\u00e4v\u00e4t hihnan sivusiirron ansiosta ja molemmat kannatintelat voidaan s\u00e4\u00e4t\u00e4\u00e4 yksil\u00f6llisesti hihnan kulun s\u00e4\u00e4t\u00e4miseksi tarkemmin ja sivusiirron s\u00e4\u00e4t\u00e4miseksi, kun hihnan py\u00f6rimissuunta vaihdetaan.<\/p>\n<p><strong>HELPPO KOKOAMINEN<\/strong><br \/>\nKuten aina, olemme varmistaneet, ett\u00e4 kuljettimen kokoaminen sujuu helposti. Kuten kaikki Skandia Elevator tuotteet, BTI on moduulij\u00e4rjestelm\u00e4n osa. T\u00e4m\u00e4 helpottaa asennusta ja mukauttamista ohjattujen prosessien ja tarkan sovituksen ansiosta. Yksinkertainen asennus yhdess\u00e4 tuotantosuunnittelumme kanssa auttaa luomaan alusta alkaen selke\u00e4mm\u00e4n ja kest\u00e4v\u00e4mm\u00e4n laitteiston, jolla on ollut kova kysynt\u00e4 markkinoilla.<\/p>\n<p><strong>JOUSTAVA<\/strong><br \/>\nBTI on suunniteltu kaikkiin mahdollisiin ymp\u00e4rist\u00f6ihin ja asennuksiin, sek\u00e4 ulko- ett\u00e4 sis\u00e4tiloihin. Itsekantava pituus on jopa 6 metri\u00e4. BTI:t\u00e4 on saatavana kolmena eri mallina ja jokaiseen malliin voidaan valita kaksi tehoaluetta. Koosta riippumatta, jokaisessa asennuksessa voi olla hihnakuljetin, joka sopii t\u00e4ydellisesti eik\u00e4 kuluta enemp\u00e4\u00e4 energiaa kuin on tarpeen.<\/p>\n<p><strong>VERRATONTA LAATUA<\/strong><br \/>\nSkandia Elevator ei koskaan tingi laadusta. Vain parhaita materiaaleja ja komponentteja k\u00e4ytet\u00e4\u00e4n. T\u00e4m\u00e4 varmistaa luotettavan toiminnan, pident\u00e4\u00e4 k\u00e4ytt\u00f6ik\u00e4\u00e4 ja alentaa korjauskustannuksia.<\/p>\n","protected":false},"excerpt":{"rendered":"<p>Skandia BTI hihnakuljetin on tarkoitettu tehokkaaseen ja luotettavaan viljan siirtoon ilman siirtotappioita. Se tarjoaa helpot s\u00e4\u00e4d\u00f6t ja helpon asennuksen, v\u00e4hent\u00e4\u00e4 hihnan uudelleen pinnoituksen tarvetta sek\u00e4 varmistaa selke\u00e4n ja tukevamman rakenteen. Sen monipuolisuus sallii kuitenkin k\u00e4yt\u00f6n erilaisissa olosuhteissa ja kokoonpanoissa.<\/p>\n","protected":false},"featured_media":24955,"comment_status":"open","ping_status":"closed","template":"","meta":{"_acf_changed":false},"product_brand":[],"product_cat":[636,654,643,644,650,667],"product_tag":[668,669,647,670],"class_list":{"0":"post-25827","1":"product","2":"type-product","3":"status-publish","4":"has-post-thumbnail","6":"product_cat-all-products-fi","7":"product_cat-feed-fi","8":"product_cat-food-2-fi","9":"product_cat-grain-fi","10":"product_cat-material-handling-fi","11":"product_cat-belt-conveyors-fi","12":"product_tag-bin-fi","13":"product_tag-conveyor-fi","14":"product_tag-dryer-fi","15":"product_tag-transport-fi","16":"description-off","18":"first","19":"instock","20":"shipping-taxable","21":"product-type-simple"},"acf":[],"_links":{"self":[{"href":"https:\/\/www.tornum.com\/fi\/wp-json\/wp\/v2\/product\/25827","targetHints":{"allow":["GET"]}}],"collection":[{"href":"https:\/\/www.tornum.com\/fi\/wp-json\/wp\/v2\/product"}],"about":[{"href":"https:\/\/www.tornum.com\/fi\/wp-json\/wp\/v2\/types\/product"}],"replies":[{"embeddable":true,"href":"https:\/\/www.tornum.com\/fi\/wp-json\/wp\/v2\/comments?post=25827"}],"version-history":[{"count":2,"href":"https:\/\/www.tornum.com\/fi\/wp-json\/wp\/v2\/product\/25827\/revisions"}],"predecessor-version":[{"id":25830,"href":"https:\/\/www.tornum.com\/fi\/wp-json\/wp\/v2\/product\/25827\/revisions\/25830"}],"wp:featuredmedia":[{"embeddable":true,"href":"https:\/\/www.tornum.com\/fi\/wp-json\/wp\/v2\/media\/24955"}],"wp:attachment":[{"href":"https:\/\/www.tornum.com\/fi\/wp-json\/wp\/v2\/media?parent=25827"}],"wp:term":[{"taxonomy":"product_brand","embeddable":true,"href":"https:\/\/www.tornum.com\/fi\/wp-json\/wp\/v2\/product_brand?post=25827"},{"taxonomy":"product_cat","embeddable":true,"href":"https:\/\/www.tornum.com\/fi\/wp-json\/wp\/v2\/product_cat?post=25827"},{"taxonomy":"product_tag","embeddable":true,"href":"https:\/\/www.tornum.com\/fi\/wp-json\/wp\/v2\/product_tag?post=25827"}],"curies":[{"name":"wp","href":"https:\/\/api.w.org\/{rel}","templated":true}]}}