{"id":25828,"date":"2023-05-14T20:23:45","date_gmt":"2023-05-14T20:23:45","guid":{"rendered":"https:\/\/www.tornum.com\/product\/belt-conveyor-jema\/"},"modified":"2025-07-30T07:19:42","modified_gmt":"2025-07-30T07:19:42","slug":"jema-hihnakuljettimet","status":"publish","type":"product","link":"https:\/\/www.tornum.com\/fi\/tuote\/jema-hihnakuljettimet\/","title":{"rendered":"BELT CONVEYOR JEMA"},"content":{"rendered":"<div class=\"wpb-content-wrapper\"><p>[vc_row][vc_column width=&#8221;2\/3&#8243;][vc_column_text]Tornum tarjoaa hihnakuljettimia, jotka on tarkoitettu ensisijaisesti viljalle ja \u00f6ljykasvien siemenille.<br \/>\nNe ovat moduulirakenteisia ja valmistettu kuumasinkityst\u00e4 ter\u00e4ksest\u00e4. Kulmaan asennetut kannatintelat tarjoavat turvallisen ja energiatehokkaan siirron.<\/p>\n<p>Tornumin hihnakuljettimia on saatavana jopa 100 metrin pituisina ja teholtaan 60-300 tonnia\/h. Kuljettimia voidaan k\u00e4ytt\u00e4\u00e4 molempiin suuntiin ja\/tai ne voidaan asentaa kalteviksi. \u00d6ljynkest\u00e4v\u00e4t hihnat ovat vakiovarusteena.[\/vc_column_text][\/vc_column][vc_column width=&#8221;1\/3&#8243;][vc_column_text]<strong>VAIHTOEHDOT<\/strong><br \/>\n\u2022 K\u00e4si- tai moottorik\u00e4ytt\u00f6inen tyhjennysvaunu sis\u00e4\u00e4nrakennetulla jakajalla<br \/>\n\u2022 S\u00e4\u00e4suojaus ulkok\u00e4ytt\u00f6\u00f6n<br \/>\n\u2022 Useita tulo- ja poistosuppiloita[\/vc_column_text][\/vc_column][\/vc_row]<\/p>\n<\/div>","protected":false},"excerpt":{"rendered":"<div class=\"flex flex-grow flex-col gap-3 max-w-full\">\n<div class=\"min-h-[20px] flex flex-col items-start gap-3 overflow-x-auto whitespace-pre-wrap break-words\">\n<div class=\"markdown prose w-full break-words dark:prose-invert light\">\n<p>Tornum toimittaa kuumasinkityst\u00e4 ter\u00e4ksest\u00e4 valmistettuja moduulirakenteisia hihnakuljettimia, jotka on suunniteltu ensisijaisesti viljalle ja \u00f6ljykasvin siemenille. Hihnakuljettimet tarjoavat turvallisen ja energiatehokkaan siirron kulmaan asetettujen kannatintelojen sek\u00e4 joustavuutta, jopa 100 metrin pituuksien ja 60-300 t\/h siirtotehon ansiosta.<\/p>\n<\/div>\n<\/div>\n<\/div>\n","protected":false},"featured_media":24957,"comment_status":"open","ping_status":"closed","template":"","meta":{"_acf_changed":false},"product_brand":[],"product_cat":[636,654,643,644,650,667],"product_tag":[668,669,647,670],"class_list":{"0":"post-25828","1":"product","2":"type-product","3":"status-publish","4":"has-post-thumbnail","6":"product_cat-all-products-fi","7":"product_cat-feed-fi","8":"product_cat-food-2-fi","9":"product_cat-grain-fi","10":"product_cat-material-handling-fi","11":"product_cat-belt-conveyors-fi","12":"product_tag-bin-fi","13":"product_tag-conveyor-fi","14":"product_tag-dryer-fi","15":"product_tag-transport-fi","16":"description-off","18":"first","19":"instock","20":"shipping-taxable","21":"product-type-simple"},"acf":[],"_links":{"self":[{"href":"https:\/\/www.tornum.com\/fi\/wp-json\/wp\/v2\/product\/25828","targetHints":{"allow":["GET"]}}],"collection":[{"href":"https:\/\/www.tornum.com\/fi\/wp-json\/wp\/v2\/product"}],"about":[{"href":"https:\/\/www.tornum.com\/fi\/wp-json\/wp\/v2\/types\/product"}],"replies":[{"embeddable":true,"href":"https:\/\/www.tornum.com\/fi\/wp-json\/wp\/v2\/comments?post=25828"}],"version-history":[{"count":2,"href":"https:\/\/www.tornum.com\/fi\/wp-json\/wp\/v2\/product\/25828\/revisions"}],"predecessor-version":[{"id":25832,"href":"https:\/\/www.tornum.com\/fi\/wp-json\/wp\/v2\/product\/25828\/revisions\/25832"}],"wp:featuredmedia":[{"embeddable":true,"href":"https:\/\/www.tornum.com\/fi\/wp-json\/wp\/v2\/media\/24957"}],"wp:attachment":[{"href":"https:\/\/www.tornum.com\/fi\/wp-json\/wp\/v2\/media?parent=25828"}],"wp:term":[{"taxonomy":"product_brand","embeddable":true,"href":"https:\/\/www.tornum.com\/fi\/wp-json\/wp\/v2\/product_brand?post=25828"},{"taxonomy":"product_cat","embeddable":true,"href":"https:\/\/www.tornum.com\/fi\/wp-json\/wp\/v2\/product_cat?post=25828"},{"taxonomy":"product_tag","embeddable":true,"href":"https:\/\/www.tornum.com\/fi\/wp-json\/wp\/v2\/product_tag?post=25828"}],"curies":[{"name":"wp","href":"https:\/\/api.w.org\/{rel}","templated":true}]}}