{"id":25840,"date":"2023-03-05T22:37:28","date_gmt":"2023-03-05T22:37:28","guid":{"rendered":"https:\/\/www.tornum.com\/product\/buhler-sma-laca\/"},"modified":"2025-07-30T08:21:30","modified_gmt":"2025-07-30T08:21:30","slug":"buhler-sma-laca","status":"publish","type":"product","link":"https:\/\/www.tornum.com\/fi\/tuote\/buhler-sma-laca\/","title":{"rendered":"B\u00dcHLER SMA \u2013 LACB"},"content":{"rendered":"<div class=\"wpb-content-wrapper\"><p>[vc_row gap=&#8221;35&#8243;][vc_column width=&#8221;2\/3&#8243;][vc_column_text]<\/p>\n<h3><strong>YLEISLAJITTELIJA B\u00dcHLER LACB SMA 203-3 \/ 206-6<\/strong><\/h3>\n<p>SMA on edullinen yleislajittelija viljan vastaanottopuhdistukseen mutta my\u00f6s tarkkaan lajitteluun ja mallasohran kokolajitteluun. Vankka rakenne takaa pitk\u00e4n k\u00e4ytt\u00f6i\u00e4n ja luotettavan k\u00e4yt\u00f6n. SMA on saatavana viiten\u00e4, teholtaan 12-220 t\/h mallina.[\/vc_column_text][\/vc_column][vc_column width=&#8221;1\/3&#8243;][vc_column_text]<strong>OMINAISUUKSIA<\/strong><br \/>\n\u2022 V\u00e4r\u00e4htelev\u00e4 seulalaatikko tarjoaa tasaisen, t\u00e4rin\u00e4tt\u00f6m\u00e4n toiminnan<br \/>\n\u2022 Ei aseta suuria vaatimuksia perustuksille<br \/>\n\u2022 Ter\u00e4ksiset seulakasetit pallopuhdistuksella<br \/>\n\u2022 T\u00e4ysin suljettu seulalaatikko varmistaa p\u00f6lytt\u00f6m\u00e4n ymp\u00e4rist\u00f6n<br \/>\n\u2022 Poisto-osa nousuilmapuhdistuksella<br \/>\n\u2022 Sy\u00f6tt\u00f6osa esipuhdistimella ja sy\u00f6tt\u00f6telalla (mallit 203 ja 206)<\/p>\n<p><strong>LIS\u00c4VARUSTEET<\/strong><br \/>\n\u2022 Magneetilla varustettu poistosuppilo<br \/>\n\u2022 Puhallin<br \/>\n\u2022 Sykloni<br \/>\n\u2022 Suodatin[\/vc_column_text][\/vc_column][\/vc_row]<\/p>\n<\/div>","protected":false},"excerpt":{"rendered":"<div class=\"flex flex-grow flex-col gap-3 max-w-full\">\n<div class=\"min-h-[20px] flex flex-col items-start gap-3 overflow-x-auto whitespace-pre-wrap break-words\">\n<div class=\"markdown prose w-full break-words dark:prose-invert light\">\n<p>SMA on vankkarakenteinen ja edullinen yleislajittelija, joka soveltuu viljan vastaanottopuhdistukseen, tarkkuuslajitteluun ja mallasohran kokolajitteluun. Sarja koostuu viidest\u00e4, teholtaan 12-220 t\/h mallista pitk\u00e4aikaiseen, luotettavaan k\u00e4ytt\u00f6\u00f6n.<\/p>\n<\/div>\n<\/div>\n<\/div>\n","protected":false},"featured_media":48258,"comment_status":"open","ping_status":"closed","template":"","meta":{"_acf_changed":false},"product_brand":[],"product_cat":[636,643,644,650,671],"product_tag":[672,673,655,653],"class_list":{"0":"post-25840","1":"product","2":"type-product","3":"status-publish","4":"has-post-thumbnail","6":"product_cat-all-products-fi","7":"product_cat-food-2-fi","8":"product_cat-grain-fi","9":"product_cat-material-handling-fi","10":"product_cat-cleaning-machines-fi","11":"product_tag-cleaning-fi","12":"product_tag-dc-remover-fi","13":"product_tag-dust-fi","14":"product_tag-separation-fi","15":"pa_products-type-all-products-fi","16":"pa_products-type-grain-fi","17":"description-off","19":"first","20":"instock","21":"shipping-taxable","22":"product-type-simple"},"acf":[],"_links":{"self":[{"href":"https:\/\/www.tornum.com\/fi\/wp-json\/wp\/v2\/product\/25840","targetHints":{"allow":["GET"]}}],"collection":[{"href":"https:\/\/www.tornum.com\/fi\/wp-json\/wp\/v2\/product"}],"about":[{"href":"https:\/\/www.tornum.com\/fi\/wp-json\/wp\/v2\/types\/product"}],"replies":[{"embeddable":true,"href":"https:\/\/www.tornum.com\/fi\/wp-json\/wp\/v2\/comments?post=25840"}],"version-history":[{"count":2,"href":"https:\/\/www.tornum.com\/fi\/wp-json\/wp\/v2\/product\/25840\/revisions"}],"predecessor-version":[{"id":25851,"href":"https:\/\/www.tornum.com\/fi\/wp-json\/wp\/v2\/product\/25840\/revisions\/25851"}],"wp:featuredmedia":[{"embeddable":true,"href":"https:\/\/www.tornum.com\/fi\/wp-json\/wp\/v2\/media\/48258"}],"wp:attachment":[{"href":"https:\/\/www.tornum.com\/fi\/wp-json\/wp\/v2\/media?parent=25840"}],"wp:term":[{"taxonomy":"product_brand","embeddable":true,"href":"https:\/\/www.tornum.com\/fi\/wp-json\/wp\/v2\/product_brand?post=25840"},{"taxonomy":"product_cat","embeddable":true,"href":"https:\/\/www.tornum.com\/fi\/wp-json\/wp\/v2\/product_cat?post=25840"},{"taxonomy":"product_tag","embeddable":true,"href":"https:\/\/www.tornum.com\/fi\/wp-json\/wp\/v2\/product_tag?post=25840"}],"curies":[{"name":"wp","href":"https:\/\/api.w.org\/{rel}","templated":true}]}}