{"id":25841,"date":"2023-05-14T21:11:40","date_gmt":"2023-05-14T21:11:40","guid":{"rendered":"https:\/\/www.tornum.com\/product\/buhler-tas-laab\/"},"modified":"2025-07-30T08:35:19","modified_gmt":"2025-07-30T08:35:19","slug":"buhler-tas-laab","status":"publish","type":"product","link":"https:\/\/www.tornum.com\/fi\/tuote\/buhler-tas-laab\/","title":{"rendered":"B\u00dcHLER TAS\u2122 \u2013 LAAB"},"content":{"rendered":"<div class=\"wpb-content-wrapper\"><p>[vc_row][vc_column width=&#8221;2\/3&#8243;][vc_column_text]TAS\u2122 yleislajittelija on etup\u00e4\u00e4ss\u00e4 tarkoitettu viljan ja rakeistetun materiaalin esipuhdistukseen, mutta sit\u00e4 voidaan my\u00f6s k\u00e4ytt\u00e4\u00e4 kokolajitteluun. Vankka rakenne takaa pitk\u00e4n k\u00e4ytt\u00f6i\u00e4n ja luotettavan k\u00e4yt\u00f6n. TAS\u2122 on saatavissa 8 eri mallina k\u00e4ytt\u00f6tarkoituksen mukaan ja ovat teholtaan 60-250 tonnia\/h.[\/vc_column_text][\/vc_column][vc_column width=&#8221;1\/3&#8243;][vc_column_text]<strong>OMINAISUUKSIA<\/strong><br \/>\n\u2022 V\u00e4r\u00e4htelev\u00e4 seulalaatikko tarjoaa tasaisen, t\u00e4rin\u00e4tt\u00f6m\u00e4n toiminnan<br \/>\n\u2022 Ei aseta suuria vaatimuksia perustuksille<br \/>\n\u2022 Ter\u00e4ksiset seulakasetit pallopuhdistuksella<br \/>\n\u2022 T\u00e4ysin suljettu seulalaatikko varmistaa p\u00f6lytt\u00f6m\u00e4n ymp\u00e4rist\u00f6n<br \/>\n\u2022 Sy\u00f6tt\u00f6osassa esipuhdistus ja sy\u00f6tt\u00f6tela<br \/>\n\u2022 Poisto-osassa nousuilmapuhdistus<\/p>\n<p><strong>LIS\u00c4VARUSTEET<\/strong><br \/>\n\u2022 Seulan vaihtol\u00e4pp\u00e4 kaksoisseulontaa varten<br \/>\n\u2022 Puhallin<br \/>\n\u2022 Sykloni<br \/>\n\u2022 Suodatin[\/vc_column_text][\/vc_column][\/vc_row]<\/p>\n<\/div>","protected":false},"excerpt":{"rendered":"<p>TAS\u2122 yleislajittelija on etup\u00e4\u00e4ss\u00e4 suunniteltu viljan ja rakeistetun materiaalin esipuhdistukseen, mutta sit\u00e4 voidaan tarvittaessa my\u00f6s k\u00e4ytt\u00e4\u00e4 kokolajitteluun.<\/p>\n","protected":false},"featured_media":25212,"comment_status":"open","ping_status":"closed","template":"","meta":{"_acf_changed":false},"product_brand":[],"product_cat":[636,643,644,650,671],"product_tag":[672,673,655,653],"class_list":{"0":"post-25841","1":"product","2":"type-product","3":"status-publish","4":"has-post-thumbnail","6":"product_cat-all-products-fi","7":"product_cat-food-2-fi","8":"product_cat-grain-fi","9":"product_cat-material-handling-fi","10":"product_cat-cleaning-machines-fi","11":"product_tag-cleaning-fi","12":"product_tag-dc-remover-fi","13":"product_tag-dust-fi","14":"product_tag-separation-fi","15":"description-off","17":"first","18":"instock","19":"shipping-taxable","20":"product-type-simple"},"acf":[],"_links":{"self":[{"href":"https:\/\/www.tornum.com\/fi\/wp-json\/wp\/v2\/product\/25841","targetHints":{"allow":["GET"]}}],"collection":[{"href":"https:\/\/www.tornum.com\/fi\/wp-json\/wp\/v2\/product"}],"about":[{"href":"https:\/\/www.tornum.com\/fi\/wp-json\/wp\/v2\/types\/product"}],"replies":[{"embeddable":true,"href":"https:\/\/www.tornum.com\/fi\/wp-json\/wp\/v2\/comments?post=25841"}],"version-history":[{"count":3,"href":"https:\/\/www.tornum.com\/fi\/wp-json\/wp\/v2\/product\/25841\/revisions"}],"predecessor-version":[{"id":50496,"href":"https:\/\/www.tornum.com\/fi\/wp-json\/wp\/v2\/product\/25841\/revisions\/50496"}],"wp:featuredmedia":[{"embeddable":true,"href":"https:\/\/www.tornum.com\/fi\/wp-json\/wp\/v2\/media\/25212"}],"wp:attachment":[{"href":"https:\/\/www.tornum.com\/fi\/wp-json\/wp\/v2\/media?parent=25841"}],"wp:term":[{"taxonomy":"product_brand","embeddable":true,"href":"https:\/\/www.tornum.com\/fi\/wp-json\/wp\/v2\/product_brand?post=25841"},{"taxonomy":"product_cat","embeddable":true,"href":"https:\/\/www.tornum.com\/fi\/wp-json\/wp\/v2\/product_cat?post=25841"},{"taxonomy":"product_tag","embeddable":true,"href":"https:\/\/www.tornum.com\/fi\/wp-json\/wp\/v2\/product_tag?post=25841"}],"curies":[{"name":"wp","href":"https:\/\/api.w.org\/{rel}","templated":true}]}}