{"id":25842,"date":"2023-04-03T12:49:18","date_gmt":"2023-04-03T12:49:18","guid":{"rendered":"https:\/\/www.tornum.com\/product\/bucket-and-chain-elevator-pits\/"},"modified":"2025-07-30T07:26:45","modified_gmt":"2025-07-30T07:26:45","slug":"kuppi-ja-ketjuelevaattorikuilut","status":"publish","type":"product","link":"https:\/\/www.tornum.com\/fi\/tuote\/kuppi-ja-ketjuelevaattorikuilut\/","title":{"rendered":"KUPPI- JA KETJUELEVAATTORIKUILUT"},"content":{"rendered":"<div class=\"wpb-content-wrapper\"><p>[vc_row gap=&#8221;35&#8243;][vc_column width=&#8221;1\/2&#8243;][vc_column_text]Tornumin kuppi- ja ketjuelevaattorikuilut ovat itsetyhjentyvi\u00e4. Toiminto perustuu siihen, ett\u00e4 vastaanottokuilu tyhjennet\u00e4\u00e4n painovoimalla elevaattoriin. Molemmat soveltuvat kiinte\u00e4\u00e4n, betonialustalle asennukseen. Kuppielevaattorikuilun suuri syvyys on usein etu, sill\u00e4 painovoimaa voidaan hy\u00f6dynt\u00e4\u00e4 my\u00f6s siilojen ja kuivurin tyhjennykseen. Ketjuelevaattorin vastaanottokuilu voidaan sulkea sulkimella, jolloin ketjuelevaattoria voidaan k\u00e4ytt\u00e4\u00e4 kuivurin tyhjent\u00e4miseen.[\/vc_column_text][\/vc_column][vc_column width=&#8221;1\/2&#8243;][vc_column_text]<strong>OMINAISUUDET<\/strong><br \/>\n\u2022 Alus- ja pintamaali hyv\u00e4n korroosiosuojan takaamiseksi<br \/>\n\u2022 Varustettu vahvoilla kannatinpalkeilla kiskoja varten<br \/>\n\u2022 Kuilussa on sile\u00e4 sis\u00e4pinta puhdistuksen helpottamiseksi<br \/>\n\u2022 Elevaattorin osa voidaan peitt\u00e4\u00e4<\/p>\n<p><strong>LIS\u00c4VARUSTEET<\/strong><br \/>\n\u2022 Kuormaa kest\u00e4v\u00e4t ritil\u00e4t<br \/>\n\u2022 Kuilun sivusuojukset<br \/>\n\u2022 T\u00e4ytt\u00f6h\u00e4lytin[\/vc_column_text][\/vc_column][\/vc_row]<\/p>\n<\/div>","protected":false},"excerpt":{"rendered":"<p>Tornumin itsepurkavat kuppi- ja ketjuelevaattorikuiluissa k\u00e4ytet\u00e4\u00e4n painovoimaa vastaanottokuilun tyhjent\u00e4miseen, joten ne ovat ihanteellisia kiinte\u00e4\u00e4n asennukseen betonialustalle.<\/p>\n","protected":false},"featured_media":24764,"comment_status":"open","ping_status":"closed","template":"","meta":{"_acf_changed":false},"product_brand":[],"product_cat":[636,654,643,644,650,675,676],"product_tag":[677,678,647,679],"class_list":{"0":"post-25842","1":"product","2":"type-product","3":"status-publish","4":"has-post-thumbnail","6":"product_cat-all-products-fi","7":"product_cat-feed-fi","8":"product_cat-food-2-fi","9":"product_cat-grain-fi","10":"product_cat-material-handling-fi","11":"product_cat-intake-pit-fi","12":"product_cat-intake-pit-storage-fi","13":"product_tag-bucket-fi","14":"product_tag-chain-fi","15":"product_tag-dryer-fi","16":"product_tag-elevator-fi","17":"pa_products-type-feed-fi","18":"description-off","20":"first","21":"instock","22":"shipping-taxable","23":"product-type-simple"},"acf":[],"_links":{"self":[{"href":"https:\/\/www.tornum.com\/fi\/wp-json\/wp\/v2\/product\/25842","targetHints":{"allow":["GET"]}}],"collection":[{"href":"https:\/\/www.tornum.com\/fi\/wp-json\/wp\/v2\/product"}],"about":[{"href":"https:\/\/www.tornum.com\/fi\/wp-json\/wp\/v2\/types\/product"}],"replies":[{"embeddable":true,"href":"https:\/\/www.tornum.com\/fi\/wp-json\/wp\/v2\/comments?post=25842"}],"version-history":[{"count":3,"href":"https:\/\/www.tornum.com\/fi\/wp-json\/wp\/v2\/product\/25842\/revisions"}],"predecessor-version":[{"id":25847,"href":"https:\/\/www.tornum.com\/fi\/wp-json\/wp\/v2\/product\/25842\/revisions\/25847"}],"wp:featuredmedia":[{"embeddable":true,"href":"https:\/\/www.tornum.com\/fi\/wp-json\/wp\/v2\/media\/24764"}],"wp:attachment":[{"href":"https:\/\/www.tornum.com\/fi\/wp-json\/wp\/v2\/media?parent=25842"}],"wp:term":[{"taxonomy":"product_brand","embeddable":true,"href":"https:\/\/www.tornum.com\/fi\/wp-json\/wp\/v2\/product_brand?post=25842"},{"taxonomy":"product_cat","embeddable":true,"href":"https:\/\/www.tornum.com\/fi\/wp-json\/wp\/v2\/product_cat?post=25842"},{"taxonomy":"product_tag","embeddable":true,"href":"https:\/\/www.tornum.com\/fi\/wp-json\/wp\/v2\/product_tag?post=25842"}],"curies":[{"name":"wp","href":"https:\/\/api.w.org\/{rel}","templated":true}]}}