{"id":25843,"date":"2023-01-29T20:07:08","date_gmt":"2023-01-29T20:07:08","guid":{"rendered":"https:\/\/www.tornum.com\/product\/buhler-grainplus-laga\/"},"modified":"2025-07-30T08:02:27","modified_gmt":"2025-07-30T08:02:27","slug":"buhler-grainplus-laga","status":"publish","type":"product","link":"https:\/\/www.tornum.com\/fi\/tuote\/buhler-grainplus-laga\/","title":{"rendered":"B\u00dcHLER GRAINPLUS\u2122 \u2013 LAGA"},"content":{"rendered":"<div class=\"wpb-content-wrapper\"><p>[vc_row][vc_column width=&#8221;2\/3&#8243;][vc_column_text]GrainPLUS\u2122 on edullinen yleislajittelija viljan vastaanottopuhdistukseen mutta my\u00f6s tarkkaan lajitteluun ja mallasohran kokolajitteluun. GrainPLUS\u2122 on tarkoitettu pienemp\u00e4\u00e4n lajittelutehon tarpeeseen mutta soveltuu pitkiin k\u00e4ytt\u00f6jaksoihin ja t\u00e4ytt\u00e4\u00e4 asetetut vaatimukset. Vankka rakenne takaa pitk\u00e4n k\u00e4ytt\u00f6i\u00e4n. GrainPlus\u2122:st\u00e4 on saatavana 3 mallia, teholtaan 12-50 tonnia\/h.[\/vc_column_text][\/vc_column][vc_column width=&#8221;1\/3&#8243;][vc_column_text]<strong>OMINAISUUKSIA<\/strong><br \/>\n\u2022 V\u00e4r\u00e4htelev\u00e4 seulalaatikko tarjoaa tasaisen, t\u00e4rin\u00e4tt\u00f6m\u00e4n toiminnan<br \/>\n\u2022 Ei aseta suuria vaatimuksia perustuksille<br \/>\n\u2022 Ter\u00e4ksiset seulakasetit pallopuhdistuksella<br \/>\n\u2022 T\u00e4ysin suljettu seulalaatikko varmistaa p\u00f6lytt\u00f6m\u00e4n ymp\u00e4rist\u00f6n<br \/>\n\u2022 Poisto-osa nousuilmapuhdistuksella<\/p>\n<p><strong>LIS\u00c4VARUSTEET<\/strong><br \/>\n\u2022 Sy\u00f6tt\u00f6puoli esipuhdistuksella ja sy\u00f6tt\u00f6telalla<br \/>\n\u2022 Poistopuolen suppilo magneetilla<br \/>\n\u2022\u00a0<a href=\"https:\/\/www.tornum.com\/product\/cyclone\/\">Sykloni<\/a><br \/>\n\u2022 Puhallin<br \/>\n\u2022 Suodatin[\/vc_column_text][\/vc_column][\/vc_row]<\/p>\n<\/div>","protected":false},"excerpt":{"rendered":"<p>GrainPLUS\u2122 on kustannustehokas yleislajittelija, joka soveltuu erityisesti viljan vastaanottopuhdistukseen. Se on my\u00f6s riitt\u00e4v\u00e4n tehokas tarkkaan lajitteluun ja mallasohran kokolajitteluun.<\/p>\n","protected":false},"featured_media":25286,"comment_status":"open","ping_status":"closed","template":"","meta":{"_acf_changed":false},"product_brand":[],"product_cat":[636,654,643,644,650,671],"product_tag":[672,673,655,653],"class_list":{"0":"post-25843","1":"product","2":"type-product","3":"status-publish","4":"has-post-thumbnail","6":"product_cat-all-products-fi","7":"product_cat-feed-fi","8":"product_cat-food-2-fi","9":"product_cat-grain-fi","10":"product_cat-material-handling-fi","11":"product_cat-cleaning-machines-fi","12":"product_tag-cleaning-fi","13":"product_tag-dc-remover-fi","14":"product_tag-dust-fi","15":"product_tag-separation-fi","16":"pa_products-type-all-products-fi","17":"pa_products-type-feed-fi","18":"description-off","20":"first","21":"instock","22":"shipping-taxable","23":"product-type-simple"},"acf":[],"_links":{"self":[{"href":"https:\/\/www.tornum.com\/fi\/wp-json\/wp\/v2\/product\/25843","targetHints":{"allow":["GET"]}}],"collection":[{"href":"https:\/\/www.tornum.com\/fi\/wp-json\/wp\/v2\/product"}],"about":[{"href":"https:\/\/www.tornum.com\/fi\/wp-json\/wp\/v2\/types\/product"}],"replies":[{"embeddable":true,"href":"https:\/\/www.tornum.com\/fi\/wp-json\/wp\/v2\/comments?post=25843"}],"version-history":[{"count":2,"href":"https:\/\/www.tornum.com\/fi\/wp-json\/wp\/v2\/product\/25843\/revisions"}],"predecessor-version":[{"id":25849,"href":"https:\/\/www.tornum.com\/fi\/wp-json\/wp\/v2\/product\/25843\/revisions\/25849"}],"wp:featuredmedia":[{"embeddable":true,"href":"https:\/\/www.tornum.com\/fi\/wp-json\/wp\/v2\/media\/25286"}],"wp:attachment":[{"href":"https:\/\/www.tornum.com\/fi\/wp-json\/wp\/v2\/media?parent=25843"}],"wp:term":[{"taxonomy":"product_brand","embeddable":true,"href":"https:\/\/www.tornum.com\/fi\/wp-json\/wp\/v2\/product_brand?post=25843"},{"taxonomy":"product_cat","embeddable":true,"href":"https:\/\/www.tornum.com\/fi\/wp-json\/wp\/v2\/product_cat?post=25843"},{"taxonomy":"product_tag","embeddable":true,"href":"https:\/\/www.tornum.com\/fi\/wp-json\/wp\/v2\/product_tag?post=25843"}],"curies":[{"name":"wp","href":"https:\/\/api.w.org\/{rel}","templated":true}]}}