{"id":25859,"date":"2023-05-14T21:55:41","date_gmt":"2023-05-14T21:55:41","guid":{"rendered":"https:\/\/www.tornum.com\/product\/buildings\/"},"modified":"2025-07-30T08:46:11","modified_gmt":"2025-07-30T08:46:11","slug":"rakennukset","status":"publish","type":"product","link":"https:\/\/www.tornum.com\/fi\/tuote\/rakennukset\/","title":{"rendered":"RAKENNUKSET"},"content":{"rendered":"<p>Pohjoismaissa kuivuri ja varastosiilot ovat perinteisesti sis\u00e4tiloissa. Tornum on erikoistunut ainutlaatuisten kuivurirakennusten tekemiseen, yksil\u00f6llisten tarpeiden ja vaatimusten mukaan.<\/p>\n<p>1.hein\u00e4kuuta 2014 alkaen kaikilla EU-markkinoitavilla rakennustuotteilla pit\u00e4\u00e4 olla CE-merkint\u00e4. Tornum takaa rakennusten olevan n\u00e4iden standardien mukainen ja ett\u00e4 rakennukset t\u00e4ytt\u00e4v\u00e4t EU-vaatimukset.<\/p>\n","protected":false},"excerpt":{"rendered":"<p>Pohjoismaissa kuivuri ja varastosiilot sijoitetaan perinteisesti sis\u00e4tiloihin. Tornum toimittaa yksil\u00f6llisi\u00e4 kuivaamorakennuksia asiakkaiden toiveiden mukaisesti.<\/p>\n","protected":false},"featured_media":25068,"comment_status":"open","ping_status":"closed","template":"","meta":{"_acf_changed":false},"product_brand":[],"product_cat":[636,654,643,644,681,682],"product_tag":[683,669,647,684],"class_list":{"0":"post-25859","1":"product","2":"type-product","3":"status-publish","4":"has-post-thumbnail","6":"product_cat-all-products-fi","7":"product_cat-feed-fi","8":"product_cat-food-2-fi","9":"product_cat-grain-fi","10":"product_cat-storage-fi","11":"product_cat-building-storage-fi","12":"product_tag-bins-fi","13":"product_tag-conveyor-fi","14":"product_tag-dryer-fi","15":"product_tag-storage-fi","16":"description-off","18":"first","19":"instock","20":"shipping-taxable","21":"product-type-simple"},"acf":[],"_links":{"self":[{"href":"https:\/\/www.tornum.com\/fi\/wp-json\/wp\/v2\/product\/25859","targetHints":{"allow":["GET"]}}],"collection":[{"href":"https:\/\/www.tornum.com\/fi\/wp-json\/wp\/v2\/product"}],"about":[{"href":"https:\/\/www.tornum.com\/fi\/wp-json\/wp\/v2\/types\/product"}],"replies":[{"embeddable":true,"href":"https:\/\/www.tornum.com\/fi\/wp-json\/wp\/v2\/comments?post=25859"}],"version-history":[{"count":2,"href":"https:\/\/www.tornum.com\/fi\/wp-json\/wp\/v2\/product\/25859\/revisions"}],"predecessor-version":[{"id":25864,"href":"https:\/\/www.tornum.com\/fi\/wp-json\/wp\/v2\/product\/25859\/revisions\/25864"}],"wp:featuredmedia":[{"embeddable":true,"href":"https:\/\/www.tornum.com\/fi\/wp-json\/wp\/v2\/media\/25068"}],"wp:attachment":[{"href":"https:\/\/www.tornum.com\/fi\/wp-json\/wp\/v2\/media?parent=25859"}],"wp:term":[{"taxonomy":"product_brand","embeddable":true,"href":"https:\/\/www.tornum.com\/fi\/wp-json\/wp\/v2\/product_brand?post=25859"},{"taxonomy":"product_cat","embeddable":true,"href":"https:\/\/www.tornum.com\/fi\/wp-json\/wp\/v2\/product_cat?post=25859"},{"taxonomy":"product_tag","embeddable":true,"href":"https:\/\/www.tornum.com\/fi\/wp-json\/wp\/v2\/product_tag?post=25859"}],"curies":[{"name":"wp","href":"https:\/\/api.w.org\/{rel}","templated":true}]}}