{"id":25860,"date":"2023-05-04T11:17:37","date_gmt":"2023-05-04T11:17:37","guid":{"rendered":"https:\/\/www.tornum.com\/product\/bulk-loading-bin-ut\/"},"modified":"2025-07-14T07:16:55","modified_gmt":"2025-07-14T07:16:55","slug":"ut-kuormaussiilot","status":"publish","type":"product","link":"https:\/\/www.tornum.com\/fi\/tuote\/ut-kuormaussiilot\/","title":{"rendered":"UT KUORMAUSSIILOT"},"content":{"rendered":"<div class=\"wpb-content-wrapper\"><p>[vc_row gap=&#8221;35&#8243;][vc_column width=&#8221;2\/3&#8243;][vc_column_text]Tornum\u2019in kuormaussiilon varastointikapasiteetti varmistaa nopean ja tehokkaan kuormauksen. Korkeus ja leveys on sovitettu suurten ajoneuvojen mukaan ja ne voidaan ajaa ja kuormata siilon alitse. Siilon ristikkorakenne on eritt\u00e4in vankka. Kuormaussiilo on my\u00f6s eritt\u00e4in helppo asentaa, sill\u00e4 se kootaan ruuviliitoksilla.[\/vc_column_text][\/vc_column][vc_column width=&#8221;1\/3&#8243;][vc_column_text]<strong>Ominaisuuksia<\/strong><br \/>\n\u2022 Valmistettu kuumasinkityst\u00e4 ter\u00e4slevyst\u00e4<br \/>\n\u2022 Elementtien korkeus on 505 mm ja niit\u00e4 voidaan lis\u00e4t\u00e4 tarvittavan tilavuuden mukaan<br \/>\n\u2022 Siilon sile\u00e4 sis\u00e4pinta on helppo puhdistaa<br \/>\n\u2022 Rakenne mahdollistaa useita erilaisia asennusmenetelmi\u00e4, mik\u00e4 s\u00e4\u00e4st\u00e4\u00e4 aikaa.<br \/>\n\u2022 Siilon tyhjennysaukko on 300 x 300 mm ja se on varustettu maasta k\u00e4sin hallittavalla sulkuluukulla<br \/>\n\u2022 Vapaa tila sulkuluukun alla on 4 620 mm<\/p>\n<p><strong>Lis\u00e4varusteet<\/strong><br \/>\n\u2022 T\u00e4ytt\u00f6h\u00e4lytin<br \/>\n\u2022 Turvaluukulla varustettu tarkistusaukko, pohjaan asennettu<br \/>\n\u2022 V\u00e4lisein\u00e4<br \/>\n\u2022 Sulkulaite<br \/>\n\u2022 Moottorik\u00e4ytt\u00f6inen sulku<br \/>\n\u2022 Tikkaat<br \/>\n\u2022 Kaiteet[\/vc_column_text][\/vc_column][\/vc_row]<\/p>\n<\/div>","protected":false},"excerpt":{"rendered":"<p>Tornum\u2019in kuormaussiilot mahdollistavat tehokkaan kuormauksen suuriin ajoneuvoihin vankan ristikkorakenteensa ansiosta. Siilo on helppo koota ruuviliitosten ansiosta.<\/p>\n","protected":false},"featured_media":25071,"comment_status":"open","ping_status":"closed","template":"","meta":{"_acf_changed":false},"product_brand":[],"product_cat":[636,654,643,644,681,685],"product_tag":[668,686,642,684],"class_list":{"0":"post-25860","1":"product","2":"type-product","3":"status-publish","4":"has-post-thumbnail","6":"product_cat-all-products-fi","7":"product_cat-feed-fi","8":"product_cat-food-2-fi","9":"product_cat-grain-fi","10":"product_cat-storage-fi","11":"product_cat-bulk-loading-bin-fi","12":"product_tag-bin-fi","13":"product_tag-building-fi","14":"product_tag-silo-fi","15":"product_tag-storage-fi","16":"description-off","18":"first","19":"instock","20":"shipping-taxable","21":"product-type-simple"},"acf":[],"_links":{"self":[{"href":"https:\/\/www.tornum.com\/fi\/wp-json\/wp\/v2\/product\/25860","targetHints":{"allow":["GET"]}}],"collection":[{"href":"https:\/\/www.tornum.com\/fi\/wp-json\/wp\/v2\/product"}],"about":[{"href":"https:\/\/www.tornum.com\/fi\/wp-json\/wp\/v2\/types\/product"}],"replies":[{"embeddable":true,"href":"https:\/\/www.tornum.com\/fi\/wp-json\/wp\/v2\/comments?post=25860"}],"version-history":[{"count":2,"href":"https:\/\/www.tornum.com\/fi\/wp-json\/wp\/v2\/product\/25860\/revisions"}],"predecessor-version":[{"id":25866,"href":"https:\/\/www.tornum.com\/fi\/wp-json\/wp\/v2\/product\/25860\/revisions\/25866"}],"wp:featuredmedia":[{"embeddable":true,"href":"https:\/\/www.tornum.com\/fi\/wp-json\/wp\/v2\/media\/25071"}],"wp:attachment":[{"href":"https:\/\/www.tornum.com\/fi\/wp-json\/wp\/v2\/media?parent=25860"}],"wp:term":[{"taxonomy":"product_brand","embeddable":true,"href":"https:\/\/www.tornum.com\/fi\/wp-json\/wp\/v2\/product_brand?post=25860"},{"taxonomy":"product_cat","embeddable":true,"href":"https:\/\/www.tornum.com\/fi\/wp-json\/wp\/v2\/product_cat?post=25860"},{"taxonomy":"product_tag","embeddable":true,"href":"https:\/\/www.tornum.com\/fi\/wp-json\/wp\/v2\/product_tag?post=25860"}],"curies":[{"name":"wp","href":"https:\/\/api.w.org\/{rel}","templated":true}]}}