{"id":25861,"date":"2023-05-14T20:51:26","date_gmt":"2023-05-14T20:51:26","guid":{"rendered":"https:\/\/www.tornum.com\/product\/centrifugal-fans\/"},"modified":"2025-07-30T08:53:11","modified_gmt":"2025-07-30T08:53:11","slug":"keskipakopuhaltimet","status":"publish","type":"product","link":"https:\/\/www.tornum.com\/fi\/tuote\/keskipakopuhaltimet\/","title":{"rendered":"KESKIPAKOPUHALTIMET"},"content":{"rendered":"<div class=\"wpb-content-wrapper\"><p>[vc_row][vc_column width=&#8221;2\/3&#8243;][vc_column_text]Tornum\u2019in keskipakopuhaltimet on suunniteltu viljan tuuletukseen, j\u00e4\u00e4hdytykseen ja kuivaukseen. Puhaltimet ovat eritt\u00e4in tehokkaita matalalla melutasolla. Keskipakopuhaltimien suuri, korkeasta paineesta aiheutuva teho tekee niist\u00e4 ihanteellisia kostean viljan tuuletukseen. Puhaltimissa on monipuoliset asennusmahdollisuudet.[\/vc_column_text][\/vc_column][vc_column width=&#8221;1\/3&#8243;][vc_column_text]<strong>OMINAISUUDET<\/strong><br \/>\n\u2022 Selke\u00e4, vankka rakenne<br \/>\n\u2022 Valmistettu kuumasinkityst\u00e4, hitsatusta ja maalatusta ter\u00e4slevyst\u00e4, vaativiin olosuhteisiin.<br \/>\n\u2022 Voidaan varustaa oman valinnan mukaisella poistosuunnalla<br \/>\n\u2022 Teho jopa 120.000 m\u00b3 tunnissa, painealue 10\u20131300 mm vp.<\/p>\n<p><strong>LIS\u00c4VARUSTEET<\/strong><br \/>\n\u2022 Sy\u00f6tt\u00f6- ja poistopuolen muunto taipuisaksi putkeksi[\/vc_column_text][\/vc_column][\/vc_row]<\/p>\n<\/div>","protected":false},"excerpt":{"rendered":"<p>Tornum\u2019in keskipakopuhaltimet on suunniteltu viljan tuuletukseen, j\u00e4\u00e4hdytykseen ja kuivaukseen suurella teholla ja matalalla melutasolla.<\/p>\n","protected":false},"featured_media":50237,"comment_status":"open","ping_status":"closed","template":"","meta":{"_acf_changed":false},"product_brand":[],"product_cat":[636,637,687],"product_tag":[639,683,652,642],"class_list":{"0":"post-25861","1":"product","2":"type-product","3":"status-publish","4":"has-post-thumbnail","6":"product_cat-all-products-fi","7":"product_cat-conditioning-fi","8":"product_cat-centrifugal-fan-fi","9":"product_tag-axial-fi","10":"product_tag-bins-fi","11":"product_tag-conditioning-fi","12":"product_tag-silo-fi","13":"description-off","15":"first","16":"instock","17":"shipping-taxable","18":"product-type-simple"},"acf":[],"_links":{"self":[{"href":"https:\/\/www.tornum.com\/fi\/wp-json\/wp\/v2\/product\/25861","targetHints":{"allow":["GET"]}}],"collection":[{"href":"https:\/\/www.tornum.com\/fi\/wp-json\/wp\/v2\/product"}],"about":[{"href":"https:\/\/www.tornum.com\/fi\/wp-json\/wp\/v2\/types\/product"}],"replies":[{"embeddable":true,"href":"https:\/\/www.tornum.com\/fi\/wp-json\/wp\/v2\/comments?post=25861"}],"version-history":[{"count":3,"href":"https:\/\/www.tornum.com\/fi\/wp-json\/wp\/v2\/product\/25861\/revisions"}],"predecessor-version":[{"id":40301,"href":"https:\/\/www.tornum.com\/fi\/wp-json\/wp\/v2\/product\/25861\/revisions\/40301"}],"wp:featuredmedia":[{"embeddable":true,"href":"https:\/\/www.tornum.com\/fi\/wp-json\/wp\/v2\/media\/50237"}],"wp:attachment":[{"href":"https:\/\/www.tornum.com\/fi\/wp-json\/wp\/v2\/media?parent=25861"}],"wp:term":[{"taxonomy":"product_brand","embeddable":true,"href":"https:\/\/www.tornum.com\/fi\/wp-json\/wp\/v2\/product_brand?post=25861"},{"taxonomy":"product_cat","embeddable":true,"href":"https:\/\/www.tornum.com\/fi\/wp-json\/wp\/v2\/product_cat?post=25861"},{"taxonomy":"product_tag","embeddable":true,"href":"https:\/\/www.tornum.com\/fi\/wp-json\/wp\/v2\/product_tag?post=25861"}],"curies":[{"name":"wp","href":"https:\/\/api.w.org\/{rel}","templated":true}]}}