{"id":25862,"date":"2023-05-14T21:46:04","date_gmt":"2023-05-14T21:46:04","guid":{"rendered":"https:\/\/www.tornum.com\/product\/centriklon-dust-separator\/"},"modified":"2025-07-15T09:54:29","modified_gmt":"2025-07-15T09:54:29","slug":"centriklon-polynpoisto","status":"publish","type":"product","link":"https:\/\/www.tornum.com\/fi\/tuote\/centriklon-polynpoisto\/","title":{"rendered":"CENTRIKLON P\u00d6LYNPOISTO"},"content":{"rendered":"<p>Tornum Centriklon on eritt\u00e4in tehokas, kuivureihin suunniteltu p\u00f6lynpoisto. Se mahdollistaa eritt\u00e4in suuren tehon pieness\u00e4 tilassa ja tarjoaa erinomaisen luotettavuuden v\u00e4h\u00e4isell\u00e4 huollon tarpeella, sill\u00e4 siin\u00e4 ei ole liikkuvia osia. Se on saatavissa eri kokoluokissa ja se mitoitetaan ilmam\u00e4\u00e4r\u00e4n ja tehon tarpeen mukaan. T\u00e4m\u00e4 ratkaisu on erinomainen valinta niille, jotka etsiv\u00e4t tehokasta p\u00f6lyn ja akanoiden poistoa viljan kuivauksen aikana.<\/p>\n","protected":false},"excerpt":{"rendered":"<p>Tornum Centriklon on kompakti ja luotettava kuivureiden p\u00f6lynpoisto, joka on tunnettu suuresta tehostaan ja v\u00e4h\u00e4isest\u00e4 huoltotarpeestaan. Eri kokoluokkia on saatavana, jotta se vastaa tiettyj\u00e4 ilmam\u00e4\u00e4r\u00e4- ja kapasiteettivaatimuksia, mik\u00e4 tekee siit\u00e4 ihanteellisen, tehokkaaseen p\u00f6lyn ja akanoiden poistoon viljan kuivauksen aikana.<\/p>\n","protected":false},"featured_media":25002,"comment_status":"open","ping_status":"closed","template":"","meta":{"_acf_changed":false},"product_brand":[],"product_cat":[636,650,651],"product_tag":[655,641,688,653],"class_list":{"0":"post-25862","1":"product","2":"type-product","3":"status-publish","4":"has-post-thumbnail","6":"product_cat-all-products-fi","7":"product_cat-material-handling-fi","8":"product_cat-dust-separation-fi","9":"product_tag-dust-fi","10":"product_tag-fan-fi","11":"product_tag-radial-fan-fi","12":"product_tag-separation-fi","13":"description-off","15":"first","16":"instock","17":"shipping-taxable","18":"product-type-simple"},"acf":[],"_links":{"self":[{"href":"https:\/\/www.tornum.com\/fi\/wp-json\/wp\/v2\/product\/25862","targetHints":{"allow":["GET"]}}],"collection":[{"href":"https:\/\/www.tornum.com\/fi\/wp-json\/wp\/v2\/product"}],"about":[{"href":"https:\/\/www.tornum.com\/fi\/wp-json\/wp\/v2\/types\/product"}],"replies":[{"embeddable":true,"href":"https:\/\/www.tornum.com\/fi\/wp-json\/wp\/v2\/comments?post=25862"}],"version-history":[{"count":2,"href":"https:\/\/www.tornum.com\/fi\/wp-json\/wp\/v2\/product\/25862\/revisions"}],"predecessor-version":[{"id":25870,"href":"https:\/\/www.tornum.com\/fi\/wp-json\/wp\/v2\/product\/25862\/revisions\/25870"}],"wp:featuredmedia":[{"embeddable":true,"href":"https:\/\/www.tornum.com\/fi\/wp-json\/wp\/v2\/media\/25002"}],"wp:attachment":[{"href":"https:\/\/www.tornum.com\/fi\/wp-json\/wp\/v2\/media?parent=25862"}],"wp:term":[{"taxonomy":"product_brand","embeddable":true,"href":"https:\/\/www.tornum.com\/fi\/wp-json\/wp\/v2\/product_brand?post=25862"},{"taxonomy":"product_cat","embeddable":true,"href":"https:\/\/www.tornum.com\/fi\/wp-json\/wp\/v2\/product_cat?post=25862"},{"taxonomy":"product_tag","embeddable":true,"href":"https:\/\/www.tornum.com\/fi\/wp-json\/wp\/v2\/product_tag?post=25862"}],"curies":[{"name":"wp","href":"https:\/\/api.w.org\/{rel}","templated":true}]}}