{"id":25874,"date":"2023-05-14T21:41:21","date_gmt":"2023-05-14T21:41:21","guid":{"rendered":"https:\/\/www.tornum.com\/product\/clean-air-control\/"},"modified":"2025-07-30T06:44:35","modified_gmt":"2025-07-30T06:44:35","slug":"clean-air-control","status":"publish","type":"product","link":"https:\/\/www.tornum.com\/fi\/tuote\/clean-air-control\/","title":{"rendered":"CLEAN AIR CONTROL"},"content":{"rendered":"<div class=\"wpb-content-wrapper\"><p>[vc_row][vc_column width=&#8221;2\/3&#8243;][vc_column_text]Tornum Clean Air Controlissa on erityisesti muotoiltu puhallinkotelo ja siipipy\u00f6r\u00e4 parantamaan energiatehokkuutta ja lis\u00e4\u00e4m\u00e4\u00e4n ilmavirtaa verrattuna aiempiin malleihin vastaavilla vastapaineilla. Se poistaa 95 prosenttia p\u00f6lyst\u00e4 ja akanoista ja tuottaa v\u00e4hemm\u00e4n p\u00f6lyp\u00e4\u00e4st\u00f6j\u00e4 verrattuna perinteiseen poistopuhaltimeen, ilman erotusta.[\/vc_column_text][\/vc_column][vc_column width=&#8221;1\/3&#8243;][vc_column_text]<strong>OMINAISUUDET<\/strong><br \/>\n\u2022 Kuumasinkitty runko, joka tarjoaa pitk\u00e4\u00e4n kest\u00e4v\u00e4n korroosiosuojan.<br \/>\n\u2022 Saatavana vaaka- tai pystyasennusta varten.<br \/>\n\u2022 Puhaltimen etuosaan on saatavana rajoitinlevyt yksil\u00f6llist\u00e4 ilmavirran s\u00e4\u00e4t\u00f6\u00e4 varten.<br \/>\n\u2022 Puhallinmoottori on l\u00e4mp\u00f6suojattu ja saatavana useille eri j\u00e4nnitteille.<br \/>\n\u2022 Puhallinkotelo on varustettu huolto- ja puhdistusluukuilla huollon ja tarkastuksen helpottamiseksi.<br \/>\n\u2022 Erityisesti suunniteltu siipipy\u00f6r\u00e4 tarjoaa optimaalisen virtauksen alhaisella melutasolla.<\/p>\n<p><strong>LIS\u00c4VARUSTEET<\/strong><br \/>\n\u2022 P\u00f6lysiilo<br \/>\n\u2022 \u00c4\u00e4nenvaimennin<br \/>\n\u2022 Iskusuojaus<br \/>\n\u2022 Sadesuoja[\/vc_column_text][\/vc_column][\/vc_row]<\/p>\n<\/div>","protected":false},"excerpt":{"rendered":"<p>Tornumin Clean Air Control\u2019issa on ainutlaatuisesti muotoiltu puhallinkotelo ja siipipy\u00f6r\u00e4, mik\u00e4 parantaa energiatehokkuutta ja lis\u00e4\u00e4 ilmavirtaa verrattuna aikaisempiin malleihin vastaavissa vastapaineolosuhteissa.<\/p>\n","protected":false},"featured_media":25001,"comment_status":"open","ping_status":"closed","template":"","meta":{"_acf_changed":false},"product_brand":[],"product_cat":[636,650,651],"product_tag":[639,647,665,648],"class_list":{"0":"post-25874","1":"product","2":"type-product","3":"status-publish","4":"has-post-thumbnail","6":"product_cat-all-products-fi","7":"product_cat-material-handling-fi","8":"product_cat-dust-separation-fi","9":"product_tag-axial-fi","10":"product_tag-dryer-fi","11":"product_tag-dryer-tk-fi","12":"product_tag-dryer-tkr-fi","13":"description-off","15":"first","16":"instock","17":"shipping-taxable","18":"product-type-simple"},"acf":[],"_links":{"self":[{"href":"https:\/\/www.tornum.com\/fi\/wp-json\/wp\/v2\/product\/25874","targetHints":{"allow":["GET"]}}],"collection":[{"href":"https:\/\/www.tornum.com\/fi\/wp-json\/wp\/v2\/product"}],"about":[{"href":"https:\/\/www.tornum.com\/fi\/wp-json\/wp\/v2\/types\/product"}],"replies":[{"embeddable":true,"href":"https:\/\/www.tornum.com\/fi\/wp-json\/wp\/v2\/comments?post=25874"}],"version-history":[{"count":2,"href":"https:\/\/www.tornum.com\/fi\/wp-json\/wp\/v2\/product\/25874\/revisions"}],"predecessor-version":[{"id":25877,"href":"https:\/\/www.tornum.com\/fi\/wp-json\/wp\/v2\/product\/25874\/revisions\/25877"}],"wp:featuredmedia":[{"embeddable":true,"href":"https:\/\/www.tornum.com\/fi\/wp-json\/wp\/v2\/media\/25001"}],"wp:attachment":[{"href":"https:\/\/www.tornum.com\/fi\/wp-json\/wp\/v2\/media?parent=25874"}],"wp:term":[{"taxonomy":"product_brand","embeddable":true,"href":"https:\/\/www.tornum.com\/fi\/wp-json\/wp\/v2\/product_brand?post=25874"},{"taxonomy":"product_cat","embeddable":true,"href":"https:\/\/www.tornum.com\/fi\/wp-json\/wp\/v2\/product_cat?post=25874"},{"taxonomy":"product_tag","embeddable":true,"href":"https:\/\/www.tornum.com\/fi\/wp-json\/wp\/v2\/product_tag?post=25874"}],"curies":[{"name":"wp","href":"https:\/\/api.w.org\/{rel}","templated":true}]}}