{"id":25875,"date":"2023-05-14T20:11:38","date_gmt":"2023-05-14T20:11:38","guid":{"rendered":"https:\/\/www.tornum.com\/product\/combi-sweep\/"},"modified":"2024-05-15T10:57:33","modified_gmt":"2024-05-15T10:57:33","slug":"combi-sweep","status":"publish","type":"product","link":"https:\/\/www.tornum.com\/fi\/tuote\/combi-sweep\/","title":{"rendered":"COMBI SWEEP"},"content":{"rendered":"<div class=\"wpb-content-wrapper\"><p>[vc_row][vc_column width=&#8221;2\/3&#8243;][vc_column_text]<\/p>\n<h3><strong>TORNUM COMBI SWEEP<\/strong><\/h3>\n<p>Tornum\u2019in Combi Sweep on yhdistetty lakaisuruuvi ja tyhjennysruuvi siilon tyhjent\u00e4miseksi kuorma-autoon. Combi Sweep koostuu vaaka- ja pystyruuvista, jotka on kytketty toisiinsa, sek\u00e4 lakaisuruuvista siilon lopputyhjennyst\u00e4 varten. Jokaisella ruuvilla on oma voimansiirtonsa. Poistoruuvi on saatavana eri vakiopituuksilla, mutta se on saatavissa my\u00f6s r\u00e4\u00e4t\u00e4l\u00f6ityin\u00e4, pituudeltaan enint\u00e4\u00e4n 11,6 metri\u00e4, ja korkeudeltaan enint\u00e4\u00e4n 4,7 metri\u00e4. Enimm\u00e4issiirtoteho: 80 t\/h.[\/vc_column_text][\/vc_column][vc_column width=&#8221;1\/3&#8243;][vc_column_text]<strong>OMINAISUUKSIA<\/strong><br \/>\n\u2022 Putket ja voimansiirto on galvanoitua ter\u00e4st\u00e4, muut osat ovat pulverimaalattuja<br \/>\n\u2022 Voimansiirrot automaattisella ketjunkiristyksell\u00e4<br \/>\n\u2022 Kaksi versiota: vaaka- ja pystyruuvi, kuten kuvassa, tai vain vaakaruuvi[\/vc_column_text][\/vc_column][\/vc_row]<\/p>\n<\/div>","protected":false},"excerpt":{"rendered":"<p>Tornum\u2019in Combi Sweep on integroitu j\u00e4rjestelm\u00e4, joka yhdist\u00e4\u00e4 lakaisuruuvin ja poistoruuvin, mik\u00e4 mahdollistaa materiaalin siirron suoraan siilosta kuorma-autoon.<\/p>\n","protected":false},"featured_media":24948,"comment_status":"open","ping_status":"closed","template":"","meta":{"_acf_changed":false},"product_brand":[],"product_cat":[636,644,650,689,690],"product_tag":[669,642,684,670],"class_list":{"0":"post-25875","1":"product","2":"type-product","3":"status-publish","4":"has-post-thumbnail","6":"product_cat-all-products-fi","7":"product_cat-grain-fi","8":"product_cat-material-handling-fi","9":"product_cat-silo-discharge-fi","10":"product_cat-screw-auger-fi","11":"product_tag-conveyor-fi","12":"product_tag-silo-fi","13":"product_tag-storage-fi","14":"product_tag-transport-fi","15":"description-off","17":"first","18":"instock","19":"shipping-taxable","20":"product-type-simple"},"acf":[],"_links":{"self":[{"href":"https:\/\/www.tornum.com\/fi\/wp-json\/wp\/v2\/product\/25875","targetHints":{"allow":["GET"]}}],"collection":[{"href":"https:\/\/www.tornum.com\/fi\/wp-json\/wp\/v2\/product"}],"about":[{"href":"https:\/\/www.tornum.com\/fi\/wp-json\/wp\/v2\/types\/product"}],"replies":[{"embeddable":true,"href":"https:\/\/www.tornum.com\/fi\/wp-json\/wp\/v2\/comments?post=25875"}],"version-history":[{"count":1,"href":"https:\/\/www.tornum.com\/fi\/wp-json\/wp\/v2\/product\/25875\/revisions"}],"predecessor-version":[{"id":25879,"href":"https:\/\/www.tornum.com\/fi\/wp-json\/wp\/v2\/product\/25875\/revisions\/25879"}],"wp:featuredmedia":[{"embeddable":true,"href":"https:\/\/www.tornum.com\/fi\/wp-json\/wp\/v2\/media\/24948"}],"wp:attachment":[{"href":"https:\/\/www.tornum.com\/fi\/wp-json\/wp\/v2\/media?parent=25875"}],"wp:term":[{"taxonomy":"product_brand","embeddable":true,"href":"https:\/\/www.tornum.com\/fi\/wp-json\/wp\/v2\/product_brand?post=25875"},{"taxonomy":"product_cat","embeddable":true,"href":"https:\/\/www.tornum.com\/fi\/wp-json\/wp\/v2\/product_cat?post=25875"},{"taxonomy":"product_tag","embeddable":true,"href":"https:\/\/www.tornum.com\/fi\/wp-json\/wp\/v2\/product_tag?post=25875"}],"curies":[{"name":"wp","href":"https:\/\/api.w.org\/{rel}","templated":true}]}}