{"id":25885,"date":"2023-05-04T11:22:01","date_gmt":"2023-05-04T11:22:01","guid":{"rendered":"https:\/\/www.tornum.com\/product\/conditioning-bin-lt-2\/"},"modified":"2025-07-30T09:10:35","modified_gmt":"2025-07-30T09:10:35","slug":"tuuletussiilo-lt","status":"publish","type":"product","link":"https:\/\/www.tornum.com\/fi\/tuote\/tuuletussiilo-lt\/","title":{"rendered":"TUULETUSSIILO LT"},"content":{"rendered":"<div class=\"wpb-content-wrapper\"><p>[vc_row gap=&#8221;35&#8243;][vc_column width=&#8221;2\/3&#8243;][vc_column_text]LT tuuletussiilo on suunniteltu j\u00e4\u00e4hdytykseen ja puskurivarastointiin ennen kuivausta sek\u00e4 viljan loppuvarastointiin. Vastauksena markkinoiden vaatimuksiin suuremmasta tyhjennysnopeudesta pienemmill\u00e4 puhaltimilla, TORNUM on suunnitellut upouuden tuuletusalustan, jossa on markkinoiden nopein lopputyhjennys. Sivu- ja p\u00e4\u00e4kanava pienent\u00e4v\u00e4t k\u00e4ytetty\u00e4 lattiapinta-alaa varmistaen suuremman ilmam\u00e4\u00e4r\u00e4n lattialevyn l\u00e4pi ja siten nopean lopputyhjennyksen. Tuuletusalusta yhdistettyn\u00e4 sile\u00e4\u00e4n sis\u00e4pintaan tekee siilosta ihanteellisen siemenen k\u00e4sittelyyn. Tuuletussiilon alaosassa on sis\u00e4\u00e4nrakennettu p\u00e4\u00e4kanava sulkimella, joka mahdollistaa useiden siilojen yhdist\u00e4misen.<\/p>\n<p><strong>RAKENNE JA TOIMINTA<\/strong><br \/>\n\u2022 Valmistettu kuumasinkityst\u00e4 ter\u00e4slevyst\u00e4<br \/>\n\u2022 Alaelementtien pystykorkeus on 505 mm<br \/>\n\u2022 Sile\u00e4 sis\u00e4pinta helpottaa puhdistamista<br \/>\n\u2022 Rakenne mahdollistaa useita, aikaa s\u00e4\u00e4st\u00e4vi\u00e4 asennusmenetelmi\u00e4<br \/>\n\u2022 Siilo on saatavana keski- tai sivutyhjennyksell\u00e4<br \/>\n\u2022 Toimitetaan poistoaukon sulkimella ja sivulla olevalla miesluukulla<br \/>\n\u2022 Markkinoiden nopein lopputyhjennys[\/vc_column_text][\/vc_column][vc_column width=&#8221;1\/3&#8243;][vc_column_text]<strong>LIS\u00c4VARUSTEET<\/strong><br \/>\n\u2022 T\u00e4ytt\u00f6h\u00e4lytin<br \/>\n\u2022 L\u00e4mp\u00f6tilan valvonta<br \/>\n\u2022 Tarkastusluukku turvaristikolla, lattiaan asennettu<br \/>\n\u2022 Poistokohdan liitos[\/vc_column_text][\/vc_column][\/vc_row]<\/p>\n<\/div>","protected":false},"excerpt":{"rendered":"<div class=\"flex flex-grow flex-col gap-3 max-w-full\">\n<div class=\"min-h-[20px] flex flex-col items-start gap-3 overflow-x-auto whitespace-pre-wrap break-words\">\n<div class=\"markdown prose w-full break-words dark:prose-invert light\">\n<p>LT tuuletussiilo on monipuolinen ratkaisu j\u00e4\u00e4hdytykseen, puskurointiin ennen kuivausta ja viljan lopulliseen varastointiin. Tornum on kehitt\u00e4nyt uuden tuuletusalustan, joka vastaa markkinoiden asettamia vaatimuksia suuremmasta tyhjennystehosta pienemmill\u00e4 puhaltimilla ja tarjoaa nopeimman saatavilla olevan lopputyhjennysnopeuden.<\/p>\n<\/div>\n<\/div>\n<\/div>\n<div class=\"flex justify-between lg:block\">\n<div class=\"text-gray-400 flex self-end lg:self-center justify-center mt-2 gap-2 md:gap-3 lg:gap-1 lg:absolute lg:top-0 lg:translate-x-full lg:right-0 lg:mt-0 lg:pl-2 visible\"><\/div>\n<\/div>\n<div class=\"flex-1 overflow-hidden\">\n<div class=\"react-scroll-to-bottom--css-zcyaj-79elbk h-full dark:bg-gray-800\">\n<div class=\"react-scroll-to-bottom--css-zcyaj-1n7m0yu\">\n<div class=\"flex flex-col text-sm dark:bg-gray-800\">\n<div class=\"h-32 md:h-48 flex-shrink-0\"><\/div>\n<\/div>\n<\/div>\n<\/div>\n<\/div>\n<div class=\"absolute bottom-0 left-0 w-full border-t md:border-t-0 dark:border-white\/20 md:border-transparent md:dark:border-transparent md:bg-vert-light-gradient bg-white dark:bg-gray-800 md:!bg-transparent dark:md:bg-vert-dark-gradient pt-2 md:pl-2 md:w-[calc(100%-.5rem)]\">\n<form class=\"stretch mx-2 flex flex-row gap-3 last:mb-2 md:mx-4 md:last:mb-6 lg:mx-auto lg:max-w-2xl xl:max-w-3xl\">\n<div class=\"relative flex h-full flex-1 items-stretch md:flex-col\">\n<div>\n<div class=\"h-full flex ml-1 md:w-full md:m-auto md:mb-4 gap-0 md:gap-2 justify-center\">\n<div class=\"grow\"><\/div>\n<\/div>\n<\/div>\n<\/div>\n<\/form>\n<\/div>\n","protected":false},"featured_media":25051,"comment_status":"open","ping_status":"closed","template":"","meta":{"_acf_changed":false},"product_brand":[],"product_cat":[636,654,643,644,681,691],"product_tag":[668,683,642,684],"class_list":{"0":"post-25885","1":"product","2":"type-product","3":"status-publish","4":"has-post-thumbnail","6":"product_cat-all-products-fi","7":"product_cat-feed-fi","8":"product_cat-food-2-fi","9":"product_cat-grain-fi","10":"product_cat-storage-fi","11":"product_cat-conditioning-bin-fi","12":"product_tag-bin-fi","13":"product_tag-bins-fi","14":"product_tag-silo-fi","15":"product_tag-storage-fi","16":"description-off","18":"first","19":"instock","20":"shipping-taxable","21":"product-type-simple"},"acf":[],"_links":{"self":[{"href":"https:\/\/www.tornum.com\/fi\/wp-json\/wp\/v2\/product\/25885","targetHints":{"allow":["GET"]}}],"collection":[{"href":"https:\/\/www.tornum.com\/fi\/wp-json\/wp\/v2\/product"}],"about":[{"href":"https:\/\/www.tornum.com\/fi\/wp-json\/wp\/v2\/types\/product"}],"replies":[{"embeddable":true,"href":"https:\/\/www.tornum.com\/fi\/wp-json\/wp\/v2\/comments?post=25885"}],"version-history":[{"count":2,"href":"https:\/\/www.tornum.com\/fi\/wp-json\/wp\/v2\/product\/25885\/revisions"}],"predecessor-version":[{"id":25891,"href":"https:\/\/www.tornum.com\/fi\/wp-json\/wp\/v2\/product\/25885\/revisions\/25891"}],"wp:featuredmedia":[{"embeddable":true,"href":"https:\/\/www.tornum.com\/fi\/wp-json\/wp\/v2\/media\/25051"}],"wp:attachment":[{"href":"https:\/\/www.tornum.com\/fi\/wp-json\/wp\/v2\/media?parent=25885"}],"wp:term":[{"taxonomy":"product_brand","embeddable":true,"href":"https:\/\/www.tornum.com\/fi\/wp-json\/wp\/v2\/product_brand?post=25885"},{"taxonomy":"product_cat","embeddable":true,"href":"https:\/\/www.tornum.com\/fi\/wp-json\/wp\/v2\/product_cat?post=25885"},{"taxonomy":"product_tag","embeddable":true,"href":"https:\/\/www.tornum.com\/fi\/wp-json\/wp\/v2\/product_tag?post=25885"}],"curies":[{"name":"wp","href":"https:\/\/api.w.org\/{rel}","templated":true}]}}