{"id":25886,"date":"2023-05-14T20:48:07","date_gmt":"2023-05-14T20:48:07","guid":{"rendered":"https:\/\/www.tornum.com\/product\/conditioning-floor\/"},"modified":"2025-07-30T09:20:21","modified_gmt":"2025-07-30T09:20:21","slug":"tuuletuslattiat","status":"publish","type":"product","link":"https:\/\/www.tornum.com\/fi\/tuote\/tuuletuslattiat\/","title":{"rendered":"TUULETUSLATTIAT"},"content":{"rendered":"\t\t<div data-elementor-type=\"product-post\" data-elementor-id=\"25886\" class=\"elementor elementor-25886 elementor-11314\" data-elementor-settings=\"{&quot;ha_cmc_init_switcher&quot;:&quot;no&quot;}\" data-elementor-post-type=\"product\">\n\t\t\t\t\t\t<section class=\"elementor-section elementor-top-section elementor-element elementor-element-37d9c3cd elementor-section-boxed elementor-section-height-default elementor-section-height-default\" data-id=\"37d9c3cd\" data-element_type=\"section\" data-settings=\"{&quot;_ha_eqh_enable&quot;:false}\">\n\t\t\t\t\t\t<div class=\"elementor-container elementor-column-gap-default\">\n\t\t\t\t\t<div class=\"elementor-column elementor-col-100 elementor-top-column elementor-element elementor-element-5acf7c3f\" data-id=\"5acf7c3f\" data-element_type=\"column\">\n\t\t\t<div class=\"elementor-widget-wrap elementor-element-populated\">\n\t\t\t\t\t\t<div class=\"elementor-element elementor-element-76e514c7 elementor-widget elementor-widget-text-editor\" data-id=\"76e514c7\" data-element_type=\"widget\" data-widget_type=\"text-editor.default\">\n\t\t\t\t<div class=\"elementor-widget-container\">\n\t\t\t\t\t\t\t\t\t<p>T\u00e4ydellinen tuuletuslattia suuremmille ilmam\u00e4\u00e4rille. Varmistaa ilman tasaisen jakautumisen. Saatavana kaikille siilohalkaisijoille. Toimitukseen kuuluu asennussuunnitelma, joka on laadittu siilon halkaisijan mukaan. Vakiototeutus on tarkoitettu \u00f6ljykasvien siemenille.<\/p>\t\t\t\t\t\t\t\t<\/div>\n\t\t\t\t<\/div>\n\t\t\t\t\t<\/div>\n\t\t<\/div>\n\t\t\t\t\t<\/div>\n\t\t<\/section>\n\t\t\t\t<\/div>\n\t\t","protected":false},"excerpt":{"rendered":"<p>T\u00e4ydellinen tuuletuslattia suuremmille ilmam\u00e4\u00e4rille, tasaisen ilmanjaon varmistamiseksi. Saatavana kaikille siilohalkaisijoille.<\/p>\n","protected":false},"featured_media":25261,"comment_status":"open","ping_status":"closed","template":"","meta":{"_acf_changed":false},"product_brand":[],"product_cat":[636,637,692],"product_tag":[652,640,642,684],"class_list":{"0":"post-25886","1":"product","2":"type-product","3":"status-publish","4":"has-post-thumbnail","6":"product_cat-all-products-fi","7":"product_cat-conditioning-fi","8":"product_cat-conditioning-floor-fi","9":"product_tag-conditioning-fi","10":"product_tag-conditioning-laterals-fi","11":"product_tag-silo-fi","12":"product_tag-storage-fi","14":"first","15":"instock","16":"shipping-taxable","17":"product-type-simple"},"acf":[],"_links":{"self":[{"href":"https:\/\/www.tornum.com\/fi\/wp-json\/wp\/v2\/product\/25886","targetHints":{"allow":["GET"]}}],"collection":[{"href":"https:\/\/www.tornum.com\/fi\/wp-json\/wp\/v2\/product"}],"about":[{"href":"https:\/\/www.tornum.com\/fi\/wp-json\/wp\/v2\/types\/product"}],"replies":[{"embeddable":true,"href":"https:\/\/www.tornum.com\/fi\/wp-json\/wp\/v2\/comments?post=25886"}],"version-history":[{"count":5,"href":"https:\/\/www.tornum.com\/fi\/wp-json\/wp\/v2\/product\/25886\/revisions"}],"predecessor-version":[{"id":30059,"href":"https:\/\/www.tornum.com\/fi\/wp-json\/wp\/v2\/product\/25886\/revisions\/30059"}],"wp:featuredmedia":[{"embeddable":true,"href":"https:\/\/www.tornum.com\/fi\/wp-json\/wp\/v2\/media\/25261"}],"wp:attachment":[{"href":"https:\/\/www.tornum.com\/fi\/wp-json\/wp\/v2\/media?parent=25886"}],"wp:term":[{"taxonomy":"product_brand","embeddable":true,"href":"https:\/\/www.tornum.com\/fi\/wp-json\/wp\/v2\/product_brand?post=25886"},{"taxonomy":"product_cat","embeddable":true,"href":"https:\/\/www.tornum.com\/fi\/wp-json\/wp\/v2\/product_cat?post=25886"},{"taxonomy":"product_tag","embeddable":true,"href":"https:\/\/www.tornum.com\/fi\/wp-json\/wp\/v2\/product_tag?post=25886"}],"curies":[{"name":"wp","href":"https:\/\/api.w.org\/{rel}","templated":true}]}}