{"id":25887,"date":"2023-01-29T22:13:53","date_gmt":"2023-01-29T22:13:53","guid":{"rendered":"https:\/\/www.tornum.com\/product\/continuous-grain-dryer-hr\/"},"modified":"2025-07-14T06:57:27","modified_gmt":"2025-07-14T06:57:27","slug":"jatkuvatoiminen-viljankuivuri-hr","status":"publish","type":"product","link":"https:\/\/www.tornum.com\/fi\/tuote\/jatkuvatoiminen-viljankuivuri-hr\/","title":{"rendered":"JATKUVATOIMINEN VILJANKUIVURI HR"},"content":{"rendered":"<div class=\"wpb-content-wrapper\"><p>[vc_row gap=&#8221;35&#8243;][vc_column width=&#8221;2\/3&#8243;][vc_column_text]Tornumin HR (l\u00e4mm\u00f6n talteenotto) kuivuri on jatkuvan ponnistelun tulos tuotevalikoimamme kehitt\u00e4miseksi v\u00e4hent\u00e4m\u00e4\u00e4n energiankulutusta ja sit\u00e4 kautta ymp\u00e4rist\u00f6vaikutuksia. HR-kuivureissa hy\u00f6dynnet\u00e4\u00e4n energiaa, joka j\u00e4tet\u00e4\u00e4n k\u00e4ytt\u00e4m\u00e4tt\u00e4 perinteisess\u00e4 kuivureissa. Normaalisti jopa 30 prosenttia l\u00e4mm\u00f6st\u00e4 otetaan talteen. Ainutlaatuinen HR-rakenne tarjoaa my\u00f6s hiljaisemman ja puhtaamman ty\u00f6ymp\u00e4rist\u00f6n. Kuten kaikki Tornum kuivurit, HR-sarja on valmistettu kuumasinkityst\u00e4 ter\u00e4slevyst\u00e4.<\/p>\n<p><strong>VAKIOVARUSTEET<\/strong><br \/>\n\u2022 T\u00e4ytt\u00f6h\u00e4lytin<br \/>\n\u2022 Kostean ilman liit\u00e4nt\u00e4<br \/>\n\u2022 Poisto-osa \u2013 pulssi<br \/>\n\u2022 Tasoanturi<br \/>\n\u2022 Puskurivy\u00f6hyke<br \/>\n\u2022 Palovaroitusj\u00e4rjestelm\u00e4<br \/>\n\u2022 Tikkaat ja tasot<br \/>\n\u2022 Kunnostusalue<br \/>\n\u2022 Kosteuspitoisuuden valvonta<br \/>\n\u2022 Paineenmittaus k\u00e4ynnistyksen s\u00e4\u00e4t\u00f6\u00f6n[\/vc_column_text][\/vc_column][vc_column width=&#8221;1\/3&#8243;][vc_column_text]<strong>V\u00e4hent\u00e4\u00e4 energiankulutusta jopa 30 prosenttia<\/strong><br \/>\nNoin nelj\u00e4nnes HR-kuivurin kuumimmasta ilmasta kierr\u00e4tet\u00e4\u00e4n. Talteen otettu ilma johdetaan kierr\u00e4tysvy\u00f6hykkeen l\u00e4pi ja sekoitetaan l\u00e4mmitetyn j\u00e4\u00e4hdytysilman kanssa. Koska kierr\u00e4tysilma on l\u00e4mpim\u00e4mp\u00e4\u00e4 kuin ulkoilma, polttimen energiasy\u00f6tt\u00f6\u00e4 voidaan v\u00e4hent\u00e4\u00e4 (verrattuna pelk\u00e4n ulkoilman k\u00e4ytt\u00f6\u00f6n) ja silti saavuttaa haluttu kuivausl\u00e4mp\u00f6tila. HR-kuivurin rakenne mahdollistaa my\u00f6s sen, ett\u00e4 kuivurin yl\u00e4osassa olevat poistopuhaltimet kuluttavat v\u00e4hemm\u00e4n tehoa.\u00a0Katso video osoitteessa\u00a0<a href=\"https:\/\/youtu.be\/HOoipzpGT4w\"><strong>YouTube<\/strong><\/a> ja tarkista kuivurin ilmavirta.<\/p>\n<p><strong>LIS\u00c4VARUSTEET<\/strong><br \/>\n\u2022 Suurempi puskurivy\u00f6hyke<br \/>\n\u2022 P\u00f6lynerotus, mukaan lukien poistoruuvi<br \/>\n\u2022 \u00c4\u00e4nenvaimennin[\/vc_column_text][\/vc_column][\/vc_row]<\/p>\n<\/div>","protected":false},"excerpt":{"rendered":"<p>Tornum\u2019in HR (l\u00e4mm\u00f6n talteenotto) kuivuri on energiatehokas innovaatio, joka ottaa talteen ja hy\u00f6dynt\u00e4\u00e4 jopa 30 % l\u00e4mm\u00f6st\u00e4, joka tyypillisesti johdetaan ulkoilmaan tavallisessa kuivurissa. Tornum kuivurissa talteenotto v\u00e4hent\u00e4\u00e4 energian kulutusta ja ymp\u00e4rist\u00f6haittoja.<\/p>\n","protected":false},"featured_media":24714,"comment_status":"open","ping_status":"closed","template":"","meta":{"_acf_changed":false},"product_brand":[],"product_cat":[636,654,643,644,637,664],"product_tag":[646,647,665,648],"class_list":{"0":"post-25887","1":"product","2":"type-product","3":"status-publish","4":"has-post-thumbnail","6":"product_cat-all-products-fi","7":"product_cat-feed-fi","8":"product_cat-food-2-fi","9":"product_cat-grain-fi","10":"product_cat-conditioning-fi","11":"product_cat-grain-dryers-fi","12":"product_tag-burner-fi","13":"product_tag-dryer-fi","14":"product_tag-dryer-tk-fi","15":"product_tag-dryer-tkr-fi","16":"pa_products-type-all-products-fi","17":"pa_products-type-grain-fi","18":"description-off","20":"first","21":"instock","22":"shipping-taxable","23":"product-type-simple"},"acf":[],"_links":{"self":[{"href":"https:\/\/www.tornum.com\/fi\/wp-json\/wp\/v2\/product\/25887","targetHints":{"allow":["GET"]}}],"collection":[{"href":"https:\/\/www.tornum.com\/fi\/wp-json\/wp\/v2\/product"}],"about":[{"href":"https:\/\/www.tornum.com\/fi\/wp-json\/wp\/v2\/types\/product"}],"replies":[{"embeddable":true,"href":"https:\/\/www.tornum.com\/fi\/wp-json\/wp\/v2\/comments?post=25887"}],"version-history":[{"count":2,"href":"https:\/\/www.tornum.com\/fi\/wp-json\/wp\/v2\/product\/25887\/revisions"}],"predecessor-version":[{"id":25897,"href":"https:\/\/www.tornum.com\/fi\/wp-json\/wp\/v2\/product\/25887\/revisions\/25897"}],"wp:featuredmedia":[{"embeddable":true,"href":"https:\/\/www.tornum.com\/fi\/wp-json\/wp\/v2\/media\/24714"}],"wp:attachment":[{"href":"https:\/\/www.tornum.com\/fi\/wp-json\/wp\/v2\/media?parent=25887"}],"wp:term":[{"taxonomy":"product_brand","embeddable":true,"href":"https:\/\/www.tornum.com\/fi\/wp-json\/wp\/v2\/product_brand?post=25887"},{"taxonomy":"product_cat","embeddable":true,"href":"https:\/\/www.tornum.com\/fi\/wp-json\/wp\/v2\/product_cat?post=25887"},{"taxonomy":"product_tag","embeddable":true,"href":"https:\/\/www.tornum.com\/fi\/wp-json\/wp\/v2\/product_tag?post=25887"}],"curies":[{"name":"wp","href":"https:\/\/api.w.org\/{rel}","templated":true}]}}