{"id":25888,"date":"2023-01-29T22:13:35","date_gmt":"2023-01-29T22:13:35","guid":{"rendered":"https:\/\/www.tornum.com\/product\/continuous-grain-dryer-rex\/"},"modified":"2025-07-30T09:28:35","modified_gmt":"2025-07-30T09:28:35","slug":"jatkuvatoiminen-viljankuivuri-rex","status":"publish","type":"product","link":"https:\/\/www.tornum.com\/fi\/tuote\/jatkuvatoiminen-viljankuivuri-rex\/","title":{"rendered":"JATKUVATOIMINEN VILJANKUIVURI REX"},"content":{"rendered":"<div class=\"wpb-content-wrapper\"><p>[vc_row][vc_column width=&#8221;2\/3&#8243;][vc_column_text]TORNUM REX, seuraavan sukupolven viljankuivurit.<br \/>\nViime vuosikymmenin\u00e4 jatkuvatoimiset kiertoilmakuivurit ovat ymp\u00e4ri maailmaa saavuttaneet vankan maineen huippuluokan suorituskyvyst\u00e4 ja laadusta. Nyt otamme suuren harppauksen kuivauksen tulevaisuuteen Tornum Rex -sarjan my\u00f6t\u00e4. Vuosien kehitysty\u00f6n tuloksena on huomattavasti parantunut konsepti, johon on lis\u00e4tty arvokkaita uusia ominaisuuksia, jotka tarjoavat hell\u00e4varaisemman ja tehokkaamman kuivauksen, helpomman puhdistuksen, pienemm\u00e4n energiakulutuksen ja erinomaiset ymp\u00e4rist\u00f6ominaisuudet. Lyhyesti: seuraava sukupolvi, vuosikymmenten kokemukseen perustuen.[\/vc_column_text][\/vc_column][vc_column width=&#8221;1\/3&#8243;][vc_column_text]<\/p>\n<ul>\n<li>Eristys ja esil\u00e4mmitys tehostavat kuivumista<\/li>\n<li>V\u00e4hemm\u00e4n melua ja puhtaampi ilma<\/li>\n<li>Jopa 30 % pienempi polttoaineenkulutus HR-tilassa<\/li>\n<li>Sile\u00e4t sis\u00e4pinnat helpottavat puhdistamista<\/li>\n<li>Tehokas, aktiivinen p\u00f6lynhallinta<\/li>\n<li>Ihanteellinen kuivaukseen kylmiss\u00e4 olosuhteissa<\/li>\n<\/ul>\n<p>[\/vc_column_text][\/vc_column][\/vc_row]<\/p>\n<\/div>","protected":false},"excerpt":{"rendered":"<p>Tornum Rex -sarja edustaa seuraavan sukupolven viljankuivureita. Kuivureissa on parannettu hell\u00e4varaisemman ja tehokkaamman kuivaukseen, helpomman puhdistuksen, pienemm\u00e4n energiankulutuksen ja ylivertaisten ymp\u00e4rist\u00f6ominaisuuksien ominaisuuksia, vuosikymmenten kokemukseen perustuen sek\u00e4 vankkaan suorituskyvyn ja laadun maineeseen.<\/p>\n","protected":false},"featured_media":24715,"comment_status":"open","ping_status":"closed","template":"","meta":{"_acf_changed":false},"product_brand":[],"product_cat":[636,654,643,644,637,664],"product_tag":[646,647,665,648],"class_list":{"0":"post-25888","1":"product","2":"type-product","3":"status-publish","4":"has-post-thumbnail","6":"product_cat-all-products-fi","7":"product_cat-feed-fi","8":"product_cat-food-2-fi","9":"product_cat-grain-fi","10":"product_cat-conditioning-fi","11":"product_cat-grain-dryers-fi","12":"product_tag-burner-fi","13":"product_tag-dryer-fi","14":"product_tag-dryer-tk-fi","15":"product_tag-dryer-tkr-fi","17":"first","18":"instock","19":"shipping-taxable","20":"product-type-simple"},"acf":[],"_links":{"self":[{"href":"https:\/\/www.tornum.com\/fi\/wp-json\/wp\/v2\/product\/25888","targetHints":{"allow":["GET"]}}],"collection":[{"href":"https:\/\/www.tornum.com\/fi\/wp-json\/wp\/v2\/product"}],"about":[{"href":"https:\/\/www.tornum.com\/fi\/wp-json\/wp\/v2\/types\/product"}],"replies":[{"embeddable":true,"href":"https:\/\/www.tornum.com\/fi\/wp-json\/wp\/v2\/comments?post=25888"}],"version-history":[{"count":2,"href":"https:\/\/www.tornum.com\/fi\/wp-json\/wp\/v2\/product\/25888\/revisions"}],"predecessor-version":[{"id":25900,"href":"https:\/\/www.tornum.com\/fi\/wp-json\/wp\/v2\/product\/25888\/revisions\/25900"}],"wp:featuredmedia":[{"embeddable":true,"href":"https:\/\/www.tornum.com\/fi\/wp-json\/wp\/v2\/media\/24715"}],"wp:attachment":[{"href":"https:\/\/www.tornum.com\/fi\/wp-json\/wp\/v2\/media?parent=25888"}],"wp:term":[{"taxonomy":"product_brand","embeddable":true,"href":"https:\/\/www.tornum.com\/fi\/wp-json\/wp\/v2\/product_brand?post=25888"},{"taxonomy":"product_cat","embeddable":true,"href":"https:\/\/www.tornum.com\/fi\/wp-json\/wp\/v2\/product_cat?post=25888"},{"taxonomy":"product_tag","embeddable":true,"href":"https:\/\/www.tornum.com\/fi\/wp-json\/wp\/v2\/product_tag?post=25888"}],"curies":[{"name":"wp","href":"https:\/\/api.w.org\/{rel}","templated":true}]}}