{"id":25889,"date":"2023-03-05T22:36:52","date_gmt":"2023-03-05T22:36:52","guid":{"rendered":"https:\/\/www.tornum.com\/product\/continuous-grain-dryer-tk\/"},"modified":"2025-07-11T09:46:36","modified_gmt":"2025-07-11T09:46:36","slug":"jatkuvatoiminen-viljankuivuri-tk","status":"publish","type":"product","link":"https:\/\/www.tornum.com\/fi\/tuote\/jatkuvatoiminen-viljankuivuri-tk\/","title":{"rendered":"JATKUVATOIMINEN VILJANKUIVURI TK"},"content":{"rendered":"<div class=\"wpb-content-wrapper\"><p>[vc_row gap=&#8221;35&#8243;][vc_column width=&#8221;2\/3&#8243;][vc_column_text]Tornumin jatkuvatoiminen kiertoilmakuivuri TK on suunniteltu tuottamaan taloudellista l\u00e4mp\u00f6\u00e4 ja viljan hell\u00e4varaisen kuivaamisen. Erinomainen laatu ja ainutlaatuiset rakenteet ovat tehneet TK-viljankuivurista menestyksen maatalousk\u00e4yt\u00f6ss\u00e4.<\/p>\n<p>TK-kuivurit soveltuvat yht\u00e4 hyvin sis\u00e4- kuin ulkok\u00e4ytt\u00f6\u00f6n. Ne on valmistettu kuumasinkityst\u00e4 ter\u00e4ksest\u00e4 pitk\u00e4n k\u00e4ytt\u00f6i\u00e4n takaamiseksi.<\/p>\n<p>TK BIG -sarjan my\u00f6t\u00e4 Tornum tarjoaa maatalouden viljan kuivaukseen uudella tasolla olevaa ty\u00f6tehoa. Uuden BIG kuivurin suurimman version, TK16-44 kuivauskapasiteetti, t\u00e4ydell\u00e4 teholla, on 300 tonnia tunnissa.<\/p>\n<p>TORNUM rakensi 2 isoa jatkuvatoimista TK12-28-4 kiertoilmakuivuria Zhmerynkassa, Ukrainassa. Kummankin kuivurin tilavuus on 275 m3 ja vehn\u00e4n kuivauskapasiteetti on 133 tonnia tunnissa. Katso alla oleva video.[\/vc_column_text][\/vc_column][vc_column width=&#8221;1\/3&#8243;][vc_column_text]<strong>VAKIOVARUSTEET<\/strong><br \/>\n\u2022 T\u00e4ytt\u00f6h\u00e4lytin<br \/>\n\u2022 Kostean ilman liit\u00e4nt\u00e4<br \/>\n\u2022 Purkauskenno \u2013 tela tai pulssi<br \/>\n\u2022 Tasoanturi<br \/>\n\u2022 Puskurivy\u00f6hyke<br \/>\n\u2022 Muuttuva j\u00e4\u00e4hdytysalue<\/p>\n<p><strong>LIS\u00c4VARUSTEET<\/strong><br \/>\n\u2022 Tikkaat ja tasot<br \/>\n\u2022 Palovaroitusj\u00e4rjestelm\u00e4<br \/>\n\u2022 \u00c4\u00e4nenvaimennin<br \/>\n\u2022 Suurempi puskurivy\u00f6hyke<br \/>\n\u2022 Valvonta \u2013 kosteus tai l\u00e4mp\u00f6tila[\/vc_column_text][\/vc_column][\/vc_row]<\/p>\n<\/div>","protected":false},"excerpt":{"rendered":"<p>Tornumin TK jatkuvatoiminen kiertoilmakuivuri tarjoaa tehokkaan l\u00e4mmityksen ja hell\u00e4varaisen viljan kuivauksen. Maatalousk\u00e4yt\u00f6ss\u00e4 se on menestynyt erinomaisen laadun ja ainutlaatuisten rakenteensa ansiosta.<\/p>\n","protected":false},"featured_media":24713,"comment_status":"open","ping_status":"closed","template":"","meta":{"_acf_changed":false},"product_brand":[],"product_cat":[636,654,643,644,637,664],"product_tag":[646,647,693,648],"class_list":{"0":"post-25889","1":"product","2":"type-product","3":"status-publish","4":"has-post-thumbnail","6":"product_cat-all-products-fi","7":"product_cat-feed-fi","8":"product_cat-food-2-fi","9":"product_cat-grain-fi","10":"product_cat-conditioning-fi","11":"product_cat-grain-dryers-fi","12":"product_tag-burner-fi","13":"product_tag-dryer-fi","14":"product_tag-dryer-rex-fi","15":"product_tag-dryer-tkr-fi","16":"pa_products-type-all-products-fi","17":"pa_products-type-grain-fi","19":"first","20":"instock","21":"shipping-taxable","22":"product-type-simple"},"acf":[],"_links":{"self":[{"href":"https:\/\/www.tornum.com\/fi\/wp-json\/wp\/v2\/product\/25889","targetHints":{"allow":["GET"]}}],"collection":[{"href":"https:\/\/www.tornum.com\/fi\/wp-json\/wp\/v2\/product"}],"about":[{"href":"https:\/\/www.tornum.com\/fi\/wp-json\/wp\/v2\/types\/product"}],"replies":[{"embeddable":true,"href":"https:\/\/www.tornum.com\/fi\/wp-json\/wp\/v2\/comments?post=25889"}],"version-history":[{"count":1,"href":"https:\/\/www.tornum.com\/fi\/wp-json\/wp\/v2\/product\/25889\/revisions"}],"predecessor-version":[{"id":25902,"href":"https:\/\/www.tornum.com\/fi\/wp-json\/wp\/v2\/product\/25889\/revisions\/25902"}],"wp:featuredmedia":[{"embeddable":true,"href":"https:\/\/www.tornum.com\/fi\/wp-json\/wp\/v2\/media\/24713"}],"wp:attachment":[{"href":"https:\/\/www.tornum.com\/fi\/wp-json\/wp\/v2\/media?parent=25889"}],"wp:term":[{"taxonomy":"product_brand","embeddable":true,"href":"https:\/\/www.tornum.com\/fi\/wp-json\/wp\/v2\/product_brand?post=25889"},{"taxonomy":"product_cat","embeddable":true,"href":"https:\/\/www.tornum.com\/fi\/wp-json\/wp\/v2\/product_cat?post=25889"},{"taxonomy":"product_tag","embeddable":true,"href":"https:\/\/www.tornum.com\/fi\/wp-json\/wp\/v2\/product_tag?post=25889"}],"curies":[{"name":"wp","href":"https:\/\/api.w.org\/{rel}","templated":true}]}}