{"id":25910,"date":"2023-04-03T09:35:26","date_gmt":"2023-04-03T09:35:26","guid":{"rendered":"https:\/\/www.tornum.com\/product\/continuous-grain-dryer-tkr\/"},"modified":"2025-07-30T09:38:14","modified_gmt":"2025-07-30T09:38:14","slug":"jatkuvatoiminen-viljankuivuri-tkr","status":"publish","type":"product","link":"https:\/\/www.tornum.com\/fi\/tuote\/jatkuvatoiminen-viljankuivuri-tkr\/","title":{"rendered":"JATKUVATOIMINEN VILJANKUIVURI TKR"},"content":{"rendered":"<div class=\"wpb-content-wrapper\"><p>[vc_row][vc_column width=&#8221;2\/3&#8243;][vc_column_text]Tornumin TKR kuivuri on l\u00e4mm\u00f6ntalteenotolla varustettu kiertoilmakuivuri. Kun ilma on kulkenut kuivurin j\u00e4\u00e4hdytyskennojen l\u00e4vitse ja sen l\u00e4mp\u00f6tila on noussut, se l\u00e4mmitet\u00e4\u00e4n uudelleen alemmassa kennossa ennen kuin se johdetaan alemman kuivauskennon l\u00e4pi.<\/p>\n<p>Nyt hieman j\u00e4\u00e4htynyt ja kosteutta sitonut ilma sekoitetaan ylemm\u00e4n kuumailmakanavan alaosassa esil\u00e4mmitetyn ulkoilman kanssa. Ilma l\u00e4mpenee viel\u00e4 kerran, kun se johdetaan ylemm\u00e4n kennon l\u00e4vitse. Nyt toisen kerran l\u00e4mmitettyn\u00e4 ilma johdetaan viljakerroksen l\u00e4vitse ylemmiss\u00e4 kuivauskennoissa ennen kuin se poistetaan kuivurista.<\/p>\n<p>T\u00e4m\u00e4 rakenne varmistaa 15\u201320 prosentin energians\u00e4\u00e4st\u00f6n, kuivausl\u00e4mp\u00f6tilasta, sis\u00e4\u00e4n tulevan ja poistetun ilman kosteudesta sek\u00e4 ymp\u00e4rist\u00f6n l\u00e4mp\u00f6tilasta riippuen.<br \/>\nL\u00e4mp\u00f6tilan s\u00e4\u00e4t\u00f6 tehd\u00e4\u00e4n sulkuventtiili\u00e4 s\u00e4\u00e4t\u00e4v\u00e4ll\u00e4 ohjauksella.<\/p>\n<p>Sek\u00e4 kuumailma- ett\u00e4 poistoilmaliit\u00e4nt\u00e4 on varustettu tarkastusluukuilla, joihin p\u00e4\u00e4see k\u00e4siksi ulkoisten tikkaiden, tarkastustasojen tai kannattimien kautta. Luukkujen sis\u00e4ll\u00e4 on ritil\u00e4lattia ja tikkaat sis\u00e4ist\u00e4 tarkistusta varten.[\/vc_column_text][\/vc_column][vc_column width=&#8221;1\/3&#8243;][vc_column_text]<strong>OMINAISUUDET<\/strong><br \/>\n\u2022 Ilman kierr\u00e4tys<br \/>\n\u2022 35\u201345 prosentilla v\u00e4hentynyt ilmavirtaus<br \/>\n\u2022 15\u201320 prosentilla v\u00e4hentynyt energiankulutus<br \/>\n\u2022 Vesikierukat<br \/>\n\u2022 Erilaisia l\u00e4mp\u00f6tila-alueita<\/p>\n<p><strong>LIS\u00c4VARUSTEET<\/strong><br \/>\n\u2022\u00a0T\u00e4ytt\u00f6h\u00e4lytin<br \/>\n\u2022 Palovaroitusj\u00e4rjestelm\u00e4[\/vc_column_text][\/vc_column][\/vc_row]<\/p>\n<\/div>","protected":false},"excerpt":{"rendered":"<div class=\"flex flex-grow flex-col gap-3 max-w-full\">\n<div class=\"min-h-[20px] flex flex-col items-start gap-3 overflow-x-auto whitespace-pre-wrap break-words\">\n<div class=\"markdown prose w-full break-words dark:prose-invert light\">\n<p>Tornumin TKR mallin kuivurit ovat energiaa s\u00e4\u00e4st\u00e4vi\u00e4 jatkuvatoimisia kuivureita, jossa on huippuluokan kierr\u00e4tysj\u00e4rjestelm\u00e4. Se ei vain kuivata viljaa, se optimoi jokaisen vaiheen ja s\u00e4\u00e4st\u00e4\u00e4 jopa 15-20 %:n energiaa, sill\u00e4 ilma l\u00e4mmitet\u00e4\u00e4n useassa vaiheessa.<\/p>\n<\/div>\n<\/div>\n<\/div>\n","protected":false},"featured_media":24753,"comment_status":"open","ping_status":"closed","template":"","meta":{"_acf_changed":false},"product_brand":[],"product_cat":[636,654,643,644,637,664],"product_tag":[647,693,665,648],"class_list":{"0":"post-25910","1":"product","2":"type-product","3":"status-publish","4":"has-post-thumbnail","6":"product_cat-all-products-fi","7":"product_cat-feed-fi","8":"product_cat-food-2-fi","9":"product_cat-grain-fi","10":"product_cat-conditioning-fi","11":"product_cat-grain-dryers-fi","12":"product_tag-dryer-fi","13":"product_tag-dryer-rex-fi","14":"product_tag-dryer-tk-fi","15":"product_tag-dryer-tkr-fi","16":"pa_products-type-grain-fi","17":"description-off","19":"first","20":"instock","21":"shipping-taxable","22":"product-type-simple"},"acf":[],"_links":{"self":[{"href":"https:\/\/www.tornum.com\/fi\/wp-json\/wp\/v2\/product\/25910","targetHints":{"allow":["GET"]}}],"collection":[{"href":"https:\/\/www.tornum.com\/fi\/wp-json\/wp\/v2\/product"}],"about":[{"href":"https:\/\/www.tornum.com\/fi\/wp-json\/wp\/v2\/types\/product"}],"replies":[{"embeddable":true,"href":"https:\/\/www.tornum.com\/fi\/wp-json\/wp\/v2\/comments?post=25910"}],"version-history":[{"count":2,"href":"https:\/\/www.tornum.com\/fi\/wp-json\/wp\/v2\/product\/25910\/revisions"}],"predecessor-version":[{"id":25918,"href":"https:\/\/www.tornum.com\/fi\/wp-json\/wp\/v2\/product\/25910\/revisions\/25918"}],"wp:featuredmedia":[{"embeddable":true,"href":"https:\/\/www.tornum.com\/fi\/wp-json\/wp\/v2\/media\/24753"}],"wp:attachment":[{"href":"https:\/\/www.tornum.com\/fi\/wp-json\/wp\/v2\/media?parent=25910"}],"wp:term":[{"taxonomy":"product_brand","embeddable":true,"href":"https:\/\/www.tornum.com\/fi\/wp-json\/wp\/v2\/product_brand?post=25910"},{"taxonomy":"product_cat","embeddable":true,"href":"https:\/\/www.tornum.com\/fi\/wp-json\/wp\/v2\/product_cat?post=25910"},{"taxonomy":"product_tag","embeddable":true,"href":"https:\/\/www.tornum.com\/fi\/wp-json\/wp\/v2\/product_tag?post=25910"}],"curies":[{"name":"wp","href":"https:\/\/api.w.org\/{rel}","templated":true}]}}