{"id":25911,"date":"2023-05-14T21:15:17","date_gmt":"2023-05-14T21:15:17","guid":{"rendered":"https:\/\/www.tornum.com\/product\/damas-omega\/"},"modified":"2025-07-30T09:51:40","modified_gmt":"2025-07-30T09:51:40","slug":"damas-omega","status":"publish","type":"product","link":"https:\/\/www.tornum.com\/fi\/tuote\/damas-omega\/","title":{"rendered":"DAMAS OMEGA"},"content":{"rendered":"<div class=\"wpb-content-wrapper\"><p>[vc_row][vc_column width=&#8221;2\/3&#8243;][vc_column_text]Omega on eritt\u00e4in joustava ja sit\u00e4 voidaan k\u00e4ytt\u00e4\u00e4 kaikkeen lajitteluun, aina esipuhdistuksesta tarkkuuslajitteluun saakka. Omega voidaan toimittaa ilman kierr\u00e4tyksell\u00e4 tai ilman sit\u00e4, vastaamaan paikallisia, ilmankulutuksen, l\u00e4mm\u00f6n talteenoton ym. asettamia vaatimuksia. Nousuilman esi- ja j\u00e4lkierottelun ilmaj\u00e4rjestelm\u00e4t ovat t\u00e4ysin erillisi\u00e4, mik\u00e4 mahdollistaa itsen\u00e4iset s\u00e4\u00e4d\u00f6t k\u00e4yt\u00f6n helpottamiseksi yhdess\u00e4 parantuneen puhdistustehon kanssa.[\/vc_column_text][\/vc_column][vc_column width=&#8221;1\/3&#8243;][vc_column_text]<strong>OMINAISUUDET<\/strong><br \/>\n\u2022 Kapseloitu melutason alentamiseksi<br \/>\n\u2022 Seulalaatikot on valmistettu kest\u00e4v\u00e4st\u00e4 WISAformista, joka on hyv\u00e4ksytty elintarvikek\u00e4ytt\u00f6\u00f6n<br \/>\n\u2022 Seulojen puhdistus erityisill\u00e4 kumipalloilla<br \/>\n\u2022 S\u00e4\u00e4dett\u00e4v\u00e4 sy\u00f6tt\u00f6s\u00e4\u00e4t\u00f6 vakiovarusteena<br \/>\n\u2022 Materiaalin levitys seulalle ruuvin avulla (lis\u00e4varuste joissakin malleissa)<\/p>\n<p><strong>LIS\u00c4VARUSTEET<\/strong><br \/>\n\u2022 Elektroninen valvontaj\u00e4rjestelm\u00e4[\/vc_column_text][\/vc_column][\/vc_row]<\/p>\n<\/div>","protected":false},"excerpt":{"rendered":"<p>Omega lajittelija on monipuolinen ja soveltuu monenlaiseen lajitteluun. Lis\u00e4varusteena on saatavissa ilmankierr\u00e4tys paikallisten, ilmankulutukseen ja l\u00e4mm\u00f6n talteenottoon liittyvien tarpeiden mukaan.<\/p>\n","protected":false},"featured_media":25476,"comment_status":"open","ping_status":"closed","template":"","meta":{"_acf_changed":false},"product_brand":[],"product_cat":[636,654,643,644,650,671],"product_tag":[672,673,655,653],"class_list":{"0":"post-25911","1":"product","2":"type-product","3":"status-publish","4":"has-post-thumbnail","6":"product_cat-all-products-fi","7":"product_cat-feed-fi","8":"product_cat-food-2-fi","9":"product_cat-grain-fi","10":"product_cat-material-handling-fi","11":"product_cat-cleaning-machines-fi","12":"product_tag-cleaning-fi","13":"product_tag-dc-remover-fi","14":"product_tag-dust-fi","15":"product_tag-separation-fi","16":"description-off","18":"first","19":"instock","20":"shipping-taxable","21":"product-type-simple"},"acf":[],"_links":{"self":[{"href":"https:\/\/www.tornum.com\/fi\/wp-json\/wp\/v2\/product\/25911","targetHints":{"allow":["GET"]}}],"collection":[{"href":"https:\/\/www.tornum.com\/fi\/wp-json\/wp\/v2\/product"}],"about":[{"href":"https:\/\/www.tornum.com\/fi\/wp-json\/wp\/v2\/types\/product"}],"replies":[{"embeddable":true,"href":"https:\/\/www.tornum.com\/fi\/wp-json\/wp\/v2\/comments?post=25911"}],"version-history":[{"count":2,"href":"https:\/\/www.tornum.com\/fi\/wp-json\/wp\/v2\/product\/25911\/revisions"}],"predecessor-version":[{"id":25922,"href":"https:\/\/www.tornum.com\/fi\/wp-json\/wp\/v2\/product\/25911\/revisions\/25922"}],"wp:featuredmedia":[{"embeddable":true,"href":"https:\/\/www.tornum.com\/fi\/wp-json\/wp\/v2\/media\/25476"}],"wp:attachment":[{"href":"https:\/\/www.tornum.com\/fi\/wp-json\/wp\/v2\/media?parent=25911"}],"wp:term":[{"taxonomy":"product_brand","embeddable":true,"href":"https:\/\/www.tornum.com\/fi\/wp-json\/wp\/v2\/product_brand?post=25911"},{"taxonomy":"product_cat","embeddable":true,"href":"https:\/\/www.tornum.com\/fi\/wp-json\/wp\/v2\/product_cat?post=25911"},{"taxonomy":"product_tag","embeddable":true,"href":"https:\/\/www.tornum.com\/fi\/wp-json\/wp\/v2\/product_tag?post=25911"}],"curies":[{"name":"wp","href":"https:\/\/api.w.org\/{rel}","templated":true}]}}