{"id":25912,"date":"2023-05-14T21:51:07","date_gmt":"2023-05-14T21:51:07","guid":{"rendered":"https:\/\/www.tornum.com\/product\/cyclone\/"},"modified":"2025-07-30T09:45:10","modified_gmt":"2025-07-30T09:45:10","slug":"syklonit","status":"publish","type":"product","link":"https:\/\/www.tornum.com\/fi\/tuote\/syklonit\/","title":{"rendered":"SYKLONIT"},"content":{"rendered":"<div class=\"wpb-content-wrapper\"><p>[vc_row][vc_column width=&#8221;2\/3&#8243;][vc_column_text]Tornumin syklonit on suunniteltu erottelemaan viljaj\u00e4tteet ilmavirrasta parhaalla mahdollisella tavalla. Syklonien sijoittaminen ja viljaj\u00e4tteen hallinta on t\u00e4rke\u00e4 n\u00e4k\u00f6kohta kun suunnitellaan hyv\u00e4\u00e4 viljank\u00e4sittelyj\u00e4rjestelm\u00e4n ty\u00f6ymp\u00e4rist\u00f6\u00e4.[\/vc_column_text][\/vc_column][vc_column width=&#8221;1\/3&#8243;][vc_column_text]<strong>OMINAISUUKSIA<\/strong><br \/>\n\u2022 Valmistettu kuumasinkityst\u00e4 ter\u00e4ksest\u00e4<br \/>\n\u2022 Varustettu taipuisan putken liitoksilla sis\u00e4\u00e4ntuloa, poistoa ja tuuletusta varten<\/p>\n<p><strong>OPTIONS<\/strong><\/p>\n<ul>\n<li>Aspirator<\/li>\n<li>Dust container<\/li>\n<li>DC Remover<\/li>\n<li>Aeration pipe<\/li>\n<li>Cyclone protection roof<\/li>\n<\/ul>\n<p>[\/vc_column_text][\/vc_column][\/vc_row]<\/p>\n<\/div>","protected":false},"excerpt":{"rendered":"<p>Tornumin syklonit on harkiten suunniteltu viljaj\u00e4tteen ja ilman tehokkaaseen erotteluun, mik\u00e4 on ratkaiseva tekij\u00e4 tuottavan ja turvallisen viljank\u00e4sittelyj\u00e4rjestelm\u00e4n ty\u00f6ymp\u00e4rist\u00f6n luomisessa.<\/p>\n","protected":false},"featured_media":25262,"comment_status":"open","ping_status":"closed","template":"","meta":{"_acf_changed":false},"product_brand":[],"product_cat":[636,644,650,651],"product_tag":[672,694,655,653],"class_list":{"0":"post-25912","1":"product","2":"type-product","3":"status-publish","4":"has-post-thumbnail","6":"product_cat-all-products-fi","7":"product_cat-grain-fi","8":"product_cat-material-handling-fi","9":"product_cat-dust-separation-fi","10":"product_tag-cleaning-fi","11":"product_tag-cyclone-fi","12":"product_tag-dust-fi","13":"product_tag-separation-fi","14":"description-off","16":"first","17":"instock","18":"shipping-taxable","19":"product-type-simple"},"acf":[],"_links":{"self":[{"href":"https:\/\/www.tornum.com\/fi\/wp-json\/wp\/v2\/product\/25912","targetHints":{"allow":["GET"]}}],"collection":[{"href":"https:\/\/www.tornum.com\/fi\/wp-json\/wp\/v2\/product"}],"about":[{"href":"https:\/\/www.tornum.com\/fi\/wp-json\/wp\/v2\/types\/product"}],"replies":[{"embeddable":true,"href":"https:\/\/www.tornum.com\/fi\/wp-json\/wp\/v2\/comments?post=25912"}],"version-history":[{"count":2,"href":"https:\/\/www.tornum.com\/fi\/wp-json\/wp\/v2\/product\/25912\/revisions"}],"predecessor-version":[{"id":25920,"href":"https:\/\/www.tornum.com\/fi\/wp-json\/wp\/v2\/product\/25912\/revisions\/25920"}],"wp:featuredmedia":[{"embeddable":true,"href":"https:\/\/www.tornum.com\/fi\/wp-json\/wp\/v2\/media\/25262"}],"wp:attachment":[{"href":"https:\/\/www.tornum.com\/fi\/wp-json\/wp\/v2\/media?parent=25912"}],"wp:term":[{"taxonomy":"product_brand","embeddable":true,"href":"https:\/\/www.tornum.com\/fi\/wp-json\/wp\/v2\/product_brand?post=25912"},{"taxonomy":"product_cat","embeddable":true,"href":"https:\/\/www.tornum.com\/fi\/wp-json\/wp\/v2\/product_cat?post=25912"},{"taxonomy":"product_tag","embeddable":true,"href":"https:\/\/www.tornum.com\/fi\/wp-json\/wp\/v2\/product_tag?post=25912"}],"curies":[{"name":"wp","href":"https:\/\/api.w.org\/{rel}","templated":true}]}}