{"id":25913,"date":"2023-05-14T21:18:40","date_gmt":"2023-05-14T21:18:40","guid":{"rendered":"https:\/\/www.tornum.com\/product\/damas-pulco\/"},"modified":"2025-07-30T09:58:14","modified_gmt":"2025-07-30T09:58:14","slug":"damas-pulco","status":"publish","type":"product","link":"https:\/\/www.tornum.com\/fi\/tuote\/damas-pulco\/","title":{"rendered":"DAMAS PULCO"},"content":{"rendered":"<p><strong>Tehokas esipuhdistin<\/strong><br \/>\nPulco erottaa tehokkaasti sek\u00e4 kevyet ett\u00e4 raskaat jyv\u00e4t ilmavirtauksen avulla.<\/p>\n<p>Kaikkien kasvien siemeni\u00e4 voidaan esipuhdistaa juuri siell\u00e4, miss\u00e4 siit\u00e4 on eniten hy\u00f6ty\u00e4. Se voi olla esipuhdistus vastaanoton yhteydess\u00e4, lis\u00e4puhdistus tarkkuuslajitteluprosessissa, viljan siementen esipuhdistus ennen peittausta, teollisen puhdistuksen tai maltaiden uloskuormauksen yhteydess\u00e4.<\/p>\n<p>Pulco on suunniteltu saavuttamaan paras mahdollinen puhdistustulos kaikissa olosuhteissa. Sit\u00e4 voidaan k\u00e4ytt\u00e4\u00e4 my\u00f6s kokolajitteluun jyvien erotuskammion avulla.<\/p>\n<p>Pulco on yksinkertainen, sen rakenne on ymp\u00e4rist\u00f6yst\u00e4v\u00e4llinen ja se on helppok\u00e4ytt\u00f6inen. Voidaan varustaa kaukos\u00e4\u00e4timell\u00e4.<\/p>\n<ul>\n<li>Pulco on itsepuhdistuva ja siin\u00e4 on materiaalin ihanteellisen jakautumisen takia t\u00e4ydellinen ilmavirtaus.<\/li>\n<li>Esipuhdistin ei t\u00e4rise ja vaatii tehoonsa n\u00e4hden hyvin v\u00e4h\u00e4n tilaa.<\/li>\n<li>Pulco on hiljainen, vaatii v\u00e4h\u00e4n tehoa ja on ymp\u00e4rist\u00f6yst\u00e4v\u00e4llinen.<\/li>\n<li>Kattava moduulirakenteinen lis\u00e4varustevalikoima takaa nykyisten ja tulevaisuuden vaatimusten t\u00e4yttymisen.<\/li>\n<\/ul>\n","protected":false},"excerpt":{"rendered":"<p>Pulco on tehokas esipuhdistin, joka erottaa kevyet ja raskaat jyv\u00e4t ilmavirtauksen avulla ja soveltuu erilaisiin sovelluksiin, kuten esipuhdistukseen, hienopuhdistukseen, siementen k\u00e4sittelyyn, teollisuuspuhdistukseen ja mallask\u00e4sittelyyn.<\/p>\n","protected":false},"featured_media":24986,"comment_status":"open","ping_status":"closed","template":"","meta":{"_acf_changed":false},"product_brand":[],"product_cat":[636,644,650,671],"product_tag":[672,673,655,653],"class_list":{"0":"post-25913","1":"product","2":"type-product","3":"status-publish","4":"has-post-thumbnail","6":"product_cat-all-products-fi","7":"product_cat-grain-fi","8":"product_cat-material-handling-fi","9":"product_cat-cleaning-machines-fi","10":"product_tag-cleaning-fi","11":"product_tag-dc-remover-fi","12":"product_tag-dust-fi","13":"product_tag-separation-fi","14":"description-off","16":"first","17":"instock","18":"shipping-taxable","19":"product-type-simple"},"acf":[],"_links":{"self":[{"href":"https:\/\/www.tornum.com\/fi\/wp-json\/wp\/v2\/product\/25913","targetHints":{"allow":["GET"]}}],"collection":[{"href":"https:\/\/www.tornum.com\/fi\/wp-json\/wp\/v2\/product"}],"about":[{"href":"https:\/\/www.tornum.com\/fi\/wp-json\/wp\/v2\/types\/product"}],"replies":[{"embeddable":true,"href":"https:\/\/www.tornum.com\/fi\/wp-json\/wp\/v2\/comments?post=25913"}],"version-history":[{"count":2,"href":"https:\/\/www.tornum.com\/fi\/wp-json\/wp\/v2\/product\/25913\/revisions"}],"predecessor-version":[{"id":25924,"href":"https:\/\/www.tornum.com\/fi\/wp-json\/wp\/v2\/product\/25913\/revisions\/25924"}],"wp:featuredmedia":[{"embeddable":true,"href":"https:\/\/www.tornum.com\/fi\/wp-json\/wp\/v2\/media\/24986"}],"wp:attachment":[{"href":"https:\/\/www.tornum.com\/fi\/wp-json\/wp\/v2\/media?parent=25913"}],"wp:term":[{"taxonomy":"product_brand","embeddable":true,"href":"https:\/\/www.tornum.com\/fi\/wp-json\/wp\/v2\/product_brand?post=25913"},{"taxonomy":"product_cat","embeddable":true,"href":"https:\/\/www.tornum.com\/fi\/wp-json\/wp\/v2\/product_cat?post=25913"},{"taxonomy":"product_tag","embeddable":true,"href":"https:\/\/www.tornum.com\/fi\/wp-json\/wp\/v2\/product_tag?post=25913"}],"curies":[{"name":"wp","href":"https:\/\/api.w.org\/{rel}","templated":true}]}}