{"id":25914,"date":"2023-05-14T21:13:07","date_gmt":"2023-05-14T21:13:07","guid":{"rendered":"https:\/\/www.tornum.com\/product\/damas-sigma\/"},"modified":"2025-07-16T10:01:29","modified_gmt":"2025-07-16T10:01:29","slug":"damas-sigma","status":"publish","type":"product","link":"https:\/\/www.tornum.com\/fi\/tuote\/damas-sigma\/","title":{"rendered":"DAMAS SIGMA"},"content":{"rendered":"<div class=\"wpb-content-wrapper\"><p>[vc_row][vc_column width=&#8221;2\/3&#8243;][vc_column_text]Sigma on etup\u00e4\u00e4ss\u00e4 tarkoitettu viljan ja muun rakeistetun materiaalin esipuhdistukseen, mutta sit\u00e4 voidaan k\u00e4ytt\u00e4\u00e4 my\u00f6s tarkkuuslajitteluun. SIGMA\u2019ssa on pystysuorat py\u00f6riv\u00e4t seulat, jotka keskipakovoiman ansiosta tarjoavat eritt\u00e4in suuren tehon kokoonsa n\u00e4hden.[\/vc_column_text][\/vc_column][vc_column width=&#8221;1\/3&#8243;][vc_column_text]<strong>OMINAISUUDET<\/strong><br \/>\n\u2022 Py\u00f6riv\u00e4, v\u00e4rin\u00e4t\u00f6n toiminta<br \/>\n\u2022 Ei aseta suuria vaatimuksia perustuksille<br \/>\n\u2022 Monipuoliset asennusvaihtoehdot \u2013 helposti k\u00e4\u00e4nnett\u00e4v\u00e4 ulostulo ja poistopuolen tarkistusluukku<br \/>\n\u2022 T\u00e4ysin suljettu rakenne, mik\u00e4 takaa alhaisen melutason ja p\u00f6lytt\u00f6m\u00e4n ymp\u00e4rist\u00f6n<br \/>\n\u2022 Itses\u00e4\u00e4tyv\u00e4t rullaharjat varmistavat tehokkaan seulan puhdistuksen<br \/>\n\u2022 Poisto-osa eritt\u00e4in tehokkaalla imuyksik\u00f6ll\u00e4<\/p>\n<p><strong>LIS\u00c4VARUSTEET<\/strong><br \/>\n\u2022 Elektroninen valvontaj\u00e4rjestelm\u00e4[\/vc_column_text][\/vc_column][\/vc_row]<\/p>\n<\/div>","protected":false},"excerpt":{"rendered":"<p>Sigma on suunniteltu jyvien ja rakeisten materiaalien tehokkaaseen esipuhdistukseen ja hienopuhdistukseen. Siin\u00e4 on pystysuuntaiset py\u00f6riv\u00e4t seulat, jotka mahdollistavat suuren tehon kokoonsa n\u00e4hden.<\/p>\n","protected":false},"featured_media":25477,"comment_status":"open","ping_status":"closed","template":"","meta":{"_acf_changed":false},"product_brand":[],"product_cat":[636,654,643,644,650,671],"product_tag":[672,695,655,653],"class_list":{"0":"post-25914","1":"product","2":"type-product","3":"status-publish","4":"has-post-thumbnail","6":"product_cat-all-products-fi","7":"product_cat-feed-fi","8":"product_cat-food-2-fi","9":"product_cat-grain-fi","10":"product_cat-material-handling-fi","11":"product_cat-cleaning-machines-fi","12":"product_tag-cleaning-fi","13":"product_tag-damas-fi","14":"product_tag-dust-fi","15":"product_tag-separation-fi","16":"description-off","18":"first","19":"instock","20":"shipping-taxable","21":"product-type-simple"},"acf":[],"_links":{"self":[{"href":"https:\/\/www.tornum.com\/fi\/wp-json\/wp\/v2\/product\/25914","targetHints":{"allow":["GET"]}}],"collection":[{"href":"https:\/\/www.tornum.com\/fi\/wp-json\/wp\/v2\/product"}],"about":[{"href":"https:\/\/www.tornum.com\/fi\/wp-json\/wp\/v2\/types\/product"}],"replies":[{"embeddable":true,"href":"https:\/\/www.tornum.com\/fi\/wp-json\/wp\/v2\/comments?post=25914"}],"version-history":[{"count":1,"href":"https:\/\/www.tornum.com\/fi\/wp-json\/wp\/v2\/product\/25914\/revisions"}],"predecessor-version":[{"id":25926,"href":"https:\/\/www.tornum.com\/fi\/wp-json\/wp\/v2\/product\/25914\/revisions\/25926"}],"wp:featuredmedia":[{"embeddable":true,"href":"https:\/\/www.tornum.com\/fi\/wp-json\/wp\/v2\/media\/25477"}],"wp:attachment":[{"href":"https:\/\/www.tornum.com\/fi\/wp-json\/wp\/v2\/media?parent=25914"}],"wp:term":[{"taxonomy":"product_brand","embeddable":true,"href":"https:\/\/www.tornum.com\/fi\/wp-json\/wp\/v2\/product_brand?post=25914"},{"taxonomy":"product_cat","embeddable":true,"href":"https:\/\/www.tornum.com\/fi\/wp-json\/wp\/v2\/product_cat?post=25914"},{"taxonomy":"product_tag","embeddable":true,"href":"https:\/\/www.tornum.com\/fi\/wp-json\/wp\/v2\/product_tag?post=25914"}],"curies":[{"name":"wp","href":"https:\/\/api.w.org\/{rel}","templated":true}]}}