{"id":25915,"date":"2023-05-14T21:17:15","date_gmt":"2023-05-14T21:17:15","guid":{"rendered":"https:\/\/www.tornum.com\/product\/damas-uniseed-duoseed\/"},"modified":"2025-07-15T11:24:35","modified_gmt":"2025-07-15T11:24:35","slug":"damas-uniseed-duoseed","status":"publish","type":"product","link":"https:\/\/www.tornum.com\/fi\/tuote\/damas-uniseed-duoseed\/","title":{"rendered":"DAMAS UNISEED\/DUOSEED"},"content":{"rendered":"<div class=\"wpb-content-wrapper\"><p>[vc_row][vc_column width=&#8221;2\/3&#8243;][vc_column_text]Damas Uniseed- ja Duoseed-lajittelijat on suunniteltu tilan viljan lajitteluun ja puhdistukseen sek\u00e4 pienimuotoiseen, teolliseen viljank\u00e4sittelyyn. N\u00e4m\u00e4 koneet tarjoavat saman korkean tason suorituskyvyn ja tehokkuuden kuin teollisuusluokan Damas OMEGA -lajittelijoissa, mutta kompaktissa ja kustannustehokkaassa kokoluokassa. Ne sopivat tiloille, jotka tuottavat viljaa sek\u00e4 rehuksi ett\u00e4 myyntiin.<\/p>\n<p>Damas DuoSeed, Uniseed kaksoislajittelija, optimoi viljank\u00e4sittelyj\u00e4rjestelm\u00e4si tilank\u00e4yt\u00f6n. N\u00e4it\u00e4 koneita on saatavissa eri kokoonpanoissa, ja niihin on lis\u00e4varusteena saatavissa sy\u00f6tt\u00f6laitteet, akanan poisto ja nousuilmayksik\u00f6t.<\/p>\n<p>Uniseed- ja Duoseed-lajittelijat soveltuvat erityisen hyvin \u00f6ljykasvien, vehn\u00e4n, ohran, maissin ym. viljojen lajitteluun.<\/p>\n<p><strong>Toiminta<\/strong><\/p>\n<p>Uniseed- ja Duoseed-lajittelijat on valmistettu galvanoidusta ter\u00e4ksest\u00e4 ja niiss\u00e4 k\u00e4ytet\u00e4\u00e4n tasopuhdistusmenetelm\u00e4\u00e4. Yl\u00e4seula liikkuu tasaisesti vaakasuorassa tasossa, kun taas alaseulan liike on vino. T\u00e4m\u00e4 ainutlaatuinen liikekuvio, jota k\u00e4ytet\u00e4\u00e4n ainoastaan SKIOLD Damas -lajittelijoissa, varmistaa eritt\u00e4in tehokkaan yl\u00e4seulan l\u00e4p\u00e4isyn ja erinomaisen materiaalin kokolajittelun.[\/vc_column_text][\/vc_column][vc_column width=&#8221;1\/3&#8243;][vc_column_text]<strong>OMINAISUUDET<\/strong><br \/>\n\u2022 Viljan lajittelu maatilalla: Uniseed- ja Duoseed-lajittelijat sopivat ihanteellisesti viljelij\u00f6ille, jotka tuottavat itse rehunsa tai lajittelevat viljansa omalla tilalla. Niiden kompakti koko, helppok\u00e4ytt\u00f6isyys ja v\u00e4h\u00e4inen huolto tekev\u00e4t niist\u00e4 erinomaisen valinnan my\u00f6s ajoittaiseen k\u00e4ytt\u00f6\u00f6n. Lis\u00e4ksi lajitteluj\u00e4tett\u00e4 voidaan hy\u00f6dynt\u00e4\u00e4 l\u00e4mmityskattilassa, mik\u00e4 minimoi j\u00e4tteen m\u00e4\u00e4r\u00e4n.<br \/>\n\u2022 Parannettu viljan laatu: Valitsemalla Uniseed tai Duoseed lajittelijan esim. \u00f6ljykasvien tai mallasohran lajitteluun, voit olla varma, ett\u00e4 lajittelijat tarjoavat poikkeuksellista laatua, mik\u00e4 mahdollistaa korkeamman hinnan tuotteistasi. Lajittelijat voivat my\u00f6s tehokkaasti poistaa torajyv\u00e4t jyvien joukosta ja s\u00e4ilytt\u00e4\u00e4 viljan laadun.<br \/>\n\u2022 Parempi it\u00e4vyys ja pienemm\u00e4t kustannukset: Hyvin lajitellut jyv\u00e4t it\u00e4v\u00e4t paremmin ja peittausaine kiinnittyy tehokkaammin yksitt\u00e4isiin jyviin, mik\u00e4 v\u00e4hent\u00e4\u00e4 materiaalih\u00e4vikki\u00e4 ja kustannuksia.<br \/>\n\u2022 Parempi rehuarvo: Kun Uniseed- ja Duoseed-lajittelijaa k\u00e4ytet\u00e4\u00e4n rehuviljan puhdistukseen\/lajitteluun, se tuottaa jatkuvasti korkealaatuista viljaa ilman ei-toivottuja ep\u00e4puhtauksia ja v\u00e4hent\u00e4\u00e4 p\u00f6lyn muodostusta.<br \/>\n\u2022 Alhaisemmat varastointikustannukset: Oikein lajitellut viljat tai siemenet v\u00e4hent\u00e4v\u00e4t homeen, sienten, bakteerien ja punkkien aiheuttamaa tartuntariski\u00e4 varastossa. T\u00e4m\u00e4 v\u00e4hent\u00e4\u00e4 huolta viljan pilaantumista sek\u00e4 my\u00f6hemmin tapahtuvan kuivauksen kustannuksia.<br \/>\n\u2022 Pidennetty laitteiden k\u00e4ytt\u00f6ik\u00e4: Hyvin lajiteltu vilja parantaa laitteistosi suorituskyky\u00e4 ja pident\u00e4\u00e4 sen k\u00e4ytt\u00f6ik\u00e4\u00e4, optimoiden investointisi.<br \/>\n\u2022 Kest\u00e4v\u00e4 rakenne: Uniseed- ja Duoseed-tasolajittelijat on rakennettu kest\u00e4m\u00e4\u00e4n. Rakenne on koteloitu kuumasinkityll\u00e4 ter\u00e4slevyll\u00e4 ja erikoiskumipallot pit\u00e4v\u00e4t seulat puhtaina. V\u00e4h\u00e4inen v\u00e4rin\u00e4taso v\u00e4hent\u00e4\u00e4 lattian tai perustusten rasitusta ja pident\u00e4\u00e4 koko laitteistosi k\u00e4ytt\u00f6ik\u00e4\u00e4.<br \/>\n\u2022 Huollon ja k\u00e4yt\u00f6n helppous: N\u00e4m\u00e4 tasolajittelijat on suunniteltu seulojen helppo vaihto ja suoraviivainen p\u00e4ivitt\u00e4inen k\u00e4ytt\u00f6 huomioon ottaen, joten niiden k\u00e4ytt\u00f6 on helppo oppia.[\/vc_column_text][\/vc_column][\/vc_row]<\/p>\n<\/div>","protected":false},"excerpt":{"rendered":"<p>Damas Uniseed- ja Duoseed-lajittelijat on suunniteltu tehokkaaseen viljan lajitteluun ja puhdistukseen maatilalla. Ne tarjoavat teollisuustason suorituskyky\u00e4 kompaktissa ja kustannustehokkaassa muodossa. Ne soveltuvat tiloille, jotka tuottavat viljaa rehuksi ja myyntiin. N\u00e4m\u00e4 koneet ovat ihanteellisia \u00f6ljykasveille, vehn\u00e4lle, ohralle ja maissille.<\/p>\n","protected":false},"featured_media":24985,"comment_status":"open","ping_status":"closed","template":"","meta":{"_acf_changed":false},"product_brand":[],"product_cat":[636,654,643,644,650,671],"product_tag":[672,695,655,653],"class_list":{"0":"post-25915","1":"product","2":"type-product","3":"status-publish","4":"has-post-thumbnail","6":"product_cat-all-products-fi","7":"product_cat-feed-fi","8":"product_cat-food-2-fi","9":"product_cat-grain-fi","10":"product_cat-material-handling-fi","11":"product_cat-cleaning-machines-fi","12":"product_tag-cleaning-fi","13":"product_tag-damas-fi","14":"product_tag-dust-fi","15":"product_tag-separation-fi","16":"description-off","18":"first","19":"instock","20":"shipping-taxable","21":"product-type-simple"},"acf":[],"_links":{"self":[{"href":"https:\/\/www.tornum.com\/fi\/wp-json\/wp\/v2\/product\/25915","targetHints":{"allow":["GET"]}}],"collection":[{"href":"https:\/\/www.tornum.com\/fi\/wp-json\/wp\/v2\/product"}],"about":[{"href":"https:\/\/www.tornum.com\/fi\/wp-json\/wp\/v2\/types\/product"}],"replies":[{"embeddable":true,"href":"https:\/\/www.tornum.com\/fi\/wp-json\/wp\/v2\/comments?post=25915"}],"version-history":[{"count":3,"href":"https:\/\/www.tornum.com\/fi\/wp-json\/wp\/v2\/product\/25915\/revisions"}],"predecessor-version":[{"id":25929,"href":"https:\/\/www.tornum.com\/fi\/wp-json\/wp\/v2\/product\/25915\/revisions\/25929"}],"wp:featuredmedia":[{"embeddable":true,"href":"https:\/\/www.tornum.com\/fi\/wp-json\/wp\/v2\/media\/24985"}],"wp:attachment":[{"href":"https:\/\/www.tornum.com\/fi\/wp-json\/wp\/v2\/media?parent=25915"}],"wp:term":[{"taxonomy":"product_brand","embeddable":true,"href":"https:\/\/www.tornum.com\/fi\/wp-json\/wp\/v2\/product_brand?post=25915"},{"taxonomy":"product_cat","embeddable":true,"href":"https:\/\/www.tornum.com\/fi\/wp-json\/wp\/v2\/product_cat?post=25915"},{"taxonomy":"product_tag","embeddable":true,"href":"https:\/\/www.tornum.com\/fi\/wp-json\/wp\/v2\/product_tag?post=25915"}],"curies":[{"name":"wp","href":"https:\/\/api.w.org\/{rel}","templated":true}]}}