{"id":25916,"date":"2023-05-04T09:56:59","date_gmt":"2023-05-04T09:56:59","guid":{"rendered":"https:\/\/www.tornum.com\/product\/dual-batch-dryer-ts-and-tshr\/"},"modified":"2025-07-30T10:05:58","modified_gmt":"2025-07-30T10:05:58","slug":"ts-ja-tshr-kaksoiserakuivurit","status":"publish","type":"product","link":"https:\/\/www.tornum.com\/fi\/tuote\/ts-ja-tshr-kaksoiserakuivurit\/","title":{"rendered":"TS JA TSHR KAKSOISER\u00c4KUIVURIT"},"content":{"rendered":"<div class=\"wpb-content-wrapper\"><p>[vc_row gap=&#8221;35&#8243;][vc_column width=&#8221;2\/3&#8243;][vc_column_text]Tornumin ilmanohjaimen avulla voit yhdist\u00e4\u00e4 kaksi er\u00e4kuivuria kaksoiser\u00e4kuivuriksi. Ilmanohjain on kytketty l\u00e4mm\u00f6nl\u00e4hteeseen ja j\u00e4\u00e4hdytyspuhaltimeen. T\u00e4ll\u00e4 j\u00e4rjestelm\u00e4ll\u00e4 viljat kuivuvat toisessa kuivurissa samalla, kun toista j\u00e4\u00e4hdytet\u00e4\u00e4n, tyhjennet\u00e4\u00e4n ja t\u00e4ytet\u00e4\u00e4n uudelleen. T\u00e4m\u00e4 varmistaa, ett\u00e4 l\u00e4mm\u00f6nl\u00e4hde hy\u00f6dynnet\u00e4\u00e4n t\u00e4ydellisesti eik\u00e4 sinun tarvitse huolehtia siit\u00e4, milloin kuivaus on valmis.<\/p>\n<p><strong>J\u00e4rjestelm\u00e4 koostuu:<\/strong><br \/>\n\u2022 Kahdesta <a href=\"https:\/\/www.tornum.com\/product\/batch-dryer-ts\/\">er\u00e4kuivurista<\/a><br \/>\n\u2022 Yhdest\u00e4 ilmanohjaimesta<br \/>\n\u2022 J\u00e4\u00e4hdytyspuhaltimesta<br \/>\n\u2022 Voidaan automatisoida kuivurin ohjauksella<br \/>\n\u2022 Putkisarjasta<br \/>\n\u2022 Sulkimesta ja anturista ohjausta varten<\/p>\n<p>Tornumin kaksoiser\u00e4kuivuri voidaan varustaa l\u00e4mm\u00f6ntalteenotolla kuivausajan lyhent\u00e4miseksi ja energian s\u00e4\u00e4st\u00e4miseksi. Kuivuriin asennetaan kostean ilman l\u00e4mp\u00f6tilaa mittaava anturi, jolla prosessia ohjataan. TSHR-kaksoiser\u00e4kuivuri on patentoitu.<\/p>\n<p><strong>Jopa 12 prosenttia tehokkaampi<\/strong><\/p>\n<p>TSHR-kuivurin rakenne varmistaa, ett\u00e4 vain muutamalla ohjainlevyll\u00e4 voidaan l\u00e4mmitetyn ilman virtausta ohjata kahden TS-kuivurin v\u00e4lill\u00e4. Ensimm\u00e4isen er\u00e4kuivurin l\u00e4vitse johdettu kuuma ilma voidaan kierr\u00e4tt\u00e4\u00e4 ja ohjata toiseen er\u00e4kuivuriin, jolloin vasta t\u00e4ytetty vilja voidaan esil\u00e4mmitt\u00e4\u00e4. TSHR-konsepti on helpoimmin asennettavissa olemassa olevaan TS kaksoiser\u00e4kuivuriin.[\/vc_column_text][\/vc_column][vc_column width=&#8221;1\/3&#8243;][vc_column_text]<strong>LIS\u00c4VARUSTEET<\/strong><br \/>\n\u2022 Tikkaat ja tasot<br \/>\n\u2022 T\u00e4ytt\u00f6h\u00e4lytin<br \/>\n\u2022 Palovaroitusj\u00e4rjestelm\u00e4<br \/>\n\u2022 Suurempi puskurivy\u00f6hyke<br \/>\n\u2022 Ohjaus \u2013 kosteuspitoisuus tai l\u00e4mp\u00f6tila<br \/>\n\u2022 Jaksotyhjennys[\/vc_column_text][\/vc_column][\/vc_row]<\/p>\n<\/div>","protected":false},"excerpt":{"rendered":"<p>Tornum tarjoaa innovatiivisen ilmanohjaimen, joka mahdollistaa kahden er\u00e4kuivurin yhdist\u00e4misen kaksoiser\u00e4kuivuriksi. Se varmistaa l\u00e4mm\u00f6nl\u00e4hteen tehokkaan hy\u00f6dynt\u00e4misen sek\u00e4 jatkuvatoimisen kuivauksen ja j\u00e4\u00e4hdytyksen.<\/p>\n","protected":false},"featured_media":24835,"comment_status":"open","ping_status":"closed","template":"","meta":{"_acf_changed":false},"product_brand":[],"product_cat":[636,644,637,664],"product_tag":[647,665,648,696],"class_list":{"0":"post-25916","1":"product","2":"type-product","3":"status-publish","4":"has-post-thumbnail","6":"product_cat-all-products-fi","7":"product_cat-grain-fi","8":"product_cat-conditioning-fi","9":"product_cat-grain-dryers-fi","10":"product_tag-dryer-fi","11":"product_tag-dryer-tk-fi","12":"product_tag-dryer-tkr-fi","13":"product_tag-dryer-ts-fi","14":"description-off","16":"first","17":"instock","18":"shipping-taxable","19":"product-type-simple"},"acf":[],"_links":{"self":[{"href":"https:\/\/www.tornum.com\/fi\/wp-json\/wp\/v2\/product\/25916","targetHints":{"allow":["GET"]}}],"collection":[{"href":"https:\/\/www.tornum.com\/fi\/wp-json\/wp\/v2\/product"}],"about":[{"href":"https:\/\/www.tornum.com\/fi\/wp-json\/wp\/v2\/types\/product"}],"replies":[{"embeddable":true,"href":"https:\/\/www.tornum.com\/fi\/wp-json\/wp\/v2\/comments?post=25916"}],"version-history":[{"count":2,"href":"https:\/\/www.tornum.com\/fi\/wp-json\/wp\/v2\/product\/25916\/revisions"}],"predecessor-version":[{"id":25931,"href":"https:\/\/www.tornum.com\/fi\/wp-json\/wp\/v2\/product\/25916\/revisions\/25931"}],"wp:featuredmedia":[{"embeddable":true,"href":"https:\/\/www.tornum.com\/fi\/wp-json\/wp\/v2\/media\/24835"}],"wp:attachment":[{"href":"https:\/\/www.tornum.com\/fi\/wp-json\/wp\/v2\/media?parent=25916"}],"wp:term":[{"taxonomy":"product_brand","embeddable":true,"href":"https:\/\/www.tornum.com\/fi\/wp-json\/wp\/v2\/product_brand?post=25916"},{"taxonomy":"product_cat","embeddable":true,"href":"https:\/\/www.tornum.com\/fi\/wp-json\/wp\/v2\/product_cat?post=25916"},{"taxonomy":"product_tag","embeddable":true,"href":"https:\/\/www.tornum.com\/fi\/wp-json\/wp\/v2\/product_tag?post=25916"}],"curies":[{"name":"wp","href":"https:\/\/api.w.org\/{rel}","templated":true}]}}