{"id":25939,"date":"2023-05-14T21:49:32","date_gmt":"2023-05-14T21:49:32","guid":{"rendered":"https:\/\/www.tornum.com\/product\/dust-chaff-remover\/"},"modified":"2025-07-30T10:14:26","modified_gmt":"2025-07-30T10:14:26","slug":"polyn-ja-akanan-poisto","status":"publish","type":"product","link":"https:\/\/www.tornum.com\/fi\/tuote\/polyn-ja-akanan-poisto\/","title":{"rendered":"P\u00d6LYN JA AKANAN POISTO"},"content":{"rendered":"<div class=\"wpb-content-wrapper\"><p>[vc_row][vc_column width=&#8221;2\/3&#8243;][vc_column_text]DC p\u00f6lynpoisto on t\u00e4ydellinen j\u00e4rjestelm\u00e4 viljan karkeaan puhdistukseen ja p\u00f6lyn, akanoiden sek\u00e4 kevyempien olkien erottamiseen. Se on t\u00e4ysin integroitu, kompakti puhdistusyksikk\u00f6, jossa on puhallin, s\u00e4hk\u00f6moottori sek\u00e4 sykloni. Se on valmistettu galvanoidusta ter\u00e4ksest\u00e4. Puhdistus on tehokkaimmillaan pienemm\u00e4ll\u00e4 tehotasoilla ja optimaaliset puhdistustulokset saavutetaan vain t\u00e4ydellisell\u00e4 j\u00e4rjestelm\u00e4ll\u00e4.<\/p>\n<p>Sy\u00f6tt\u00f6puolella vilja levitet\u00e4\u00e4n seulalle, jossa on poikittaisia \u200b\u200buria, joiden ansiosta siemenet voidaan puhdistaa ilman, ett\u00e4 sato putoaa seulan l\u00e4vitse. Ilma imet\u00e4\u00e4n seulan ja viljakerroksen l\u00e4pi samalla, kun p\u00f6ly ja akanat poistuvat ilman mukana. Ilmavirta voidaan s\u00e4\u00e4t\u00e4\u00e4 eri kasveille sopivaksi.<\/p>\n<p>Imu- ja poistoaukko on neli\u00f6m\u00e4inen ja kooltaan 180, 250 tai 300 mm liitett\u00e4v\u00e4ksi RK250-kanavaj\u00e4rjestelmiin (120\u2013150 tonnia\/h, Spiro 315). Puhallin on k\u00e4\u00e4nnett\u00e4viss\u00e4 360\u00b0, mik\u00e4 tarkoittaa, ett\u00e4 poistoaukko voidaan k\u00e4\u00e4nt\u00e4\u00e4 haluttuun suuntaan ilman taivutettuja kanavia. P\u00f6ly ja akanat voidaan siirt\u00e4\u00e4 noin 25 metrin et\u00e4isyydell\u00e4 olevaan sykloniin.[\/vc_column_text][\/vc_column][vc_column width=&#8221;1\/3&#8243;][vc_column_text]<strong>OMINAISUUDET<\/strong><br \/>\n\u2022 Valmistettu 2 mm:n sinkityst\u00e4 ter\u00e4slevyst\u00e4<br \/>\n\u2022 Varustettu ohjauslevyll\u00e4 materiaalikerroksen tasaamiseksi<br \/>\n\u2022 S\u00e4\u00e4dett\u00e4v\u00e4 imuteho<br \/>\n\u2022 Puhaltimen 360\u00b0 s\u00e4\u00e4t\u00f6<br \/>\n\u2022 Matala asennuskorkeus<\/p>\n<p><strong>LIS\u00c4VARUSTEET<\/strong><br \/>\n\u2022 S\u00e4\u00e4suoja<br \/>\n\u2022 Sykloni<br \/>\n\u2022 P\u00f6lys\u00e4ili\u00f6[\/vc_column_text][\/vc_column][\/vc_row]<\/p>\n<\/div>","protected":false},"excerpt":{"rendered":"<p>DC p\u00f6lynpoisto on kompakti, t\u00e4ysin integroitu, sinkityst\u00e4 ter\u00e4ksest\u00e4 valmistettu viljan puhdistusj\u00e4rjestelm\u00e4. Se on suunniteltu tehokkaaseen karkeaan puhdistukseen ja p\u00f6lyn, akanoiden ja kevyempien olkien erotteluun.<\/p>\n","protected":false},"featured_media":25006,"comment_status":"open","ping_status":"closed","template":"","meta":{"_acf_changed":false},"product_brand":[],"product_cat":[636,644,650,651],"product_tag":[672,673,655,653],"class_list":{"0":"post-25939","1":"product","2":"type-product","3":"status-publish","4":"has-post-thumbnail","6":"product_cat-all-products-fi","7":"product_cat-grain-fi","8":"product_cat-material-handling-fi","9":"product_cat-dust-separation-fi","10":"product_tag-cleaning-fi","11":"product_tag-dc-remover-fi","12":"product_tag-dust-fi","13":"product_tag-separation-fi","14":"description-off","16":"first","17":"instock","18":"shipping-taxable","19":"product-type-simple"},"acf":[],"_links":{"self":[{"href":"https:\/\/www.tornum.com\/fi\/wp-json\/wp\/v2\/product\/25939","targetHints":{"allow":["GET"]}}],"collection":[{"href":"https:\/\/www.tornum.com\/fi\/wp-json\/wp\/v2\/product"}],"about":[{"href":"https:\/\/www.tornum.com\/fi\/wp-json\/wp\/v2\/types\/product"}],"replies":[{"embeddable":true,"href":"https:\/\/www.tornum.com\/fi\/wp-json\/wp\/v2\/comments?post=25939"}],"version-history":[{"count":2,"href":"https:\/\/www.tornum.com\/fi\/wp-json\/wp\/v2\/product\/25939\/revisions"}],"predecessor-version":[{"id":25947,"href":"https:\/\/www.tornum.com\/fi\/wp-json\/wp\/v2\/product\/25939\/revisions\/25947"}],"wp:featuredmedia":[{"embeddable":true,"href":"https:\/\/www.tornum.com\/fi\/wp-json\/wp\/v2\/media\/25006"}],"wp:attachment":[{"href":"https:\/\/www.tornum.com\/fi\/wp-json\/wp\/v2\/media?parent=25939"}],"wp:term":[{"taxonomy":"product_brand","embeddable":true,"href":"https:\/\/www.tornum.com\/fi\/wp-json\/wp\/v2\/product_brand?post=25939"},{"taxonomy":"product_cat","embeddable":true,"href":"https:\/\/www.tornum.com\/fi\/wp-json\/wp\/v2\/product_cat?post=25939"},{"taxonomy":"product_tag","embeddable":true,"href":"https:\/\/www.tornum.com\/fi\/wp-json\/wp\/v2\/product_tag?post=25939"}],"curies":[{"name":"wp","href":"https:\/\/api.w.org\/{rel}","templated":true}]}}